{"id":3108,"date":"2026-05-08T13:16:28","date_gmt":"2026-05-08T10:16:28","guid":{"rendered":"https:\/\/elicsgroup.com\/produktas\/sroves-nuotekio-jungiklis-2p-25a-10ka-30ma-ac-hyundai-hrc63s2pg4s0000c00025g-2\/"},"modified":"2026-05-11T16:48:16","modified_gmt":"2026-05-11T13:48:16","slug":"sroves-nuotekio-jungiklis-2p-25a-10ka-30ma-ac-hyundai-hrc63s2pg4s0000c00025g-2","status":"publish","type":"product","link":"https:\/\/elicsgroup.com\/en\/produktas\/sroves-nuotekio-jungiklis-2p-25a-10ka-30ma-ac-hyundai-hrc63s2pg4s0000c00025g-2\/","title":{"rendered":"Srov\u0117s nuot\u0117kio jungiklis 2P 25A 10kA 30mA AC, HYUNDAI HRC63S2PG4S0000C00025G"},"content":{"rendered":"<p>Srov\u0117s nuot\u0117kio jungiklis 2P 25A 10kA 30mA AC, HYUNDAI HRC63S2PG4S0000C00025G<br \/>\nStandartai: IEC\/EN 61008-1<br \/>\nPoli\u0173 skai\u010dius: 2P<br \/>\nNominali srov\u0117 (In): 25 A<br \/>\nNominali \u012ftampa (Ue): AC 240\/415 V<br \/>\nNominalus da\u017enis: 50\/60 Hz<br \/>\nNominali trumpojo jungimo geba (Icn): 10 kA<br \/>\nTipas: AC<br \/>\nVardin\u0117 nuot\u0117kio srov\u0117: 30 mA<br \/>\nDarbin\u0117 temperat\u016bra: nuo -40 \u00b0C iki +55 \u00b0C<br \/>\nMontavimas: DIN b\u0117gelis (35 mm \u00d7 7,5 mm)<\/p>\n","protected":false},"excerpt":{"rendered":"<p>Patikimas ir kompakti\u0161kas Hyundai Electric HRC serijos nuot\u0117kio srov\u0117s jungikliai (RCCB) skirti \u017emoni\u0173 ir \u012frengini\u0173 apsaugai nuo elektros sm\u016bgio bei gaisro pavojaus<\/p>\n","protected":false},"featured_media":0,"menu_order":0,"comment_status":"open","ping_status":"closed","template":"","meta":{"_acf_changed":false},"product_brand":[],"product_cat":[133],"product_tag":[],"class_list":{"0":"post-3108","1":"product","2":"type-product","3":"status-publish","5":"product_cat-liekamosios-sroves-automatinis-jungiklis-rccb","7":"first","8":"outofstock","9":"shipping-taxable","10":"purchasable","11":"product-type-simple"},"acf":[],"_links":{"self":[{"href":"https:\/\/elicsgroup.com\/en\/wp-json\/wp\/v2\/product\/3108","targetHints":{"allow":["GET"]}}],"collection":[{"href":"https:\/\/elicsgroup.com\/en\/wp-json\/wp\/v2\/product"}],"about":[{"href":"https:\/\/elicsgroup.com\/en\/wp-json\/wp\/v2\/types\/product"}],"replies":[{"embeddable":true,"href":"https:\/\/elicsgroup.com\/en\/wp-json\/wp\/v2\/comments?post=3108"}],"wp:attachment":[{"href":"https:\/\/elicsgroup.com\/en\/wp-json\/wp\/v2\/media?parent=3108"}],"wp:term":[{"taxonomy":"product_brand","embeddable":true,"href":"https:\/\/elicsgroup.com\/en\/wp-json\/wp\/v2\/product_brand?post=3108"},{"taxonomy":"product_cat","embeddable":true,"href":"https:\/\/elicsgroup.com\/en\/wp-json\/wp\/v2\/product_cat?post=3108"},{"taxonomy":"product_tag","embeddable":true,"href":"https:\/\/elicsgroup.com\/en\/wp-json\/wp\/v2\/product_tag?post=3108"}],"curies":[{"name":"wp","href":"https:\/\/api.w.org\/{rel}","templated":true}]}}