{"id":2671,"date":"2026-01-08T11:38:24","date_gmt":"2026-01-08T09:38:24","guid":{"rendered":"https:\/\/elicsgroup.com\/?post_type=product&#038;p=2671"},"modified":"2026-01-08T13:23:57","modified_gmt":"2026-01-08T11:23:57","slug":"slegio-jutiklis-18-601g-0-0-1-bar-g-1-2-en-837-m12-jungtis","status":"publish","type":"product","link":"https:\/\/elicsgroup.com\/en\/produktas\/slegio-jutiklis-18-601g-0-0-1-bar-g-1-2-en-837-m12-jungtis\/","title":{"rendered":"Sl\u0117gio jutiklis 18.601G 0-0.1 bar, G 1\/2&#8243; EN 837, M12 jungtis"},"content":{"rendered":"<p>Gamintojo kodas: 1000-R-1-5-MBS-200-1-000<br \/>\nMatavimo diapazonas: 0-0.1 bar<br \/>\nAtsparumas vir\u0161sl\u0117giui: iki 1 bar<br \/>\nI\u0161vesties signalas: 4-20 mA<br \/>\nElektrin\u0117 jungtis: M12 x 1, 4 kontakt\u0173 (IP67) \u2013 be ki\u0161tuko<br \/>\nMechaninis pajungimas: G 1\/2&#8243; EN 837<br \/>\nLeistinos temperat\u016bros:<br \/>\nDarbin\u0117 temperat\u016bra (tikslus veikimas): 0\u202670 \u00b0C (paklaida ne didesn\u0117 kaip \u00b10,3 % kas 10 \u00b0C)<br \/>\nMatavimo terp\u0117 (skys\u010diai\/dujos): \u221225 \u2026 +125 \u00b0C<br \/>\nElektronikos veikimas: \u221225 \u2026 +85 \u00b0C<br \/>\nSand\u0117liavimas: \u221240 \u2026 +85 \u00b0C<\/p>\n<p>Neradote tinkamos komplektacijos? Para\u0161ykite mums \u2013 pad\u0117sime i\u0161sirinkti.<\/p>\n<p>Nuoroda \u012f technin\u0119 specifikacij\u0105:<a href=\"https:\/\/www.bdsensors.cz\/fileadmin\/user_upload\/Download\/kat_listy_datasheets\/18.601G_EN.pdf\" target=\"_blank\" rel=\"noopener\">https:\/\/www.bdsensors.cz\/fileadmin\/user_upload\/Download\/kat_listy_datasheets\/18.601G_EN.pdf<\/a><\/p>\n","protected":false},"excerpt":{"rendered":"<p>BD Sensors 18.601 G \u2013 tai patikima pramonin\u0117 sl\u0117gio keitikli\u0173 serija, skirta tiksliam skys\u010di\u0173 ir duj\u0173 sl\u0117gio matavimui \u012fvairiose technologin\u0117se sistemose. Platus sl\u0117gio diapazon\u0173, procesini\u0173 jung\u010di\u0173 ir elektrini\u0173 pajungim\u0173 pasirinkimas, tod\u0117l lengvai pritaikoma tiek standartin\u0117ms, tiek individualiems techniniams reikalavimams.<\/p>\n","protected":false},"featured_media":2616,"menu_order":0,"comment_status":"closed","ping_status":"closed","template":"","meta":{"_acf_changed":false},"product_brand":[],"product_cat":[97],"product_tag":[],"class_list":{"0":"post-2671","1":"product","2":"type-product","3":"status-publish","4":"has-post-thumbnail","6":"product_cat-slegio-jutikliai-siustuvai","8":"first","9":"onbackorder","10":"shipping-taxable","11":"purchasable","12":"product-type-simple"},"acf":[],"_links":{"self":[{"href":"https:\/\/elicsgroup.com\/en\/wp-json\/wp\/v2\/product\/2671","targetHints":{"allow":["GET"]}}],"collection":[{"href":"https:\/\/elicsgroup.com\/en\/wp-json\/wp\/v2\/product"}],"about":[{"href":"https:\/\/elicsgroup.com\/en\/wp-json\/wp\/v2\/types\/product"}],"replies":[{"embeddable":true,"href":"https:\/\/elicsgroup.com\/en\/wp-json\/wp\/v2\/comments?post=2671"}],"wp:featuredmedia":[{"embeddable":true,"href":"https:\/\/elicsgroup.com\/en\/wp-json\/wp\/v2\/media\/2616"}],"wp:attachment":[{"href":"https:\/\/elicsgroup.com\/en\/wp-json\/wp\/v2\/media?parent=2671"}],"wp:term":[{"taxonomy":"product_brand","embeddable":true,"href":"https:\/\/elicsgroup.com\/en\/wp-json\/wp\/v2\/product_brand?post=2671"},{"taxonomy":"product_cat","embeddable":true,"href":"https:\/\/elicsgroup.com\/en\/wp-json\/wp\/v2\/product_cat?post=2671"},{"taxonomy":"product_tag","embeddable":true,"href":"https:\/\/elicsgroup.com\/en\/wp-json\/wp\/v2\/product_tag?post=2671"}],"curies":[{"name":"wp","href":"https:\/\/api.w.org\/{rel}","templated":true}]}}