{"id":2665,"date":"2025-12-09T10:22:46","date_gmt":"2025-12-09T08:22:46","guid":{"rendered":"https:\/\/elicsgroup.com\/?post_type=product&#038;p=2665"},"modified":"2025-12-09T10:25:46","modified_gmt":"2025-12-09T08:25:46","slug":"dyzeliniai-generatoriai","status":"publish","type":"product","link":"https:\/\/elicsgroup.com\/en\/produktas\/dyzeliniai-generatoriai\/","title":{"rendered":"Dyzeliniai generatoriai"},"content":{"rendered":"<p>D\u0117l tinkamo produkto parinkimo susisiekite su m\u016bs\u0173 in\u017einieri\u0173 komand\u0105.<\/p>\n<p>Platus modeli\u0173 pasirinkimas nuo 20 kVA iki 1650 kVA<\/p>\n<p>Generatoriai gali b\u016bti komplektuojami su \u012fvairi\u0173 gamintoj\u0173 dyzeliniais varikliais, tod\u0117l galima pasirinkti sprendim\u0105, geriausiai atitinkant\u012f konkre\u010dius projekto reikalavimus ir naudotojo l\u016bkes\u010dius: Perkins, Bauduoin, YTO, SDEC, QIANNENG.<\/p>\n<p>Nuoroda \u012f dyzelini\u0173 generatori\u0173 katalog\u0105:<a href=\"https:\/\/tescomakademi.com\/katalog\/en\/Generator_Catalogue.pdf\" target=\"_blank\" rel=\"noopener\">https:\/\/tescomakademi.com\/katalog\/en\/Generator_Catalogue.pdf<\/a><\/p>\n","protected":false},"excerpt":{"rendered":"<p>TESCOM dyzeliniai generatoriai sukurti nuolatiniam arba atsarginiam maitinimui, su galios diapazonu nuo 20 kVA iki 1650 kVA. Generatoriai komplektuojami su patikimais dyzeliniais varikliais ir auk\u0161tos kokyb\u0117s alternatoriais. Visuose modeliuose integruota Datakom elektronin\u0117 valdymo ir apsaug\u0173 sistema, u\u017etikrinanti nuotolin\u012f paleidim\u0105, apsaug\u0105 nuo perkrovos, \u017eemos alyvos sl\u0117gio, auk\u0161tos temperat\u016bros ir variklio gedim\u0173. Galima komplektuoti su garso izoliaciniu \u201ecanopy\u201c korpusu darbui lauke ir triuk\u0161mo ma\u017einimui.<\/p>\n","protected":false},"featured_media":1596,"menu_order":0,"comment_status":"closed","ping_status":"closed","template":"","meta":{"_acf_changed":false},"product_brand":[],"product_cat":[70],"product_tag":[],"class_list":{"0":"post-2665","1":"product","2":"type-product","3":"status-publish","4":"has-post-thumbnail","6":"product_cat-dyzeliniai-generatoriai","8":"first","9":"onbackorder","10":"shipping-taxable","11":"product-type-simple"},"acf":[],"_links":{"self":[{"href":"https:\/\/elicsgroup.com\/en\/wp-json\/wp\/v2\/product\/2665","targetHints":{"allow":["GET"]}}],"collection":[{"href":"https:\/\/elicsgroup.com\/en\/wp-json\/wp\/v2\/product"}],"about":[{"href":"https:\/\/elicsgroup.com\/en\/wp-json\/wp\/v2\/types\/product"}],"replies":[{"embeddable":true,"href":"https:\/\/elicsgroup.com\/en\/wp-json\/wp\/v2\/comments?post=2665"}],"wp:featuredmedia":[{"embeddable":true,"href":"https:\/\/elicsgroup.com\/en\/wp-json\/wp\/v2\/media\/1596"}],"wp:attachment":[{"href":"https:\/\/elicsgroup.com\/en\/wp-json\/wp\/v2\/media?parent=2665"}],"wp:term":[{"taxonomy":"product_brand","embeddable":true,"href":"https:\/\/elicsgroup.com\/en\/wp-json\/wp\/v2\/product_brand?post=2665"},{"taxonomy":"product_cat","embeddable":true,"href":"https:\/\/elicsgroup.com\/en\/wp-json\/wp\/v2\/product_cat?post=2665"},{"taxonomy":"product_tag","embeddable":true,"href":"https:\/\/elicsgroup.com\/en\/wp-json\/wp\/v2\/product_tag?post=2665"}],"curies":[{"name":"wp","href":"https:\/\/api.w.org\/{rel}","templated":true}]}}