{"id":2622,"date":"2025-10-24T11:49:10","date_gmt":"2025-10-24T08:49:10","guid":{"rendered":"https:\/\/elicsgroup.com\/?post_type=product&#038;p=2622"},"modified":"2025-11-21T13:11:53","modified_gmt":"2025-11-21T11:11:53","slug":"slegio-jutiklis-17-600g-0-10-bar-g-1-2-en-837-din-jungtis","status":"publish","type":"product","link":"https:\/\/elicsgroup.com\/en\/produktas\/slegio-jutiklis-17-600g-0-10-bar-g-1-2-en-837-din-jungtis\/","title":{"rendered":"Sl\u0117gio jutiklis 17.600G 0-10 bar, G 1\/2&#8243; EN 837, DIN jungtis"},"content":{"rendered":"<p>Gamintojo kodas: 1002-R-1-5-100-200-2-000<br \/>\nMatavimo diapazonas: 0-10 bar<br \/>\nAtsparumas vir\u0161sl\u0117giui: iki 20 bar<br \/>\nI\u0161vesties signalas: 4-20 mA<br \/>\nElektrin\u0117 jungtis: ISO 4400 (IP65), ki\u0161tukas komplekte<br \/>\nMechaninis pajungimas: G 1\/2&#8243; EN 837<br \/>\n\u0160iluminiai efektai (nulio poslinkis ir matavimo sritis) \/ Leistinos temperat\u016bros:<br \/>\nDarbin\u0117 temperat\u016bra (tikslus veikimas): 0\u202670 \u00b0C (paklaida ne didesn\u0117 kaip \u00b10,3 % kas 10 \u00b0C)<br \/>\nMatavimo terp\u0117 (skys\u010diai\/dujos): \u221240 \u2026 +125 \u00b0C<br \/>\nAplinkos \/ elektronikos veikimas: \u221240 \u2026 +85 \u00b0C<br \/>\nSand\u0117liavimas: \u221240 \u2026 +85 \u00b0C<\/p>\n<p>Neradote tinkamos komplektacijos? Para\u0161ykite mums \u2013 pad\u0117sime i\u0161sirinkti.<\/p>\n<p>Nuoroda \u012f technin\u0119 specifikacij\u0105:\u00a0<a href=\"https:\/\/www.bdsensors.cz\/fileadmin\/user_upload\/Download\/kat_listy_datasheets\/17.600G_EN.pdf\" target=\"_blank\" rel=\"noopener\">https:\/\/www.bdsensors.cz\/fileadmin\/user_upload\/Download\/kat_listy_datasheets\/17.600G_EN.pdf<\/a><\/p>\n","protected":false},"excerpt":{"rendered":"<p>Tai tvirtas ir ilgaam\u017eis sl\u0117gio si\u0173stuvas, sukurtas darbui pramon\u0117je. Ner\u016bdijan\u010dio plieno konstrukcija ir atsparumas vibracijai, bei temperat\u016br\u0173 svyravimams u\u017etikrina patikim\u0105 veikim\u0105 net ir at\u0161iauriomis s\u0105lygomis.<\/p>\n","protected":false},"featured_media":2619,"menu_order":2,"comment_status":"open","ping_status":"closed","template":"","meta":{"_acf_changed":false},"product_brand":[],"product_cat":[97],"product_tag":[],"class_list":{"0":"post-2622","1":"product","2":"type-product","3":"status-publish","4":"has-post-thumbnail","6":"product_cat-slegio-jutikliai-siustuvai","8":"first","9":"onbackorder","10":"shipping-taxable","11":"purchasable","12":"product-type-simple"},"acf":[],"_links":{"self":[{"href":"https:\/\/elicsgroup.com\/en\/wp-json\/wp\/v2\/product\/2622","targetHints":{"allow":["GET"]}}],"collection":[{"href":"https:\/\/elicsgroup.com\/en\/wp-json\/wp\/v2\/product"}],"about":[{"href":"https:\/\/elicsgroup.com\/en\/wp-json\/wp\/v2\/types\/product"}],"replies":[{"embeddable":true,"href":"https:\/\/elicsgroup.com\/en\/wp-json\/wp\/v2\/comments?post=2622"}],"wp:featuredmedia":[{"embeddable":true,"href":"https:\/\/elicsgroup.com\/en\/wp-json\/wp\/v2\/media\/2619"}],"wp:attachment":[{"href":"https:\/\/elicsgroup.com\/en\/wp-json\/wp\/v2\/media?parent=2622"}],"wp:term":[{"taxonomy":"product_brand","embeddable":true,"href":"https:\/\/elicsgroup.com\/en\/wp-json\/wp\/v2\/product_brand?post=2622"},{"taxonomy":"product_cat","embeddable":true,"href":"https:\/\/elicsgroup.com\/en\/wp-json\/wp\/v2\/product_cat?post=2622"},{"taxonomy":"product_tag","embeddable":true,"href":"https:\/\/elicsgroup.com\/en\/wp-json\/wp\/v2\/product_tag?post=2622"}],"curies":[{"name":"wp","href":"https:\/\/api.w.org\/{rel}","templated":true}]}}