{"id":2609,"date":"2025-10-23T14:47:48","date_gmt":"2025-10-23T11:47:48","guid":{"rendered":"https:\/\/elicsgroup.com\/?post_type=product&#038;p=2609"},"modified":"2025-10-23T16:52:08","modified_gmt":"2025-10-23T13:52:08","slug":"hidrostatinis-lygio-jutiklis-lmk-382-0-6-mh%e2%82%82o-o-395-diametro","status":"publish","type":"product","link":"https:\/\/elicsgroup.com\/en\/produktas\/hidrostatinis-lygio-jutiklis-lmk-382-0-6-mh%e2%82%82o-o-395-diametro\/","title":{"rendered":"Hidrostatinis lygio jutiklis LMK 382, 0-6 mH\u2082O (\u00d8 39,5 diametro)"},"content":{"rendered":"<p>Gamintojo kodas: 566-6000-1-2-1-1-2-3-010-000<br \/>\nMatavimo diapazonas: 0&#8230;6 mH\u2082O<br \/>\nI\u0161\u0117jimo signalas: 4\u201320 mA (dviej\u0173 laid\u0173 sistema)<br \/>\nMaitinimas: 9\u201332 V DC<br \/>\nTikslumas: \u00b10,35 % (galima opcija: \u00b10,25 %)<br \/>\nTemperat\u016bros diapazonas: \u201325 \u00b0C iki +80 \u00b0C<br \/>\nApsaugos klas\u0117: IP68<br \/>\nSkersmuo: 39,5 mm<br \/>\nMed\u017eiagos<br \/>\nKorpusas: ner\u016bdijantis plienas 1.4404 (316L); galima opcija &#8211; CuNi10Fe1Mn vario-nikelio lydinys atsparus j\u016bros vandens korozijai.<br \/>\nDiafragma: keramika Al\u2082O\u2083 96\u202f%; galima opcija &#8211; Al\u2082O\u2083 99\u202f% <br \/>\nSandarinimo med\u017eiaga: viton (FKM)<br \/>\nKabelis: 10 m, PUR, atsparus UV ir mechaniniam poveikiui<\/p>\n<p>Neradote tinkamos komplektacijos? Para\u0161ykite mums \u2013 pad\u0117sime i\u0161sirinkti.<\/p>\n<p>Nuoroda \u012f technin\u0119 specifikacij\u0105:\u00a0<a href=\"https:\/\/www.bdsensors.de\/fileadmin\/user_upload\/Download\/Datenblaetter_datasheets\/DB_LMK382_E.pdf\" target=\"_blank\" rel=\"noopener\">https:\/\/www.bdsensors.de\/fileadmin\/user_upload\/Download\/Datenblaetter_datasheets\/DB_LMK382_E.pdf<\/a><\/p>\n","protected":false},"excerpt":{"rendered":"<p>LMK 382 serijos jutikliai skirti nuolatiniam skys\u010di\u0173 lygio matavimui \u012fvairiose aplinkose, tokiose kaip nuotekos, dumblas, klamp\u016bs ir u\u017eter\u0161ti skys\u010diai. Jutiklio pagrind\u0105 sudaro keraminis sensorius, pasi\u017eymintis dideliu atsparumu perkrovoms ir cheminiam poveikiui.<\/p>\n","protected":false},"featured_media":2605,"menu_order":0,"comment_status":"open","ping_status":"closed","template":"","meta":{"_acf_changed":false},"product_brand":[],"product_cat":[96],"product_tag":[],"class_list":{"0":"post-2609","1":"product","2":"type-product","3":"status-publish","4":"has-post-thumbnail","6":"product_cat-hidrostatiniai-slegio-jutikliai","8":"first","9":"onbackorder","10":"shipping-taxable","11":"purchasable","12":"product-type-simple"},"acf":[],"_links":{"self":[{"href":"https:\/\/elicsgroup.com\/en\/wp-json\/wp\/v2\/product\/2609","targetHints":{"allow":["GET"]}}],"collection":[{"href":"https:\/\/elicsgroup.com\/en\/wp-json\/wp\/v2\/product"}],"about":[{"href":"https:\/\/elicsgroup.com\/en\/wp-json\/wp\/v2\/types\/product"}],"replies":[{"embeddable":true,"href":"https:\/\/elicsgroup.com\/en\/wp-json\/wp\/v2\/comments?post=2609"}],"wp:featuredmedia":[{"embeddable":true,"href":"https:\/\/elicsgroup.com\/en\/wp-json\/wp\/v2\/media\/2605"}],"wp:attachment":[{"href":"https:\/\/elicsgroup.com\/en\/wp-json\/wp\/v2\/media?parent=2609"}],"wp:term":[{"taxonomy":"product_brand","embeddable":true,"href":"https:\/\/elicsgroup.com\/en\/wp-json\/wp\/v2\/product_brand?post=2609"},{"taxonomy":"product_cat","embeddable":true,"href":"https:\/\/elicsgroup.com\/en\/wp-json\/wp\/v2\/product_cat?post=2609"},{"taxonomy":"product_tag","embeddable":true,"href":"https:\/\/elicsgroup.com\/en\/wp-json\/wp\/v2\/product_tag?post=2609"}],"curies":[{"name":"wp","href":"https:\/\/api.w.org\/{rel}","templated":true}]}}