{"id":2597,"date":"2025-10-23T13:05:07","date_gmt":"2025-10-23T10:05:07","guid":{"rendered":"https:\/\/elicsgroup.com\/?post_type=product&#038;p=2597"},"modified":"2025-10-23T13:26:30","modified_gmt":"2025-10-23T10:26:30","slug":"hidrostatinis-lygio-jutiklis-lmk-307-0-4-mh%e2%82%82o-su-10-m-kabeliu","status":"publish","type":"product","link":"https:\/\/elicsgroup.com\/en\/produktas\/hidrostatinis-lygio-jutiklis-lmk-307-0-4-mh%e2%82%82o-su-10-m-kabeliu\/","title":{"rendered":"Hidrostatinis lygio jutiklis LMK 307, 0-4 mH\u2082O, 10 m kabelis"},"content":{"rendered":"<p>Gamintojo kodas: 381-4000-1-2-1-1-5-2-010-000<br \/>\nMatavimo diapazonas: 0&#8230;4 mH\u2082O<br \/>\nI\u0161\u0117jimo signalas: 4\u201320 mA (dviej\u0173 laid\u0173 sistema)<br \/>\nMaitinimas: 8\u201332 V DC<br \/>\nTikslumas: \u00b10,5 % <br \/>\nTemperat\u016bros diapazonas: \u201320 \u00b0C iki +80 \u00b0C<br \/>\nApsaugos klas\u0117: IP68<br \/>\nMed\u017eiagos<br \/>\nKorpusas: ner\u016bdijantis plienas 1.4404 (316L);<br \/>\nDiafragma: keramika Al\u2082O\u2083 96\u202f%<br \/>\nSandarinimo med\u017eiaga: viton (FKM)<br \/>\nKabelis: 10 m, PUR, atsparus UV ir mechaniniam poveikiui<\/p>\n<p>Neradote tinkamos komplektacijos? Para\u0161ykite mums \u2013 pad\u0117sime i\u0161sirinkti.<\/p>\n<p>Nuoroda \u012f technin\u0119 specifikacij\u0105:\u00a0<a href=\"https:\/\/www.bdsensors.de\/fileadmin\/user_upload\/Download\/Datenblaetter_datasheets\/DB_LMK307_E.pdf\" target=\"_blank\" rel=\"noopener\">https:\/\/www.bdsensors.de\/fileadmin\/user_upload\/Download\/Datenblaetter_datasheets\/DB_LMK307_E.pdf<\/a><\/p>\n<p>&nbsp;<\/p>\n","protected":false},"excerpt":{"rendered":"<p>LMK 307 \u2013 tai auk\u0161tos kokyb\u0117s panardinamas lygio jutiklis su keraminiu jutikliu, skirtas nuolatiniam skys\u010di\u0173 lygio matavimui agresyviose ir u\u017eter\u0161tose terp\u0117se.<\/p>\n","protected":false},"featured_media":2600,"menu_order":0,"comment_status":"open","ping_status":"closed","template":"","meta":{"_acf_changed":false},"product_brand":[],"product_cat":[96],"product_tag":[],"class_list":{"0":"post-2597","1":"product","2":"type-product","3":"status-publish","4":"has-post-thumbnail","6":"product_cat-hidrostatiniai-slegio-jutikliai","8":"first","9":"onbackorder","10":"shipping-taxable","11":"purchasable","12":"product-type-simple"},"acf":[],"_links":{"self":[{"href":"https:\/\/elicsgroup.com\/en\/wp-json\/wp\/v2\/product\/2597","targetHints":{"allow":["GET"]}}],"collection":[{"href":"https:\/\/elicsgroup.com\/en\/wp-json\/wp\/v2\/product"}],"about":[{"href":"https:\/\/elicsgroup.com\/en\/wp-json\/wp\/v2\/types\/product"}],"replies":[{"embeddable":true,"href":"https:\/\/elicsgroup.com\/en\/wp-json\/wp\/v2\/comments?post=2597"}],"wp:featuredmedia":[{"embeddable":true,"href":"https:\/\/elicsgroup.com\/en\/wp-json\/wp\/v2\/media\/2600"}],"wp:attachment":[{"href":"https:\/\/elicsgroup.com\/en\/wp-json\/wp\/v2\/media?parent=2597"}],"wp:term":[{"taxonomy":"product_brand","embeddable":true,"href":"https:\/\/elicsgroup.com\/en\/wp-json\/wp\/v2\/product_brand?post=2597"},{"taxonomy":"product_cat","embeddable":true,"href":"https:\/\/elicsgroup.com\/en\/wp-json\/wp\/v2\/product_cat?post=2597"},{"taxonomy":"product_tag","embeddable":true,"href":"https:\/\/elicsgroup.com\/en\/wp-json\/wp\/v2\/product_tag?post=2597"}],"curies":[{"name":"wp","href":"https:\/\/api.w.org\/{rel}","templated":true}]}}