{"id":2587,"date":"2025-10-20T11:01:26","date_gmt":"2025-10-20T08:01:26","guid":{"rendered":"https:\/\/elicsgroup.com\/?post_type=product&#038;p=2587"},"modified":"2025-10-23T13:22:39","modified_gmt":"2025-10-23T10:22:39","slug":"hidrostatinis-lygio-jutiklis-lmp-307-0-1-6-mh%e2%82%82o","status":"publish","type":"product","link":"https:\/\/elicsgroup.com\/en\/produktas\/hidrostatinis-lygio-jutiklis-lmp-307-0-1-6-mh%e2%82%82o\/","title":{"rendered":"Hidrostatinis lygio jutiklis LMP 307, 0-1.6 mH\u2082O, 10 m kabelis"},"content":{"rendered":"<p>Gamintojo kodas: 451-1600-1-1-1-1-3-2-010-000<br \/>\nMatavimo diapazonas: 0&#8230;1.6 mH\u2082O<br \/>\nI\u0161\u0117jimo signalas: 4\u201320 mA (dviej\u0173 laid\u0173 sistema)<br \/>\nMaitinimas: 8\u201332 V DC<br \/>\nTikslumas: standartinis \u00b10,35 %; (galima opcija: \u00b10,25 %)<br \/>\nTemperat\u016bros diapazonas: \u201320 \u00b0C iki +80 \u00b0C<br \/>\nApsaugos klas\u0117: IP68<br \/>\nMed\u017eiagos<br \/>\nKorpusas ir diafragma &#8211; ner\u016bdijantis plienas 1.4404 (316L);<br \/>\nSandarinimo med\u017eiaga &#8211; Viton (FKM)<br \/>\nKabelis: 10 m, PUR, atsparus UV ir mechaniniam poveikiui<\/p>\n<p>Neradote tinkamos komplektacijos? Para\u0161ykite mums \u2013 pad\u0117sime i\u0161sirinkti.<\/p>\n<p>Nuoroda \u012f technin\u0119 specifikacij\u0105:\u00a0<a href=\"https:\/\/www.bdsensors.de\/fileadmin\/user_upload\/Download\/Datenblaetter_datasheets\/DB_LMP307_E.pdf\" target=\"_blank\" rel=\"noopener\">https:\/\/www.bdsensors.de\/fileadmin\/user_upload\/Download\/Datenblaetter_datasheets\/DB_LMP307_E.pdf<\/a><\/p>\n","protected":false},"excerpt":{"rendered":"<p>Tai patikimas ir tikslus ner\u016bdijan\u010dio plieno jutiklis, skirtas nuolatiniam skys\u010di\u0173 lygio matavimui \u012fvairiose talpose ir rezervuaruose. Puikiai tinka naudoti tiek \u0161variuose, tiek lengvai u\u017eter\u0161tuose skys\u010diuose \u2013 nuo geriamojo vandens iki pramonini\u0173 skys\u010di\u0173 ar naftos produkt\u0173. D\u0117l kompakti\u0161ko dizaino ir auk\u0161tos kokyb\u0117s med\u017eiag\u0173, \u0161is jutiklis u\u017etikrina ilgalaik\u012f veikim\u0105 net sud\u0117tingomis s\u0105lygomis.<\/p>\n","protected":false},"featured_media":2585,"menu_order":0,"comment_status":"open","ping_status":"closed","template":"","meta":{"_acf_changed":false},"product_brand":[],"product_cat":[96],"product_tag":[],"class_list":{"0":"post-2587","1":"product","2":"type-product","3":"status-publish","4":"has-post-thumbnail","6":"product_cat-hidrostatiniai-slegio-jutikliai","8":"first","9":"onbackorder","10":"shipping-taxable","11":"purchasable","12":"product-type-simple"},"acf":[],"_links":{"self":[{"href":"https:\/\/elicsgroup.com\/en\/wp-json\/wp\/v2\/product\/2587","targetHints":{"allow":["GET"]}}],"collection":[{"href":"https:\/\/elicsgroup.com\/en\/wp-json\/wp\/v2\/product"}],"about":[{"href":"https:\/\/elicsgroup.com\/en\/wp-json\/wp\/v2\/types\/product"}],"replies":[{"embeddable":true,"href":"https:\/\/elicsgroup.com\/en\/wp-json\/wp\/v2\/comments?post=2587"}],"wp:featuredmedia":[{"embeddable":true,"href":"https:\/\/elicsgroup.com\/en\/wp-json\/wp\/v2\/media\/2585"}],"wp:attachment":[{"href":"https:\/\/elicsgroup.com\/en\/wp-json\/wp\/v2\/media?parent=2587"}],"wp:term":[{"taxonomy":"product_brand","embeddable":true,"href":"https:\/\/elicsgroup.com\/en\/wp-json\/wp\/v2\/product_brand?post=2587"},{"taxonomy":"product_cat","embeddable":true,"href":"https:\/\/elicsgroup.com\/en\/wp-json\/wp\/v2\/product_cat?post=2587"},{"taxonomy":"product_tag","embeddable":true,"href":"https:\/\/elicsgroup.com\/en\/wp-json\/wp\/v2\/product_tag?post=2587"}],"curies":[{"name":"wp","href":"https:\/\/api.w.org\/{rel}","templated":true}]}}