{"id":2546,"date":"2025-09-26T14:16:00","date_gmt":"2025-09-26T11:16:00","guid":{"rendered":"https:\/\/elicsgroup.com\/?post_type=product&#038;p=2546"},"modified":"2025-09-26T14:22:07","modified_gmt":"2025-09-26T11:22:07","slug":"ekranas-pqs-mt-01","status":"publish","type":"product","link":"https:\/\/elicsgroup.com\/en\/produktas\/ekranas-pqs-mt-01\/","title":{"rendered":"Ekranas PQS-MT-01"},"content":{"rendered":"<p>Montavimo tipas: skydinis (panelinis) montavimas<br \/>\nMatmenys: 96 \u00d7 48 \u00d7 135 mm<br \/>\nMaitinimas: AC\/DC 85\u2013265 V, plataus \u012ftampos diapazono \u012f\u0117jimas<br \/>\nKomunikacijos s\u0105saja: 2 komplektai RS485 \/ Modbus RTU (1 Master, 1 Slave)<\/p>\n<p>Instaliacij\u0173 pavyzd\u017eiai:<a href=\"https:\/\/pqsense.com.tw\/installation-cases\/\" target=\"_blank\" rel=\"noopener\">https:\/\/pqsense.com.tw\/installation-cases\/<\/a><\/p>\n","protected":false},"excerpt":{"rendered":"<p>Temperat\u016bros indikatorius, sukurtas dirbti kartu su PQSense belaid\u017ei\u0173 RFID temperat\u016bros jutikli\u0173 sistema. \u012erenginys realiu laiku renka ir rodo temperat\u016bros duomenis i\u0161 prijungt\u0173 jutikli\u0173, leid\u017eiant efektyviai steb\u0117ti elektros \u012frang\u0105 ar pramoninius procesus.<br \/>\nKompakti\u0161kas dizainas, patogus montavimas ir suderinamumas su Modbus RTU ry\u0161iu u\u017etikrina greit\u0105 integracij\u0105 \u012f pramonines steb\u0117jimo bei automatizavimo sistemas.<\/p>\n","protected":false},"featured_media":2547,"menu_order":0,"comment_status":"open","ping_status":"closed","template":"","meta":{"_acf_changed":false},"product_brand":[],"product_cat":[93],"product_tag":[],"class_list":{"0":"post-2546","1":"product","2":"type-product","3":"status-publish","4":"has-post-thumbnail","6":"product_cat-pqsense-rfid-temperaturos-monitoringo-sprendimai","8":"first","9":"onbackorder","10":"shipping-taxable","11":"purchasable","12":"product-type-simple"},"acf":[],"_links":{"self":[{"href":"https:\/\/elicsgroup.com\/en\/wp-json\/wp\/v2\/product\/2546","targetHints":{"allow":["GET"]}}],"collection":[{"href":"https:\/\/elicsgroup.com\/en\/wp-json\/wp\/v2\/product"}],"about":[{"href":"https:\/\/elicsgroup.com\/en\/wp-json\/wp\/v2\/types\/product"}],"replies":[{"embeddable":true,"href":"https:\/\/elicsgroup.com\/en\/wp-json\/wp\/v2\/comments?post=2546"}],"wp:featuredmedia":[{"embeddable":true,"href":"https:\/\/elicsgroup.com\/en\/wp-json\/wp\/v2\/media\/2547"}],"wp:attachment":[{"href":"https:\/\/elicsgroup.com\/en\/wp-json\/wp\/v2\/media?parent=2546"}],"wp:term":[{"taxonomy":"product_brand","embeddable":true,"href":"https:\/\/elicsgroup.com\/en\/wp-json\/wp\/v2\/product_brand?post=2546"},{"taxonomy":"product_cat","embeddable":true,"href":"https:\/\/elicsgroup.com\/en\/wp-json\/wp\/v2\/product_cat?post=2546"},{"taxonomy":"product_tag","embeddable":true,"href":"https:\/\/elicsgroup.com\/en\/wp-json\/wp\/v2\/product_tag?post=2546"}],"curies":[{"name":"wp","href":"https:\/\/api.w.org\/{rel}","templated":true}]}}