{"id":2540,"date":"2025-09-26T14:03:39","date_gmt":"2025-09-26T11:03:39","guid":{"rendered":"https:\/\/elicsgroup.com\/?post_type=product&#038;p=2540"},"modified":"2025-09-26T14:06:40","modified_gmt":"2025-09-26T11:06:40","slug":"antena-pqs-an-25w25","status":"publish","type":"product","link":"https:\/\/elicsgroup.com\/en\/produktas\/antena-pqs-an-25w25\/","title":{"rendered":"Antena PQS-AN-25W25"},"content":{"rendered":"<p>Jungtis: SMA (male)<br \/>\nMatmenys: 260 \u00d7 260 \u00d7 40 mm<br \/>\nMontavimo tipas: magnetinis arba var\u017etinis tvirtinimas<br \/>\nDarbin\u0117 temperat\u016bra: \u201320 \u2103 iki +85 \u2103<br \/>\nPoliarizacija: apvali<br \/>\nSignalo stiprumas: 9 dBi<\/p>\n<p>Instaliacij\u0173 pavyzd\u017eiai:<a href=\"https:\/\/pqsense.com.tw\/installation-cases\/\" target=\"_blank\" rel=\"noopener\">https:\/\/pqsense.com.tw\/installation-cases\/<\/a><\/p>\n","protected":false},"excerpt":{"rendered":"<p>Auk\u0161tos kokyb\u0117s RFID antena, skirta belaid\u017eiam jutikli\u0173 skaitymui ir komunikacijai su skaitytuvu (reader) per RFID ry\u0161\u012f.<\/p>\n","protected":false},"featured_media":2541,"menu_order":0,"comment_status":"open","ping_status":"closed","template":"","meta":{"_acf_changed":false},"product_brand":[],"product_cat":[93],"product_tag":[],"class_list":{"0":"post-2540","1":"product","2":"type-product","3":"status-publish","4":"has-post-thumbnail","6":"product_cat-pqsense-rfid-temperaturos-monitoringo-sprendimai","8":"first","9":"onbackorder","10":"shipping-taxable","11":"purchasable","12":"product-type-simple"},"acf":[],"_links":{"self":[{"href":"https:\/\/elicsgroup.com\/en\/wp-json\/wp\/v2\/product\/2540","targetHints":{"allow":["GET"]}}],"collection":[{"href":"https:\/\/elicsgroup.com\/en\/wp-json\/wp\/v2\/product"}],"about":[{"href":"https:\/\/elicsgroup.com\/en\/wp-json\/wp\/v2\/types\/product"}],"replies":[{"embeddable":true,"href":"https:\/\/elicsgroup.com\/en\/wp-json\/wp\/v2\/comments?post=2540"}],"wp:featuredmedia":[{"embeddable":true,"href":"https:\/\/elicsgroup.com\/en\/wp-json\/wp\/v2\/media\/2541"}],"wp:attachment":[{"href":"https:\/\/elicsgroup.com\/en\/wp-json\/wp\/v2\/media?parent=2540"}],"wp:term":[{"taxonomy":"product_brand","embeddable":true,"href":"https:\/\/elicsgroup.com\/en\/wp-json\/wp\/v2\/product_brand?post=2540"},{"taxonomy":"product_cat","embeddable":true,"href":"https:\/\/elicsgroup.com\/en\/wp-json\/wp\/v2\/product_cat?post=2540"},{"taxonomy":"product_tag","embeddable":true,"href":"https:\/\/elicsgroup.com\/en\/wp-json\/wp\/v2\/product_tag?post=2540"}],"curies":[{"name":"wp","href":"https:\/\/api.w.org\/{rel}","templated":true}]}}