{"id":2534,"date":"2025-09-26T13:55:47","date_gmt":"2025-09-26T10:55:47","guid":{"rendered":"https:\/\/elicsgroup.com\/?post_type=product&#038;p=2534"},"modified":"2025-09-26T13:58:48","modified_gmt":"2025-09-26T10:58:48","slug":"temperaturos-jutiklis-pqs-sr-11","status":"publish","type":"product","link":"https:\/\/elicsgroup.com\/en\/produktas\/temperaturos-jutiklis-pqs-sr-11\/","title":{"rendered":"Temperat\u016bros jutiklis PQS-SR-11"},"content":{"rendered":"<p>Savyb\u0117s: pasyvus belaidis RFID temperat\u016bros jutiklis<br \/>\nTikslumas: \u00b12 \u2103<br \/>\nMatmenys:<br \/>\n\u2013 Jutiklis: 10 x 5 x 3 mm<br \/>\n\u2013 Ver\u017el\u0117: 20 x 23 x 13 mm (M12)<br \/>\nMontavimo tipas: \u012fsukamas var\u017etu<br \/>\nSkaitymo atstumas: 0,8 metro<br \/>\nMatavimo diapazonas: -20 \uff5e +125 \u2103<\/p>\n<p>Instaliacij\u0173 pavyzd\u017eiai:<a href=\"https:\/\/pqsense.com.tw\/installation-cases\/\" target=\"_blank\" rel=\"noopener\">https:\/\/pqsense.com.tw\/installation-cases\/<\/a><\/p>\n","protected":false},"excerpt":{"rendered":"<p>Pramoninis belaidis jutiklis, skirtas elektros \u012frangos temperat\u016bros steb\u0117jimui. Naudoja pa\u017eangi\u0105 RFID technologij\u0105, u\u017etikrinan\u010di\u0105 patikimus matavimus sud\u0117tingose darbo s\u0105lygose.<\/p>\n","protected":false},"featured_media":2535,"menu_order":0,"comment_status":"open","ping_status":"closed","template":"","meta":{"_acf_changed":false},"product_brand":[],"product_cat":[93],"product_tag":[],"class_list":{"0":"post-2534","1":"product","2":"type-product","3":"status-publish","4":"has-post-thumbnail","6":"product_cat-pqsense-rfid-temperaturos-monitoringo-sprendimai","8":"first","9":"onbackorder","10":"shipping-taxable","11":"purchasable","12":"product-type-simple"},"acf":[],"_links":{"self":[{"href":"https:\/\/elicsgroup.com\/en\/wp-json\/wp\/v2\/product\/2534","targetHints":{"allow":["GET"]}}],"collection":[{"href":"https:\/\/elicsgroup.com\/en\/wp-json\/wp\/v2\/product"}],"about":[{"href":"https:\/\/elicsgroup.com\/en\/wp-json\/wp\/v2\/types\/product"}],"replies":[{"embeddable":true,"href":"https:\/\/elicsgroup.com\/en\/wp-json\/wp\/v2\/comments?post=2534"}],"wp:featuredmedia":[{"embeddable":true,"href":"https:\/\/elicsgroup.com\/en\/wp-json\/wp\/v2\/media\/2535"}],"wp:attachment":[{"href":"https:\/\/elicsgroup.com\/en\/wp-json\/wp\/v2\/media?parent=2534"}],"wp:term":[{"taxonomy":"product_brand","embeddable":true,"href":"https:\/\/elicsgroup.com\/en\/wp-json\/wp\/v2\/product_brand?post=2534"},{"taxonomy":"product_cat","embeddable":true,"href":"https:\/\/elicsgroup.com\/en\/wp-json\/wp\/v2\/product_cat?post=2534"},{"taxonomy":"product_tag","embeddable":true,"href":"https:\/\/elicsgroup.com\/en\/wp-json\/wp\/v2\/product_tag?post=2534"}],"curies":[{"name":"wp","href":"https:\/\/api.w.org\/{rel}","templated":true}]}}