{"id":2528,"date":"2025-09-26T13:48:51","date_gmt":"2025-09-26T10:48:51","guid":{"rendered":"https:\/\/elicsgroup.com\/?post_type=product&#038;p=2528"},"modified":"2025-09-26T13:51:51","modified_gmt":"2025-09-26T10:51:51","slug":"temperaturos-jutiklis-pqs-sr-04","status":"publish","type":"product","link":"https:\/\/elicsgroup.com\/en\/produktas\/temperaturos-jutiklis-pqs-sr-04\/","title":{"rendered":"Temperat\u016bros jutiklis PQS-SR-04"},"content":{"rendered":"<p>Savyb\u0117s: pasyvus belaidis RFID temperat\u016bros jutiklis<br \/>\nTikslumas: \u00b12 \u2103<br \/>\nMatmenys: 47 x 25 x 2 mm<br \/>\nMontavimo tipas: var\u017etas<br \/>\nSkaitymo atstumas: ~2-3 metrai<br \/>\nMatavimo diapazonas: -20 \uff5e +125 \u2103<\/p>\n","protected":false},"excerpt":{"rendered":"<p>Pramoninis belaidis jutiklis, skirtas elektros \u012frangos temperat\u016bros steb\u0117jimui. Naudoja pa\u017eangi\u0105 RFID technologij\u0105, u\u017etikrinan\u010di\u0105 patikimus matavimus sud\u0117tingose darbo s\u0105lygose.<\/p>\n","protected":false},"featured_media":2529,"menu_order":0,"comment_status":"open","ping_status":"closed","template":"","meta":{"_acf_changed":false},"product_brand":[],"product_cat":[93],"product_tag":[],"class_list":{"0":"post-2528","1":"product","2":"type-product","3":"status-publish","4":"has-post-thumbnail","6":"product_cat-pqsense-rfid-temperaturos-monitoringo-sprendimai","8":"first","9":"instock","10":"shipping-taxable","11":"purchasable","12":"product-type-simple"},"acf":[],"_links":{"self":[{"href":"https:\/\/elicsgroup.com\/en\/wp-json\/wp\/v2\/product\/2528","targetHints":{"allow":["GET"]}}],"collection":[{"href":"https:\/\/elicsgroup.com\/en\/wp-json\/wp\/v2\/product"}],"about":[{"href":"https:\/\/elicsgroup.com\/en\/wp-json\/wp\/v2\/types\/product"}],"replies":[{"embeddable":true,"href":"https:\/\/elicsgroup.com\/en\/wp-json\/wp\/v2\/comments?post=2528"}],"wp:featuredmedia":[{"embeddable":true,"href":"https:\/\/elicsgroup.com\/en\/wp-json\/wp\/v2\/media\/2529"}],"wp:attachment":[{"href":"https:\/\/elicsgroup.com\/en\/wp-json\/wp\/v2\/media?parent=2528"}],"wp:term":[{"taxonomy":"product_brand","embeddable":true,"href":"https:\/\/elicsgroup.com\/en\/wp-json\/wp\/v2\/product_brand?post=2528"},{"taxonomy":"product_cat","embeddable":true,"href":"https:\/\/elicsgroup.com\/en\/wp-json\/wp\/v2\/product_cat?post=2528"},{"taxonomy":"product_tag","embeddable":true,"href":"https:\/\/elicsgroup.com\/en\/wp-json\/wp\/v2\/product_tag?post=2528"}],"curies":[{"name":"wp","href":"https:\/\/api.w.org\/{rel}","templated":true}]}}