{"id":2522,"date":"2025-09-26T13:40:56","date_gmt":"2025-09-26T10:40:56","guid":{"rendered":"https:\/\/elicsgroup.com\/?post_type=product&#038;p=2522"},"modified":"2025-09-26T13:43:56","modified_gmt":"2025-09-26T10:43:56","slug":"temperaturos-jutiklis-pqs-sr-02","status":"publish","type":"product","link":"https:\/\/elicsgroup.com\/en\/produktas\/temperaturos-jutiklis-pqs-sr-02\/","title":{"rendered":"Temperat\u016bros jutiklis PQS-SR-02"},"content":{"rendered":"<p>Savyb\u0117s: pasyvus belaidis RFID temperat\u016bros jutiklis<br \/>\nTikslumas: \u00b12\u202f\u2103<br \/>\nMatmenys: 14 x 9 x 4 mm<br \/>\nMontavimo tipas: kabeli\u0173 tvirtinimo dir\u017eeliai<br \/>\nSkaitymo atstumas: ~1 metras<br \/>\nMatavimo diapazonas: -20 \uff5e +125\u202f\u2103<\/p>\n<p>Instaliacij\u0173 pavyzd\u017eiai:<a href=\"https:\/\/pqsense.com.tw\/installation-cases\/\" target=\"_blank\" rel=\"noopener\">https:\/\/pqsense.com.tw\/installation-cases\/<\/a><\/p>\n","protected":false},"excerpt":{"rendered":"<p>Pramoninis belaidis jutiklis, skirtas elektros \u012frangos temperat\u016bros steb\u0117jimui. Naudoja pa\u017eangi\u0105 RFID technologij\u0105, u\u017etikrinan\u010di\u0105 patikimus matavimus sud\u0117tingose darbo s\u0105lygose.<\/p>\n","protected":false},"featured_media":2523,"menu_order":0,"comment_status":"open","ping_status":"closed","template":"","meta":{"_acf_changed":false},"product_brand":[],"product_cat":[93],"product_tag":[],"class_list":{"0":"post-2522","1":"product","2":"type-product","3":"status-publish","4":"has-post-thumbnail","6":"product_cat-pqsense-rfid-temperaturos-monitoringo-sprendimai","8":"first","9":"onbackorder","10":"shipping-taxable","11":"purchasable","12":"product-type-simple"},"acf":[],"_links":{"self":[{"href":"https:\/\/elicsgroup.com\/en\/wp-json\/wp\/v2\/product\/2522","targetHints":{"allow":["GET"]}}],"collection":[{"href":"https:\/\/elicsgroup.com\/en\/wp-json\/wp\/v2\/product"}],"about":[{"href":"https:\/\/elicsgroup.com\/en\/wp-json\/wp\/v2\/types\/product"}],"replies":[{"embeddable":true,"href":"https:\/\/elicsgroup.com\/en\/wp-json\/wp\/v2\/comments?post=2522"}],"wp:featuredmedia":[{"embeddable":true,"href":"https:\/\/elicsgroup.com\/en\/wp-json\/wp\/v2\/media\/2523"}],"wp:attachment":[{"href":"https:\/\/elicsgroup.com\/en\/wp-json\/wp\/v2\/media?parent=2522"}],"wp:term":[{"taxonomy":"product_brand","embeddable":true,"href":"https:\/\/elicsgroup.com\/en\/wp-json\/wp\/v2\/product_brand?post=2522"},{"taxonomy":"product_cat","embeddable":true,"href":"https:\/\/elicsgroup.com\/en\/wp-json\/wp\/v2\/product_cat?post=2522"},{"taxonomy":"product_tag","embeddable":true,"href":"https:\/\/elicsgroup.com\/en\/wp-json\/wp\/v2\/product_tag?post=2522"}],"curies":[{"name":"wp","href":"https:\/\/api.w.org\/{rel}","templated":true}]}}