{"id":2513,"date":"2025-09-26T11:50:19","date_gmt":"2025-09-26T08:50:19","guid":{"rendered":"https:\/\/elicsgroup.com\/?post_type=product&#038;p=2513"},"modified":"2025-09-26T13:52:21","modified_gmt":"2025-09-26T10:52:21","slug":"4-ivadu-skaitytuvas-pqs-rd-11-4","status":"publish","type":"product","link":"https:\/\/elicsgroup.com\/en\/produktas\/4-ivadu-skaitytuvas-pqs-rd-11-4\/","title":{"rendered":"4 \u012fvad\u0173 skaitytuvas PQS-RD-11\/4"},"content":{"rendered":"<p>Maitinimas:<br \/>\n100 ~ 240 V kintamoji srov\u0117 (AC), 50 \/ 60 Hz, 20 W<br \/>\n100 ~ 240 V nuolatin\u0117 srov\u0117 (DC), 20 W<br \/>\nAnten\u0173 jungtys: 4<br \/>\nKomunikacijos s\u0105saja: 2 komplektai RS485 \/ Modbus RTU<br \/>\nMatmenys: 190\u00d7 100 \u00d7 41 mm<br \/>\nMontavimo tipas: var\u017etais<br \/>\nDarbin\u0117 temperat\u016bra: \u201320 iki +70 \u2103<br \/>\nGalimyb\u0117 integruoti dr\u0117gm\u0117s jutikl\u012f: taip<\/p>\n<p>Instaliacij\u0173 pavyzd\u017eiai:<a href=\"https:\/\/pqsense.com.tw\/installation-cases\/\" target=\"_blank\" rel=\"noopener\">https:\/\/pqsense.com.tw\/installation-cases\/<\/a><\/p>\n","protected":false},"excerpt":{"rendered":"<p>Temperat\u016bros skaitytuvas (reader), skirtas pasyviems (be baterij\u0173) RFID temperat\u016bros sensoriams.<br \/>\nTemperat\u016bros monitoringas: RD-11\/4 skaito informacij\u0105 i\u0161 pasyvi\u0173 temperat\u016bros sensori\u0173, montuojam\u0173 jungtyse, laiduose, transformatoriuose ar elektros paskirstymo spintose. <br \/>\nIntegracija su sistemomis: jungiamas per RS485 \/ Modbus RTU \u012f PLC, SCADA ar kitus valdymo \/ steb\u0117senos sprendimus.<br \/>\nKlaid\u0173 atpa\u017einimas: kiekvienas jutiklis turi unikal\u0173 ID, tod\u0117l sistema suma\u017eina klaiding\u0173 duomen\u0173 nuskaitymo rizik\u0105.<\/p>\n","protected":false},"featured_media":2514,"menu_order":0,"comment_status":"open","ping_status":"closed","template":"","meta":{"_acf_changed":false},"product_brand":[],"product_cat":[93],"product_tag":[],"class_list":{"0":"post-2513","1":"product","2":"type-product","3":"status-publish","4":"has-post-thumbnail","6":"product_cat-pqsense-rfid-temperaturos-monitoringo-sprendimai","8":"first","9":"instock","10":"shipping-taxable","11":"purchasable","12":"product-type-simple"},"acf":[],"_links":{"self":[{"href":"https:\/\/elicsgroup.com\/en\/wp-json\/wp\/v2\/product\/2513","targetHints":{"allow":["GET"]}}],"collection":[{"href":"https:\/\/elicsgroup.com\/en\/wp-json\/wp\/v2\/product"}],"about":[{"href":"https:\/\/elicsgroup.com\/en\/wp-json\/wp\/v2\/types\/product"}],"replies":[{"embeddable":true,"href":"https:\/\/elicsgroup.com\/en\/wp-json\/wp\/v2\/comments?post=2513"}],"wp:featuredmedia":[{"embeddable":true,"href":"https:\/\/elicsgroup.com\/en\/wp-json\/wp\/v2\/media\/2514"}],"wp:attachment":[{"href":"https:\/\/elicsgroup.com\/en\/wp-json\/wp\/v2\/media?parent=2513"}],"wp:term":[{"taxonomy":"product_brand","embeddable":true,"href":"https:\/\/elicsgroup.com\/en\/wp-json\/wp\/v2\/product_brand?post=2513"},{"taxonomy":"product_cat","embeddable":true,"href":"https:\/\/elicsgroup.com\/en\/wp-json\/wp\/v2\/product_cat?post=2513"},{"taxonomy":"product_tag","embeddable":true,"href":"https:\/\/elicsgroup.com\/en\/wp-json\/wp\/v2\/product_tag?post=2513"}],"curies":[{"name":"wp","href":"https:\/\/api.w.org\/{rel}","templated":true}]}}