{"id":2496,"date":"2025-09-22T15:16:52","date_gmt":"2025-09-22T12:16:52","guid":{"rendered":"https:\/\/elicsgroup.com\/?post_type=product&#038;p=2496"},"modified":"2025-11-21T12:32:47","modified_gmt":"2025-11-21T10:32:47","slug":"oro-kokybes-stebejimo-sistema-cairnet","status":"publish","type":"product","link":"https:\/\/elicsgroup.com\/en\/produktas\/oro-kokybes-stebejimo-sistema-cairnet\/","title":{"rendered":"Oro kokyb\u0117s steb\u0117jimo sistema Cairnet\u00ae"},"content":{"rendered":"<p>Maitinimo \u0161altinis: 8\u201330 V nuolatin\u0117 srov\u0117 \/ 2,5 A arba baterija (pridedama)<br \/>\nPridedama: 3,7 V \u2013 22 Ah li\u010dio jon\u0173 baterija, \u012fkraunama 18 V nuolatine srove \/ 2 A arba per saul\u0117s baterijas (pasirinktinai)<br \/>\nSaul\u0117s baterij\u0173 rinkinys (pasirinktinai): 27 vatai. Pridedamas tvirtinimo laikiklis.<br \/>\nValdymo ir duomen\u0173 apdorojimo plok\u0161t\u0117: Vidinis mikroprocesorius duomen\u0173 rinkimui, maitinimo ir ry\u0161io valdymui ir kt. Integruotas realaus laiko laikrodis (automati\u0161kai reguliuojamas kiekvieno ry\u0161io metu)<br \/>\nBelaidis ry\u0161ys: Mobiliojo ry\u0161io technologija LTE \u2013 3G \/ 4G arba daugiau (SIM kortel\u0117 pasirenkama Europos \u0161alyse, kitoms \u0161alims nepateikiama) Atitiktis reglamentams: R&amp;TTE direktyva 1999\/5\/EB, Japonijos JRF\/JPA \u2013 FCC \u2013 IC<br \/>\nDuomen\u0173 saugojimas: Vis\u0173 duomen\u0173 vidin\u0117 saugykla \u201emicro SD\u201c kortel\u0117je nutr\u016bkus mobiliajam ry\u0161iui. \u201eCairsens\u00ae\u201c vidin\u0117 atmintis<br \/>\nTvirtinimas: Pridedamas stulpo tvirtinimo komplektas (maks. \u230050 mm).<br \/>\n\u201eCairnet\u00ae\u201c korpuso su tvirtinimo komplektu ir antena matmenys: 300 x 215 x 257 mm (ilgis x auk\u0161tis x plotis).<br \/>\nSaul\u0117s baterij\u0173 su tvirtinimo komplektu matmenys: 800 x 410 x 100 mm (ilgis x auk\u0161tis x plotis).<br \/>\n\u201eCairnet\u00ae\u201c korpuso svoris: 4 kg.<br \/>\nSaul\u0117s baterij\u0173 komplekto svoris: 4,9 kg.<br \/>\nAplinkos s\u0105lygos: nuo -20 \u00b0C iki +50 \u00b0C \/ santykin\u0117 oro dr\u0117gm\u0117: nuo 10 % iki 90 %.<br \/>\nPapildoma \u012franga: ultragarsinis anemometras (gaminio kodas A40-0220).<br \/>\nIP67<\/p>\n<p>Nuoroda \u012f technin\u0119 specifikacij\u0105:<a href=\"https:\/\/envea.global\/wp-content\/uploads\/2025\/01\/envea_cairnet_air-quality-networks-sensor-based-mini-stations_en-2.pdf\" target=\"_blank\" rel=\"noopener\">https:\/\/envea.global\/wp-content\/uploads\/2025\/01\/envea_cairnet_air-quality-networks-sensor-based-mini-stations_en-2.pdf<\/a><\/p>\n","protected":false},"excerpt":{"rendered":"<p>Nuolatinis iki 6 parametr\u0173 matavimas ir steb\u0117jimas realiu laiku: H2S\/CH4S, NH3, nmLOJ (angl. nmVOC), O3\/NO2, NO2, CO, SO2, PM<br \/>\nAplinkos parametr\u0173 matavimas: temperat\u016bra, santykin\u0117 dr\u0117gm\u0117 ir sl\u0117gis<br \/>\n\u201ePlug &amp; Play\u201c tinklas: automatinis susiejimas (\u201eCairsens\u00ae\u201c \/ \u201eCairnet\u00ae\u201c \/ \u201eCaircloud\u00ae\u201c)<br \/>\nDinaminis m\u0117gini\u0173 \u0117mimas ir patobulinta apsauga nuo dr\u0117gnos ir (arba) korozin\u0117s aplinkos<br \/>\nPasirinktinai: ultragarsinis anemometras v\u0117jo kryp\u010diai ir grei\u010diui matuoti. Gali b\u016bti autonominis d\u0117l integruoto saul\u0117s baterij\u0173 skydelio ir akumuliatoriaus<br \/>\nAutomatinis duomen\u0173 i\u0161saugojimas (\u201emicro SD\u201c kortel\u0117) ir \u201epush\u201c: joki\u0173 pasekmi\u0173 nutr\u016bkus ry\u0161iui<br \/>\nRy\u0161io da\u017enis ir i\u0161matuot\u0173 duomen\u0173 kiekis automati\u0161kai pritaikomi prie stoties autonomijos<br \/>\nLabai didelis jautrumas, leid\u017eiantis u\u017efiksuoti \u017eemo lygio duj\u0173 ir kiet\u0173j\u0173 daleli\u0173 koncentracijas<br \/>\n\u201eCairnet\u00ae\u201c reikia tik metin\u0117s prie\u017ei\u016bros: kai reikia atnaujinti jutiklius<br \/>\nGalimyb\u0117 sukurti hibridinius oro kokyb\u0117s valdymo tinklus (etalonines stotis ir mini stotis)<\/p>\n","protected":false},"featured_media":2497,"menu_order":7,"comment_status":"open","ping_status":"closed","template":"","meta":{"_acf_changed":false},"product_brand":[],"product_cat":[92],"product_tag":[],"class_list":{"0":"post-2496","1":"product","2":"type-product","3":"status-publish","4":"has-post-thumbnail","6":"product_cat-envea-analizatoriai","8":"first","9":"onbackorder","10":"shipping-taxable","11":"product-type-simple"},"acf":[],"_links":{"self":[{"href":"https:\/\/elicsgroup.com\/en\/wp-json\/wp\/v2\/product\/2496","targetHints":{"allow":["GET"]}}],"collection":[{"href":"https:\/\/elicsgroup.com\/en\/wp-json\/wp\/v2\/product"}],"about":[{"href":"https:\/\/elicsgroup.com\/en\/wp-json\/wp\/v2\/types\/product"}],"replies":[{"embeddable":true,"href":"https:\/\/elicsgroup.com\/en\/wp-json\/wp\/v2\/comments?post=2496"}],"wp:featuredmedia":[{"embeddable":true,"href":"https:\/\/elicsgroup.com\/en\/wp-json\/wp\/v2\/media\/2497"}],"wp:attachment":[{"href":"https:\/\/elicsgroup.com\/en\/wp-json\/wp\/v2\/media?parent=2496"}],"wp:term":[{"taxonomy":"product_brand","embeddable":true,"href":"https:\/\/elicsgroup.com\/en\/wp-json\/wp\/v2\/product_brand?post=2496"},{"taxonomy":"product_cat","embeddable":true,"href":"https:\/\/elicsgroup.com\/en\/wp-json\/wp\/v2\/product_cat?post=2496"},{"taxonomy":"product_tag","embeddable":true,"href":"https:\/\/elicsgroup.com\/en\/wp-json\/wp\/v2\/product_tag?post=2496"}],"curies":[{"name":"wp","href":"https:\/\/api.w.org\/{rel}","templated":true}]}}