{"id":2491,"date":"2025-09-22T15:08:18","date_gmt":"2025-09-22T12:08:18","guid":{"rendered":"https:\/\/elicsgroup.com\/?post_type=product&#038;p=2491"},"modified":"2025-11-21T12:32:47","modified_gmt":"2025-11-21T10:32:47","slug":"srauto-matavimo-prietaisas-envea-airflow-p","status":"publish","type":"product","link":"https:\/\/elicsgroup.com\/en\/produktas\/srauto-matavimo-prietaisas-envea-airflow-p\/","title":{"rendered":"Srauto matavimo prietaisas ENVEA AirFlow P"},"content":{"rendered":"<p>Maitinimas: 24 V nuolatin\u0117 srov\u0117, maitinama valdiklio<br \/>\nMatavimo diapazonas: nuo 1 mg\/m\u00b3<br \/>\nGrei\u010dio diapazonas: 1 m\/s \u2026 100 m\/s<br \/>\nProceso temperat\u016bra: Standartin\u0117 versija \u2013 20 &#8230; +150 \u00b0C<br \/>\nProceso temperat\u016bra: Auk\u0161tos temperat\u016bros versija \u2013 20 &#8230; +800 \u00b0C<br \/>\nAplinkos temperat\u016bra: -20 \u2026 +60 \u00b0C<br \/>\nKorpuso med\u017eiaga: Aliuminis<br \/>\nJutiklio strypo med\u017eiaga: Ner\u016bdijantis plienas<br \/>\nApsaugos tipas: IP65<br \/>\nMatmenys standartiniai: 252 \u00d7 467 \u00d7 120 mm (P \u00d7 A \u00d7 G)<br \/>\nMatmenys auk\u0161tos temperat\u016bros versijos: 252 \u00d7 531 \u00d7 120 mm (P \u00d7 A \u00d7 G)<\/p>\n<p>Nuoroda \u012f technin\u0119 specifikacij\u0105:<a href=\"https:\/\/envea.global\/wp-content\/uploads\/2025\/01\/envea_airflow-p_volume-flow-measurement-pi_en.pdf\" target=\"_blank\" rel=\"noopener\">https:\/\/envea.global\/wp-content\/uploads\/2025\/01\/envea_airflow-p_volume-flow-measurement-pi_en.pdf<\/a><\/p>\n","protected":false},"excerpt":{"rendered":"<p>T\u016brinio srauto matavimas ypa\u010d dulk\u0117tose patalpose. Lengvas montavimas ant esam\u0173 ortaki\u0173, nereikia Venturi ar pana\u0161i\u0173 konversij\u0173. Galima naudoti aplinkoje, kurioje ma\u017eai dulki\u0173, arba at\u0161iauriomis s\u0105lygomis, pvz., esant auk\u0161tai temperat\u016brai ar didelei dulki\u0173 koncentracijai.<\/p>\n<p>\u201eAirFlow P\u201c yra puikus matavimo prietaisas t\u016brinio srauto matavimui tose vietose, kur d\u0117l per didelio dulki\u0173 kiekio negalima naudoti sl\u0117gio skirtumo matavim\u0173 arba kur ortaki\u0173 konversijos ne\u012fmanomos arba nepageidautinos.<\/p>\n<p>Prieinama nauja auk\u0161tos temperat\u016bros versija, tinkama naudoti iki 800 \u00b0C temperat\u016broje.<\/p>\n","protected":false},"featured_media":2492,"menu_order":6,"comment_status":"open","ping_status":"closed","template":"","meta":{"_acf_changed":false},"product_brand":[],"product_cat":[92],"product_tag":[],"class_list":{"0":"post-2491","1":"product","2":"type-product","3":"status-publish","4":"has-post-thumbnail","6":"product_cat-envea-analizatoriai","8":"first","9":"onbackorder","10":"shipping-taxable","11":"product-type-simple"},"acf":[],"_links":{"self":[{"href":"https:\/\/elicsgroup.com\/en\/wp-json\/wp\/v2\/product\/2491","targetHints":{"allow":["GET"]}}],"collection":[{"href":"https:\/\/elicsgroup.com\/en\/wp-json\/wp\/v2\/product"}],"about":[{"href":"https:\/\/elicsgroup.com\/en\/wp-json\/wp\/v2\/types\/product"}],"replies":[{"embeddable":true,"href":"https:\/\/elicsgroup.com\/en\/wp-json\/wp\/v2\/comments?post=2491"}],"wp:featuredmedia":[{"embeddable":true,"href":"https:\/\/elicsgroup.com\/en\/wp-json\/wp\/v2\/media\/2492"}],"wp:attachment":[{"href":"https:\/\/elicsgroup.com\/en\/wp-json\/wp\/v2\/media?parent=2491"}],"wp:term":[{"taxonomy":"product_brand","embeddable":true,"href":"https:\/\/elicsgroup.com\/en\/wp-json\/wp\/v2\/product_brand?post=2491"},{"taxonomy":"product_cat","embeddable":true,"href":"https:\/\/elicsgroup.com\/en\/wp-json\/wp\/v2\/product_cat?post=2491"},{"taxonomy":"product_tag","embeddable":true,"href":"https:\/\/elicsgroup.com\/en\/wp-json\/wp\/v2\/product_tag?post=2491"}],"curies":[{"name":"wp","href":"https:\/\/api.w.org\/{rel}","templated":true}]}}