{"id":2487,"date":"2025-09-22T14:58:50","date_gmt":"2025-09-22T11:58:50","guid":{"rendered":"https:\/\/elicsgroup.com\/?post_type=product&#038;p=2487"},"modified":"2025-11-21T12:32:47","modified_gmt":"2025-11-21T10:32:47","slug":"gyvsidabrio-emisiju-stebejimo-sistema-sm-5","status":"publish","type":"product","link":"https:\/\/elicsgroup.com\/en\/produktas\/gyvsidabrio-emisiju-stebejimo-sistema-sm-5\/","title":{"rendered":"Gyvsidabrio emisij\u0173 steb\u0117jimo sistema SM-5"},"content":{"rendered":"<p>D\u0117l tinkamo produkto parinkimo susisiekite su m\u016bs\u0173 in\u017einieri\u0173 komanda.<\/p>\n<p>Nuoroda \u012f technin\u0119 specifikacij\u0105:<a href=\"https:\/\/envea.global\/wp-content\/uploads\/2025\/01\/envea_sm-5_mercury-cems-analyzer-emissions_en.pdf\" target=\"_blank\" rel=\"noopener\">https:\/\/envea.global\/wp-content\/uploads\/2025\/01\/envea_sm-5_mercury-cems-analyzer-emissions_en.pdf<\/a><\/p>\n","protected":false},"excerpt":{"rendered":"<p>\u201eENVEA\u201c turi daugiau nei 25 met\u0173 gyvsidabrio matavimo patirt\u012f ir pristato \u201eSM-5\u201c \u2013 naujausi\u0105 savo analizatori\u0173 asortimento papildym\u0105.<br \/>\n\u201eSM-5\u201c buvo sukurtas siekiant u\u017etikrinti tikslius ir patikimus nuolatinius matavimus esant labai ma\u017eai gyvsidabrio koncentracijai d\u016bm\u0173 duj\u0173 emisijose.<br \/>\nSistema turi QAL1 (i\u0161bandyt\u0105 \u201eT\u00dcV Rheinland\u201c) pagal EN 15267, su \u017eemiausiu diapazonu rinkoje (0\u20135 \u03bcg\/m3). Ji si\u016blo dinamin\u012f diapazon\u0173 perjungim\u0105, u\u017etikrinant\u012f patikim\u0105 emisijos pik\u0173 matavim\u0105. Kiti sertifikuoti diapazonai yra: 0\u201330 \/ 0\u201345 \/ 0\u2013100 \/ 0\u20131000.<br \/>\nSM-5 garantuoja trump\u0105 atsako laik\u0105 ir tiksl\u0173 matavim\u0105 bet kokioje aplinkoje.<br \/>\nGaliausiai, analizatorius buvo sukurtas siekiant u\u017etikrinti ma\u017eas gyvavimo ciklo s\u0105naudas (TCO):<br \/>\n&#8211; Veikia be kalibratoriaus<br \/>\n&#8211; Nereikia ne\u0161an\u010di\u0173j\u0173 duj\u0173, skiedimo ar oro kondicionavimo<br \/>\n&#8211; Sutrumpintas prie\u017ei\u016bros laikas<br \/>\n&#8211; Labai ma\u017eas prietaiso oro suvartojimas<br \/>\nTechnin\u0117s specifikacijos:<br \/>\n&#8211; Tikslumas:\u00a0&lt;0,1 \u03bcg\/m3\u00a0per 3 m\u0117nesius<br \/>\n&#8211; Maks. Pokytis: &lt; 0,15 \u03bcg\/m3 per 3 m\u0117nesius<br \/>\n&#8211; Sertifikuoti diapazonai: 0\u20135 \/ 30 \/ 45 \/ 100 \/ 1000 \u00b5g\/m3<\/p>\n","protected":false},"featured_media":2488,"menu_order":5,"comment_status":"open","ping_status":"closed","template":"","meta":{"_acf_changed":false},"product_brand":[],"product_cat":[92],"product_tag":[],"class_list":{"0":"post-2487","1":"product","2":"type-product","3":"status-publish","4":"has-post-thumbnail","6":"product_cat-envea-analizatoriai","8":"first","9":"onbackorder","10":"shipping-taxable","11":"product-type-simple"},"acf":[],"_links":{"self":[{"href":"https:\/\/elicsgroup.com\/en\/wp-json\/wp\/v2\/product\/2487","targetHints":{"allow":["GET"]}}],"collection":[{"href":"https:\/\/elicsgroup.com\/en\/wp-json\/wp\/v2\/product"}],"about":[{"href":"https:\/\/elicsgroup.com\/en\/wp-json\/wp\/v2\/types\/product"}],"replies":[{"embeddable":true,"href":"https:\/\/elicsgroup.com\/en\/wp-json\/wp\/v2\/comments?post=2487"}],"wp:featuredmedia":[{"embeddable":true,"href":"https:\/\/elicsgroup.com\/en\/wp-json\/wp\/v2\/media\/2488"}],"wp:attachment":[{"href":"https:\/\/elicsgroup.com\/en\/wp-json\/wp\/v2\/media?parent=2487"}],"wp:term":[{"taxonomy":"product_brand","embeddable":true,"href":"https:\/\/elicsgroup.com\/en\/wp-json\/wp\/v2\/product_brand?post=2487"},{"taxonomy":"product_cat","embeddable":true,"href":"https:\/\/elicsgroup.com\/en\/wp-json\/wp\/v2\/product_cat?post=2487"},{"taxonomy":"product_tag","embeddable":true,"href":"https:\/\/elicsgroup.com\/en\/wp-json\/wp\/v2\/product_tag?post=2487"}],"curies":[{"name":"wp","href":"https:\/\/api.w.org\/{rel}","templated":true}]}}