{"id":2484,"date":"2025-09-22T14:55:05","date_gmt":"2025-09-22T11:55:05","guid":{"rendered":"https:\/\/elicsgroup.com\/?post_type=product&#038;p=2484"},"modified":"2025-11-21T12:32:47","modified_gmt":"2025-11-21T10:32:47","slug":"nuolatine-emisiju-stebejimo-sistema-cems","status":"publish","type":"product","link":"https:\/\/elicsgroup.com\/en\/produktas\/nuolatine-emisiju-stebejimo-sistema-cems\/","title":{"rendered":"Nuolatin\u0117 emisij\u0173 steb\u0117jimo sistema &#8211; CEMS"},"content":{"rendered":"<p>D\u0117l tinkamo produkto parinkimo susisiekite su m\u016bs\u0173 in\u017einieri\u0173 komanda.<\/p>\n","protected":false},"excerpt":{"rendered":"<p>Patikimos ENVEA nuolatin\u0117s emisij\u0173 steb\u0117jimo sistemos (CEMS)<br \/>\n&gt;2000 instaliacij\u0173<br \/>\nQAL1 sertifikuota<br \/>\nMatuojamos koncentracijos: HCl\/HF\/SO2\/NO\/NO2\/CO\/CO2\/CH4\/N2O\/NH3\/CHOH\/H2O\/O2<br \/>\nM\u0117gini\u0173 \u0117mimo sistema<br \/>\nProgramin\u0117 \u012franga<\/p>\n","protected":false},"featured_media":2485,"menu_order":4,"comment_status":"open","ping_status":"closed","template":"","meta":{"_acf_changed":false},"product_brand":[],"product_cat":[92],"product_tag":[],"class_list":{"0":"post-2484","1":"product","2":"type-product","3":"status-publish","4":"has-post-thumbnail","6":"product_cat-envea-analizatoriai","8":"first","9":"onbackorder","10":"shipping-taxable","11":"product-type-simple"},"acf":[],"_links":{"self":[{"href":"https:\/\/elicsgroup.com\/en\/wp-json\/wp\/v2\/product\/2484","targetHints":{"allow":["GET"]}}],"collection":[{"href":"https:\/\/elicsgroup.com\/en\/wp-json\/wp\/v2\/product"}],"about":[{"href":"https:\/\/elicsgroup.com\/en\/wp-json\/wp\/v2\/types\/product"}],"replies":[{"embeddable":true,"href":"https:\/\/elicsgroup.com\/en\/wp-json\/wp\/v2\/comments?post=2484"}],"wp:featuredmedia":[{"embeddable":true,"href":"https:\/\/elicsgroup.com\/en\/wp-json\/wp\/v2\/media\/2485"}],"wp:attachment":[{"href":"https:\/\/elicsgroup.com\/en\/wp-json\/wp\/v2\/media?parent=2484"}],"wp:term":[{"taxonomy":"product_brand","embeddable":true,"href":"https:\/\/elicsgroup.com\/en\/wp-json\/wp\/v2\/product_brand?post=2484"},{"taxonomy":"product_cat","embeddable":true,"href":"https:\/\/elicsgroup.com\/en\/wp-json\/wp\/v2\/product_cat?post=2484"},{"taxonomy":"product_tag","embeddable":true,"href":"https:\/\/elicsgroup.com\/en\/wp-json\/wp\/v2\/product_tag?post=2484"}],"curies":[{"name":"wp","href":"https:\/\/api.w.org\/{rel}","templated":true}]}}