{"id":2458,"date":"2025-09-22T14:13:45","date_gmt":"2025-09-22T11:13:45","guid":{"rendered":"https:\/\/elicsgroup.com\/?post_type=product&#038;p=2458"},"modified":"2025-11-21T12:32:47","modified_gmt":"2025-11-21T10:32:47","slug":"nepertraukiamas-dulkiu-koncentracijos-analizatorius-envea-airsafe-2","status":"publish","type":"product","link":"https:\/\/elicsgroup.com\/en\/produktas\/nepertraukiamas-dulkiu-koncentracijos-analizatorius-envea-airsafe-2\/","title":{"rendered":"Dulki\u0173 koncentracijos analizatorius ENVEA AirSafe 2"},"content":{"rendered":"<p>Matavimas &#8211; Kietosios dalel\u0117s duj\u0173 sraute<br \/>\nDaleli\u0173 dydis &#8211; 0,3 \u00b5m arba didesnis<br \/>\nMatavimo diapazonas &#8211; \u2013 20&#8230; + 60 \u00b0C (pasirinktinai: -40&#8230; +70 \u00b0C)<br \/>\nDr\u0117gm\u0117 &#8211; 95 % RH (nesikondensuojanti)<br \/>\nMatavimo principas &#8211; Elektrodinaminis<br \/>\nVentiliatoriaus gedim\u0173 aptikimas &#8211; Taip<br \/>\nSlopinimo laikas &#8211; 1 s<br \/>\nI\u0161\u0117jimo signalai &#8211; Rel\u0117s i\u0161\u0117jimas, NC arba NO, analoginis i\u0161\u0117jimas 4&#8230; 20 mA, ModBus RTU 485<br \/>\nApsauga &#8211; IP66 (IP20, atitinkantis EN DIN 60529: 2014-09)<br \/>\nMatmenys (I x P x A) &#8211; 500 x 100 x 240<br \/>\nKorpuso med\u017eiaga &#8211; Jutiklis: aliuminis, srauto kanalas: milteliniu b\u016bdu da\u017eytas St37<br \/>\nMaitinimo \u0161altinis &#8211; 24 \u00b1 10 % V DC<br \/>\nVardin\u0117 apkrova &#8211; Maks. 10 W<br \/>\nElektros jungtis &#8211; Var\u017etiniai gnybtai<br \/>\nSvoris &#8211; 5,5 kg<\/p>\n<p>Nuoroda \u012f technin\u0119 specifikacij\u0105:<a href=\"https:\/\/envea.global\/wp-content\/uploads\/2025\/01\/envea-airsafe-2-ambient-air-dust-monitoring-pi-en.pdf\" target=\"_blank\" rel=\"noopener\">https:\/\/envea.global\/wp-content\/uploads\/2025\/01\/envea-airsafe-2-ambient-air-dust-monitoring-pi-en.pdf<\/a><\/p>\n","protected":false},"excerpt":{"rendered":"<p>Nuolatinis dulki\u0173 kiekio aplinkos ore steb\u0117jimas: valdymo sistem\u0173 zonose, silos\u0173 zonose, katilin\u0117se, darbo vietose ir kt.<br \/>\n\u201eAirSafe 2\u201c yra elektrodinaminis dulki\u0173 jutiklis, stebintis nuot\u0117kius ir dulki\u0173 koncentracij\u0105 aplinkos ore gamybos patalpose arba darbo vietose. \u0160is universalus jutiklis leid\u017eia kontroliuoti aplinkos b\u016bkl\u0119. Kai vir\u0161ijama riba, \u012fjungiamas aliarmas.<br \/>\nPritaikytas darbui Ex Zone 22<\/p>\n","protected":false},"featured_media":2459,"menu_order":3,"comment_status":"open","ping_status":"closed","template":"","meta":{"_acf_changed":false},"product_brand":[],"product_cat":[92],"product_tag":[],"class_list":{"0":"post-2458","1":"product","2":"type-product","3":"status-publish","4":"has-post-thumbnail","6":"product_cat-envea-analizatoriai","8":"first","9":"onbackorder","10":"shipping-taxable","11":"product-type-simple"},"acf":[],"_links":{"self":[{"href":"https:\/\/elicsgroup.com\/en\/wp-json\/wp\/v2\/product\/2458","targetHints":{"allow":["GET"]}}],"collection":[{"href":"https:\/\/elicsgroup.com\/en\/wp-json\/wp\/v2\/product"}],"about":[{"href":"https:\/\/elicsgroup.com\/en\/wp-json\/wp\/v2\/types\/product"}],"replies":[{"embeddable":true,"href":"https:\/\/elicsgroup.com\/en\/wp-json\/wp\/v2\/comments?post=2458"}],"wp:featuredmedia":[{"embeddable":true,"href":"https:\/\/elicsgroup.com\/en\/wp-json\/wp\/v2\/media\/2459"}],"wp:attachment":[{"href":"https:\/\/elicsgroup.com\/en\/wp-json\/wp\/v2\/media?parent=2458"}],"wp:term":[{"taxonomy":"product_brand","embeddable":true,"href":"https:\/\/elicsgroup.com\/en\/wp-json\/wp\/v2\/product_brand?post=2458"},{"taxonomy":"product_cat","embeddable":true,"href":"https:\/\/elicsgroup.com\/en\/wp-json\/wp\/v2\/product_cat?post=2458"},{"taxonomy":"product_tag","embeddable":true,"href":"https:\/\/elicsgroup.com\/en\/wp-json\/wp\/v2\/product_tag?post=2458"}],"curies":[{"name":"wp","href":"https:\/\/api.w.org\/{rel}","templated":true}]}}