{"id":2455,"date":"2025-09-22T13:01:41","date_gmt":"2025-09-22T10:01:41","guid":{"rendered":"https:\/\/elicsgroup.com\/?post_type=product&#038;p=2455"},"modified":"2025-11-21T12:32:47","modified_gmt":"2025-11-21T10:32:47","slug":"envea-m-sens-2-dregmes-matavimui","status":"publish","type":"product","link":"https:\/\/elicsgroup.com\/en\/produktas\/envea-m-sens-2-dregmes-matavimui\/","title":{"rendered":"ENVEA M-Sens 2 dr\u0117gm\u0117s matavimui"},"content":{"rendered":"<p>Matuojamas dr\u0117gnumas nuo 0,1% iki 65%<br \/>\n&#8220;Flow\/No Flow&#8221; detekcija<br \/>\nTikslumas &#8211; +\/- 0,1%<br \/>\nKeraminis pavir\u0161ius<br \/>\nDarbo temperat\u016bra iki 120\u00b0C<br \/>\nSkirta Ex Zone 20 ir 0<br \/>\nSensorius turi tur\u0117ti nuolatin\u012f kontakt\u0105 su produktu.<\/p>\n<p>Nuoroda \u012f technin\u0119 specifikacij\u0105:\u00a0<a href=\"https:\/\/envea.global\/wp-content\/uploads\/2025\/01\/envea-m-sens-2-moisture-measurement-pi-en.pdf\" target=\"_blank\" rel=\"noopener\">https:\/\/envea.global\/wp-content\/uploads\/2025\/01\/envea-m-sens-2-moisture-measurement-pi-en.pdf<\/a><\/p>\n","protected":false},"excerpt":{"rendered":"<p>Jutikliai nuolatiniam dr\u0117gm\u0117s matavimui ir montavimui ant konvejeri\u0173 juost\u0173, sraigtini\u0173 tiektuv\u0173 arba bunkeri\u0173.<br \/>\nDviej\u0173 tip\u0173 sensoriaus technologijos, skirtos \u012fvairioms aplikacijoms. Abu jutikliai tur\u0117dami pastov\u0173 kontakt\u0105 su produktu u\u017etikrina patikimus matavimus.<br \/>\nMikrobang\u0173 pagrindu veikiantis sensorius, u\u017etikrinantis didel\u012f tikslum\u0105.<br \/>\nItin atsparus dilimui, integruotas temperat\u016bros nuskaitymas, srauto aptikimo funkcija.<\/p>\n","protected":false},"featured_media":2462,"menu_order":2,"comment_status":"open","ping_status":"closed","template":"","meta":{"_acf_changed":false},"product_brand":[],"product_cat":[92],"product_tag":[],"class_list":{"0":"post-2455","1":"product","2":"type-product","3":"status-publish","4":"has-post-thumbnail","6":"product_cat-envea-analizatoriai","8":"first","9":"onbackorder","10":"shipping-taxable","11":"product-type-simple"},"acf":[],"_links":{"self":[{"href":"https:\/\/elicsgroup.com\/en\/wp-json\/wp\/v2\/product\/2455","targetHints":{"allow":["GET"]}}],"collection":[{"href":"https:\/\/elicsgroup.com\/en\/wp-json\/wp\/v2\/product"}],"about":[{"href":"https:\/\/elicsgroup.com\/en\/wp-json\/wp\/v2\/types\/product"}],"replies":[{"embeddable":true,"href":"https:\/\/elicsgroup.com\/en\/wp-json\/wp\/v2\/comments?post=2455"}],"wp:featuredmedia":[{"embeddable":true,"href":"https:\/\/elicsgroup.com\/en\/wp-json\/wp\/v2\/media\/2462"}],"wp:attachment":[{"href":"https:\/\/elicsgroup.com\/en\/wp-json\/wp\/v2\/media?parent=2455"}],"wp:term":[{"taxonomy":"product_brand","embeddable":true,"href":"https:\/\/elicsgroup.com\/en\/wp-json\/wp\/v2\/product_brand?post=2455"},{"taxonomy":"product_cat","embeddable":true,"href":"https:\/\/elicsgroup.com\/en\/wp-json\/wp\/v2\/product_cat?post=2455"},{"taxonomy":"product_tag","embeddable":true,"href":"https:\/\/elicsgroup.com\/en\/wp-json\/wp\/v2\/product_tag?post=2455"}],"curies":[{"name":"wp","href":"https:\/\/api.w.org\/{rel}","templated":true}]}}