{"id":2452,"date":"2025-09-22T12:51:54","date_gmt":"2025-09-22T09:51:54","guid":{"rendered":"https:\/\/elicsgroup.com\/?post_type=product&#038;p=2452"},"modified":"2025-11-21T12:32:47","modified_gmt":"2025-11-21T10:32:47","slug":"gastec-detektoriaus-vamzdeliai","status":"publish","type":"product","link":"https:\/\/elicsgroup.com\/en\/produktas\/gastec-detektoriaus-vamzdeliai\/","title":{"rendered":"GASTEC detektoriaus vamzdeliai"},"content":{"rendered":"<p>Gastec vamzdelis yra stiklinis vamzdelis, pripildytas reagento, kuris kei\u010dia spalv\u0105 reaguodamas su tiriamomis dujomis. Spalvos \u017eym\u0117s ilgis koreliuojamas su i\u0161matuot\u0173 duj\u0173 koncentracija.<\/p>\n<p>D\u0117l tinkamo produkto parinkimo susisiekite su m\u016bs\u0173 in\u017einieri\u0173 komanda.<\/p>\n","protected":false},"excerpt":{"rendered":"<p>Vienkartinio naudojimo vamzdeliai, skirti daugiau nei 500 specifini\u0173 duj\u0173 ir gar\u0173 koncentracijai matuoti.<\/p>\n<p>\u0160iuos vamzdelius naudoja pramon\u0117s higienos specialistai, sveikatos ir saugos bei aplinkosaugos pareig\u016bnai, nor\u0117dami analizuoti darbo vietoje kylan\u010dius pavojus ir atlikti COSHH vertinimus. Laboratorijos technikai ir chemijos in\u017einieriai naudoja detektorius, kad steb\u0117t\u0173 duj\u0173 nuot\u0117kius arba pavojing\u0173 duj\u0173 tvarkym\u0105.<\/p>\n","protected":false},"featured_media":2453,"menu_order":1,"comment_status":"open","ping_status":"closed","template":"","meta":{"_acf_changed":false},"product_brand":[],"product_cat":[92],"product_tag":[],"class_list":{"0":"post-2452","1":"product","2":"type-product","3":"status-publish","4":"has-post-thumbnail","6":"product_cat-envea-analizatoriai","8":"first","9":"onbackorder","10":"shipping-taxable","11":"product-type-simple"},"acf":[],"_links":{"self":[{"href":"https:\/\/elicsgroup.com\/en\/wp-json\/wp\/v2\/product\/2452","targetHints":{"allow":["GET"]}}],"collection":[{"href":"https:\/\/elicsgroup.com\/en\/wp-json\/wp\/v2\/product"}],"about":[{"href":"https:\/\/elicsgroup.com\/en\/wp-json\/wp\/v2\/types\/product"}],"replies":[{"embeddable":true,"href":"https:\/\/elicsgroup.com\/en\/wp-json\/wp\/v2\/comments?post=2452"}],"wp:featuredmedia":[{"embeddable":true,"href":"https:\/\/elicsgroup.com\/en\/wp-json\/wp\/v2\/media\/2453"}],"wp:attachment":[{"href":"https:\/\/elicsgroup.com\/en\/wp-json\/wp\/v2\/media?parent=2452"}],"wp:term":[{"taxonomy":"product_brand","embeddable":true,"href":"https:\/\/elicsgroup.com\/en\/wp-json\/wp\/v2\/product_brand?post=2452"},{"taxonomy":"product_cat","embeddable":true,"href":"https:\/\/elicsgroup.com\/en\/wp-json\/wp\/v2\/product_cat?post=2452"},{"taxonomy":"product_tag","embeddable":true,"href":"https:\/\/elicsgroup.com\/en\/wp-json\/wp\/v2\/product_tag?post=2452"}],"curies":[{"name":"wp","href":"https:\/\/api.w.org\/{rel}","templated":true}]}}