{"id":2441,"date":"2025-09-22T10:19:25","date_gmt":"2025-09-22T07:19:25","guid":{"rendered":"https:\/\/elicsgroup.com\/?post_type=product&#038;p=2441"},"modified":"2025-11-21T12:32:46","modified_gmt":"2025-11-21T10:32:46","slug":"mobilus-duju-analizatorius-envea-mir-900p","status":"publish","type":"product","link":"https:\/\/elicsgroup.com\/en\/produktas\/mobilus-duju-analizatorius-envea-mir-900p\/","title":{"rendered":"Mobilus duj\u0173 analizatorius ENVEA MIR 900P"},"content":{"rendered":"<p>Specifikacija:<\/p>\n<p>SO2 &#8211; 0-143\/1410\/8500 mg\/Nm3<br \/>\nNOx as NO (after NOx converter) &#8211; 0-70\/2000\/3300 mg\/Nm3<br \/>\nNOx as NO2 (after NOx converter) &#8211; 0-110\/3000\/5000 mg\/Nm3<br \/>\nCO &#8211; 0-70\/3000\/8000 mg\/Nm3<br \/>\nCO2 &#8211; 0-20\/30% vol. <br \/>\nN2O &#8211; 0-1000 mg\/Nm3 <br \/>\nCH4 &#8211; 0-70\/700 mg\/Nm3 (galimas didesnis diapazonas)<br \/>\nO2 (priklauso nuo integruoto paramagnetinio sensoriaus) &#8211; 0-10\/25% vol.\u00a0<br \/>\nLikutinis H2O &#8211; 0-2% vol.<\/p>\n<p>Nuoroda \u012f technin\u0119 specifikacij\u0105:<a href=\"https:\/\/envea.global\/wp-content\/uploads\/2025\/01\/envea_mir9000p-stack-emission-portable-multigas-analyzer_en.pdf\" target=\"_blank\" rel=\"noopener\">https:\/\/envea.global\/wp-content\/uploads\/2025\/01\/envea_mir9000p-stack-emission-portable-multigas-analyzer_en.pdf<\/a><\/p>\n<p>D\u0117l tinkamo produkto parinkimo susisiekite su m\u016bs\u0173 in\u017einieri\u0173 komanda.<\/p>\n","protected":false},"excerpt":{"rendered":"<p>MIR 9000P priklauso naujos kartos \u201eENVEA\u201c duj\u0173 analizatoriams.<\/p>\n<p>Vienu metu matuoja 8 dujas \u2013 NOx, SO2, CO, CO2, CH4, N2O, O2 ir likutin\u012f H2O \u2013 ir naudoja nedispersin\u012f infraraudon\u0173j\u0173 spinduli\u0173 metod\u0105 (NDIR-GFC) su duj\u0173 filtro koreliacija. O2 matuojamas \u012fmontuotu SRM paramagnetiniu jutikliu<\/p>\n<p>Analizatorius sukurtas atsi\u017evelgiant \u012f specifinius vietoje atliekam\u0173 reguliavimo matavim\u0173 poreikius, u\u017etikrinant puik\u0173 mobilum\u0105, patikimum\u0105, tikslum\u0105 ir atitikt\u012f reikalavimams. Visa tai sukuria unikal\u0173 duj\u0173 emisijos monitoring\u0105, pasi\u017eymint\u012f dideliu na\u0161umu ir ma\u017eomis eksploatavimo s\u0105naudomis.<\/p>\n","protected":false},"featured_media":2442,"menu_order":0,"comment_status":"open","ping_status":"closed","template":"","meta":{"_acf_changed":false},"product_brand":[],"product_cat":[92],"product_tag":[],"class_list":{"0":"post-2441","1":"product","2":"type-product","3":"status-publish","4":"has-post-thumbnail","6":"product_cat-envea-analizatoriai","8":"first","9":"onbackorder","10":"shipping-taxable","11":"product-type-simple"},"acf":[],"_links":{"self":[{"href":"https:\/\/elicsgroup.com\/en\/wp-json\/wp\/v2\/product\/2441","targetHints":{"allow":["GET"]}}],"collection":[{"href":"https:\/\/elicsgroup.com\/en\/wp-json\/wp\/v2\/product"}],"about":[{"href":"https:\/\/elicsgroup.com\/en\/wp-json\/wp\/v2\/types\/product"}],"replies":[{"embeddable":true,"href":"https:\/\/elicsgroup.com\/en\/wp-json\/wp\/v2\/comments?post=2441"}],"wp:featuredmedia":[{"embeddable":true,"href":"https:\/\/elicsgroup.com\/en\/wp-json\/wp\/v2\/media\/2442"}],"wp:attachment":[{"href":"https:\/\/elicsgroup.com\/en\/wp-json\/wp\/v2\/media?parent=2441"}],"wp:term":[{"taxonomy":"product_brand","embeddable":true,"href":"https:\/\/elicsgroup.com\/en\/wp-json\/wp\/v2\/product_brand?post=2441"},{"taxonomy":"product_cat","embeddable":true,"href":"https:\/\/elicsgroup.com\/en\/wp-json\/wp\/v2\/product_cat?post=2441"},{"taxonomy":"product_tag","embeddable":true,"href":"https:\/\/elicsgroup.com\/en\/wp-json\/wp\/v2\/product_tag?post=2441"}],"curies":[{"name":"wp","href":"https:\/\/api.w.org\/{rel}","templated":true}]}}