{"id":1619,"date":"2025-03-24T09:18:55","date_gmt":"2025-03-24T07:18:55","guid":{"rendered":"https:\/\/elicsgroup.com\/?post_type=product&#038;p=1619"},"modified":"2025-07-31T17:16:08","modified_gmt":"2025-07-31T14:16:08","slug":"1792-kwh-grp2-56-s7hv-invt-aukstos-itampos-akumuliatorius-saules-elektrinems","status":"publish","type":"product","link":"https:\/\/elicsgroup.com\/en\/produktas\/1792-kwh-grp2-56-s7hv-invt-aukstos-itampos-akumuliatorius-saules-elektrinems\/","title":{"rendered":"17,92 kWh GRP2.56-S7HV INVT auk\u0161tos \u012ftampos akumuliatorius saul\u0117s elektrin\u0117ms"},"content":{"rendered":"<p>Nuotrauka yra iliustracinio pob\u016bd\u017eio, faktin\u0117 prek\u0117s i\u0161vaizda gali \u0161iek tiek skirtis nuo pateiktos nuotraukos.<\/p>\n<p>Pagrindin\u0117s savyb\u0117s:<\/p>\n<p>Auk\u0161tos \u012ftampos LiFePO4 akumuliatori\u0173 sprendimas, vieno modulio galingumas\u00a0 51,2 V 50 Ah 2,56 kWh<\/p>\n<p>Puikios temperat\u016bros charakteristikos, i\u0161krovimo temperat\u016bra -20\u00b0C ~ +60\u00b0C<\/p>\n<p>Modulin\u0117 konstrukcija, supaprastina transportavim\u0105 ir montavim\u0105<\/p>\n<p>10 met\u0173 garantija<\/p>\n<p>Produkt\u0173 katalogas: <a href=\"https:\/\/eshop.elicsgroup.com\/wp-content\/uploads\/INVT-Solar-Inverter-Catalog-1.pdf\">INVT Solar Inverter Catalog (1)<\/a><\/p>\n<p>Technin\u0117 specifikacija: <a href=\"https:\/\/eshop.elicsgroup.com\/wp-content\/uploads\/INVT_GRP2.56-SHV-Battery-Catalog.pdf\">INVT_GRP2.56-SHV Battery Catalog<\/a><\/p>\n<p>Suderinam\u0173 inverteri\u0173 gamintoj\u0173 s\u0105ra\u0161as: <a href=\"https:\/\/eshop.elicsgroup.com\/wp-content\/uploads\/Battery-compatible-list.pdf\">Battery compatible list<\/a><\/p>\n<table dir=\"ltr\" style=\"height: 882px;\" border=\"1\" width=\"446\" cellspacing=\"0\" cellpadding=\"0\" data-sheets-root=\"1\" data-sheets-baot=\"1\">\n<colgroup>\n<col width=\"100\" \/>\n<col width=\"100\" \/>\n<col width=\"100\" \/>\n<col width=\"100\" \/>\n<col width=\"100\" \/>\n<col width=\"100\" \/>\n<col width=\"100\" \/>\n<col width=\"100\" \/>\n<col width=\"100\" \/><\/colgroup>\n<tbody>\n<tr>\n<td style=\"text-align: center;\" colspan=\"9\" rowspan=\"1\">GRP2.56-S7HV<\/td>\n<\/tr>\n<tr>\n<td colspan=\"9\" rowspan=\"1\">Battery Parameter<\/td>\n<\/tr>\n<tr>\n<td>Battery Cell<\/td>\n<td colspan=\"8\" rowspan=\"1\">LiFePO4<\/td>\n<\/tr>\n<tr>\n<td>Battery System Capacity<\/td>\n<td colspan=\"8\" rowspan=\"1\">17,92kWh<\/td>\n<\/tr>\n<tr>\n<td>Module number<\/td>\n<td colspan=\"8\" rowspan=\"1\">7<\/td>\n<\/tr>\n<tr>\n<td>Nominal Capacity<\/td>\n<td colspan=\"8\" rowspan=\"1\">50Ah<\/td>\n<\/tr>\n<tr>\n<td>Depth of Discharge<\/td>\n<td colspan=\"8\" rowspan=\"1\">90%<\/td>\n<\/tr>\n<tr>\n<td>Nominal Voltage<\/td>\n<td colspan=\"8\" rowspan=\"1\">358.4V<\/td>\n<\/tr>\n<tr>\n<td>Voltage Range<\/td>\n<td colspan=\"8\" rowspan=\"1\">302.4~393.12Vdc<\/td>\n<\/tr>\n<tr>\n<td>Nominal Charge\/ Discharge Current<\/td>\n<td colspan=\"8\" rowspan=\"1\">50A<\/td>\n<\/tr>\n<tr>\n<td>Dimension (W x H x D)<\/td>\n<td colspan=\"8\" rowspan=\"1\">600 x 1460 x 210<br \/>\nmm<\/td>\n<\/tr>\n<tr>\n<td>Weight<\/td>\n<td colspan=\"8\" rowspan=\"1\">208.5kg<\/td>\n<\/tr>\n<tr>\n<td>Installation<\/td>\n<td colspan=\"8\" rowspan=\"1\">Stacked<\/td>\n<\/tr>\n<tr>\n<td>Temperature of Charge<\/td>\n<td colspan=\"8\" rowspan=\"1\">0~55\u2103<\/td>\n<\/tr>\n<tr>\n<td>Temperature of Discharge<\/td>\n<td colspan=\"8\" rowspan=\"1\">-20\u2103 ~+60\u2103<\/td>\n<\/tr>\n<tr>\n<td>Protection Degree<\/td>\n<td colspan=\"8\" rowspan=\"1\">IP65<\/td>\n<\/tr>\n<tr>\n<td>Communication Port<\/td>\n<td colspan=\"8\" rowspan=\"1\">RS485, CAN<\/td>\n<\/tr>\n<tr>\n<td>Display<\/td>\n<td colspan=\"8\" rowspan=\"1\">LED<\/td>\n<\/tr>\n<tr>\n<td>Operation Humidity<\/td>\n<td colspan=\"8\" rowspan=\"1\">5~95%<\/td>\n<\/tr>\n<tr>\n<td>Max. Operating Altitude<\/td>\n<td colspan=\"8\" rowspan=\"1\">2000m<\/td>\n<\/tr>\n<tr>\n<td>Cycle Life<\/td>\n<td colspan=\"8\" rowspan=\"1\">6000@80% DOD,25\u2103 ,0.5C<\/td>\n<\/tr>\n<tr>\n<td>Certification<\/td>\n<td colspan=\"8\" rowspan=\"1\">CE, CB, UN38.3, MSDS<\/td>\n<\/tr>\n<\/tbody>\n<\/table>\n<p>&nbsp;<\/p>\n","protected":false},"excerpt":{"rendered":"<p>GRP2.56-SHV auk\u0161tos \u012ftampos akumuliatoriai yra modulin\u0117s konstrukcijos, suderinami su daugumos gamintoj\u0173 hibridiniais saul\u0117s energijos keitikliais\u00a0 ir turi pla\u010dias temperat\u016bros veikimo ribas. \u012erengti LiFePO4 elementai, u\u017etikrina did\u017eiausi\u0105 saugum\u0105 ir ilgaam\u017ei\u0161kum\u0105.<\/p>\n","protected":false},"featured_media":1616,"menu_order":40,"comment_status":"closed","ping_status":"closed","template":"","meta":{"_acf_changed":false},"product_brand":[],"product_cat":[76],"product_tag":[],"class_list":{"0":"post-1619","1":"product","2":"type-product","3":"status-publish","4":"has-post-thumbnail","6":"product_cat-aukstos-itampos-energijos-kaupikliai-baterijos","8":"first","9":"onbackorder","10":"shipping-taxable","11":"purchasable","12":"product-type-simple"},"acf":[],"_links":{"self":[{"href":"https:\/\/elicsgroup.com\/en\/wp-json\/wp\/v2\/product\/1619","targetHints":{"allow":["GET"]}}],"collection":[{"href":"https:\/\/elicsgroup.com\/en\/wp-json\/wp\/v2\/product"}],"about":[{"href":"https:\/\/elicsgroup.com\/en\/wp-json\/wp\/v2\/types\/product"}],"replies":[{"embeddable":true,"href":"https:\/\/elicsgroup.com\/en\/wp-json\/wp\/v2\/comments?post=1619"}],"wp:featuredmedia":[{"embeddable":true,"href":"https:\/\/elicsgroup.com\/en\/wp-json\/wp\/v2\/media\/1616"}],"wp:attachment":[{"href":"https:\/\/elicsgroup.com\/en\/wp-json\/wp\/v2\/media?parent=1619"}],"wp:term":[{"taxonomy":"product_brand","embeddable":true,"href":"https:\/\/elicsgroup.com\/en\/wp-json\/wp\/v2\/product_brand?post=1619"},{"taxonomy":"product_cat","embeddable":true,"href":"https:\/\/elicsgroup.com\/en\/wp-json\/wp\/v2\/product_cat?post=1619"},{"taxonomy":"product_tag","embeddable":true,"href":"https:\/\/elicsgroup.com\/en\/wp-json\/wp\/v2\/product_tag?post=1619"}],"curies":[{"name":"wp","href":"https:\/\/api.w.org\/{rel}","templated":true}]}}