{"id":1599,"date":"2025-03-24T09:18:45","date_gmt":"2025-03-24T07:18:45","guid":{"rendered":"https:\/\/elicsgroup.com\/?post_type=product&#038;p=1599"},"modified":"2025-07-31T17:16:09","modified_gmt":"2025-07-31T14:16:09","slug":"hybridiniai-ups-darbui-su-saules-elektrinemis-ir-generatoriais","status":"publish","type":"product","link":"https:\/\/elicsgroup.com\/en\/produktas\/hybridiniai-ups-darbui-su-saules-elektrinemis-ir-generatoriais\/","title":{"rendered":"Hybridiniai UPS darbui su saul\u0117s elektrin\u0117mis ir generatoriais"},"content":{"rendered":"<p><strong>Pra\u0161ome susisiekti su vadybininku d\u0117l kainos.<\/strong><\/p>\n<p>Hibridiniai maitinimo \u0161altiniai i\u0161naudoja saul\u0117s energijos, elektros tinklo ir akumuliatoriaus energijos galimybes prijungtoms apkrovoms maitinti, naudodami ekonomi\u0161kiausi\u0105 ir ekologi\u0161kiausi\u0105 \u0161i\u0173 energijos \u0161altini\u0173 derin\u012f. TGc serijos saul\u0117s energijos keitiklis prijungiamas prie hibridinio UPS nuolatin\u0117s srov\u0117s magistral\u0117s, o saul\u0117s kolektori\u0173 grup\u0117 nustatoma kaip pirminis energijos \u0161altinis. Dyzelinis generatorius \u012fsijungia automati\u0161kai, jei n\u0117ra saul\u0117s energijos, tinklo ir akumuliatori\u0173 energijos prieinamumo. \u0160i funkcija labai palengvins j\u016bs\u0173 gyvenim\u0105 ten, kur n\u0117ra elektros tinklo.\u00a0 Be hibridinio veikimo, i\u0161manusis valdiklis suteikia jums \u201esteb\u0117jim\u0105 realiu laiku\u201c naujant i\u0161man\u0173j\u012f telefon\u0105.<\/p>\n<p>Katalogas ir technin\u0117 dokumentacija: <a href=\"https:\/\/eshop.elicsgroup.com\/wp-content\/uploads\/HYBRID-1.pdf\">HYBRID<\/a><\/p>\n<p>[us_image image=&#8221;2124&#8243; link=&#8221;%7B%22url%22%3A%22%22%7D&#8221;]<\/p>\n","protected":false},"excerpt":{"rendered":"<p>Pra\u0161ome susisiekti su vadybininku d\u0117l kainos. Hibridiniai maitinimo \u0161altiniai i\u0161naudoja saul\u0117s energijos, elektros tinklo ir akumuliatoriaus energijos galimybes prijungtoms apkrovoms maitinti, naudodami ekonomi\u0161kiausi\u0105 ir ekologi\u0161kiausi\u0105 \u0161i\u0173 energijos \u0161altini\u0173 derin\u012f. TGc serijos saul\u0117s energijos keitiklis prijungiamas prie hibridinio UPS nuolatin\u0117s srov\u0117s magistral\u0117s, o saul\u0117s kolektori\u0173 grup\u0117 nustatoma kaip pirminis energijos \u0161altinis. Dyzelinis generatorius \u012fsijungia automati\u0161kai, jei [&hellip;]<\/p>\n","protected":false},"featured_media":1608,"menu_order":51,"comment_status":"closed","ping_status":"closed","template":"","meta":{"_acf_changed":false},"product_brand":[],"product_cat":[73],"product_tag":[],"class_list":{"0":"post-1599","1":"product","2":"type-product","3":"status-publish","4":"has-post-thumbnail","6":"product_cat-trifaziai-nepertraukiamo-maitinimo-saltiniai-tescom-nepertraukiamo-maitinimo-saltiniai","8":"first","9":"onbackorder","10":"shipping-taxable","11":"product-type-simple"},"acf":[],"_links":{"self":[{"href":"https:\/\/elicsgroup.com\/en\/wp-json\/wp\/v2\/product\/1599","targetHints":{"allow":["GET"]}}],"collection":[{"href":"https:\/\/elicsgroup.com\/en\/wp-json\/wp\/v2\/product"}],"about":[{"href":"https:\/\/elicsgroup.com\/en\/wp-json\/wp\/v2\/types\/product"}],"replies":[{"embeddable":true,"href":"https:\/\/elicsgroup.com\/en\/wp-json\/wp\/v2\/comments?post=1599"}],"wp:featuredmedia":[{"embeddable":true,"href":"https:\/\/elicsgroup.com\/en\/wp-json\/wp\/v2\/media\/1608"}],"wp:attachment":[{"href":"https:\/\/elicsgroup.com\/en\/wp-json\/wp\/v2\/media?parent=1599"}],"wp:term":[{"taxonomy":"product_brand","embeddable":true,"href":"https:\/\/elicsgroup.com\/en\/wp-json\/wp\/v2\/product_brand?post=1599"},{"taxonomy":"product_cat","embeddable":true,"href":"https:\/\/elicsgroup.com\/en\/wp-json\/wp\/v2\/product_cat?post=1599"},{"taxonomy":"product_tag","embeddable":true,"href":"https:\/\/elicsgroup.com\/en\/wp-json\/wp\/v2\/product_tag?post=1599"}],"curies":[{"name":"wp","href":"https:\/\/api.w.org\/{rel}","templated":true}]}}