{"id":1591,"date":"2025-03-24T09:18:05","date_gmt":"2025-03-24T07:18:05","guid":{"rendered":"https:\/\/elicsgroup.com\/?post_type=product&#038;p=1591"},"modified":"2025-07-31T17:16:09","modified_gmt":"2025-07-31T14:16:09","slug":"moduliniai-ups-10-90-kva-mtr","status":"publish","type":"product","link":"https:\/\/elicsgroup.com\/en\/produktas\/moduliniai-ups-10-90-kva-mtr\/","title":{"rendered":"Moduliniai UPS 10-90 kVA MTR"},"content":{"rendered":"<p><strong>Pra\u0161ome susisiekti su vadybininku d\u0117l kainos.<\/strong><\/p>\n<p>Pagrindin\u0117s funkcijos:<\/p>\n<p>Modulin\u0117 konstrukcija, suderinama su 19 coli\u0173 standartin\u0117mis stovo spintel\u0117mis, patogi integruoti su serveriais.<\/p>\n<p>10\/15kVA (10\/15kW) galios modulis 2U auk\u0161tyje, taupantis daug vietos ir leid\u017eiantis lengvai i\u0161pl\u0117sti paj\u0117gumus.<\/p>\n<p>Sistema protingai valdo vis\u0105 \u012fkrovimo ir i\u0161krovimo proces\u0105, tod\u0117l efektyviai pagerina akumuliatoriaus tarnavimo laik\u0105.<\/p>\n<p>Gali i\u0161maniai i\u0161jungti kai kuriuos galios modulius, kad padidint\u0173 bendr\u0105 apkrovos lyg\u012f ir pasiekt\u0173 didesn\u012f efektyvum\u0105.<\/p>\n<p>Technin\u0117 specifikacija: <a href=\"https:\/\/tescomakademi.com\/katalog\/en\/MTR(10-90kVA).pdf\" target=\"_blank\" rel=\"noopener\">MTR(10-90kVA).pdf<\/a><\/p>\n<p>&nbsp;<\/p>\n<table width=\"981\">\n<tbody>\n<tr>\n<td colspan=\"2\" width=\"199\">MODEL<\/td>\n<td width=\"112\">MTR-020\/10X<\/td>\n<td width=\"112\">*MTR-30\/10X<\/td>\n<td width=\"110\">MTR-40\/10X<\/td>\n<td width=\"112\">MTR-060\/10X<\/td>\n<td width=\"112\">MTR-030\/15X<\/td>\n<td width=\"112\">*MTR-45\/15X<\/td>\n<td width=\"112\">MTR-090\/15X<\/td>\n<\/tr>\n<tr>\n<td colspan=\"2\" width=\"199\">Power (kVA)<\/td>\n<td width=\"112\">20kVA\/20kW<\/td>\n<td width=\"112\">*30kVA\/30kW<\/td>\n<td width=\"110\">40kVA\/40kW<\/td>\n<td width=\"112\">60kVA\/60kW<\/td>\n<td width=\"112\">30kVA\/30kW<\/td>\n<td width=\"112\">*45kVA\/45kW<\/td>\n<td width=\"112\">90kVA\/90kW<\/td>\n<\/tr>\n<tr>\n<td colspan=\"2\" width=\"199\">Power module type<\/td>\n<td colspan=\"4\" width=\"446\">TPM10X (10kVA\/10kW)<\/td>\n<td colspan=\"3\" width=\"336\">TPM15X (15kVA\/15kW)<\/td>\n<\/tr>\n<tr>\n<td colspan=\"9\" width=\"981\">INPUT<\/td>\n<\/tr>\n<tr>\n<td colspan=\"2\" width=\"199\">Phase<\/td>\n<td colspan=\"4\" width=\"446\">(1\/1P &#8211; 3\/1P &#8211; 3\/3P) 3P+ N + G (380\/400\/415V) ~ 1P + N + G ( 220\/230\/240V)<\/td>\n<td colspan=\"3\" width=\"336\">3P+ N +G (380\/400\/415V)<\/td>\n<\/tr>\n<tr>\n<td colspan=\"2\" rowspan=\"2\" width=\"199\">Voltage range<\/td>\n<td colspan=\"7\" width=\"782\">304-478Vac (line-line),100% load;<\/td>\n<\/tr>\n<tr>\n<td colspan=\"7\" width=\"782\">228-304Vac load derated from 100% &#8211; %75 linearly<\/td>\n<\/tr>\n<tr>\n<td colspan=\"2\" width=\"199\">Frequency range<\/td>\n<td colspan=\"7\" width=\"782\">40Hz-70Hz<\/td>\n<\/tr>\n<tr>\n<td colspan=\"2\" width=\"199\">Power factor<\/td>\n<td colspan=\"7\" width=\"782\">&gt; 0.99<\/td>\n<\/tr>\n<tr>\n<td colspan=\"2\" width=\"199\">THDi<\/td>\n<td colspan=\"7\" width=\"782\">** THDi &lt; 4% @ 100% linear load<\/td>\n<\/tr>\n<tr>\n<td colspan=\"9\" width=\"981\">OUTPUT<\/td>\n<\/tr>\n<tr>\n<td colspan=\"2\" width=\"199\">Voltage<\/td>\n<td colspan=\"4\" width=\"446\">(1\/1P &#8211; 3\/1P &#8211; 3\/3P) 3P+ N + G (380\/400\/415V) ~ 1P + N + G ( 220\/230\/240V)<\/td>\n<td colspan=\"3\" width=\"336\">3P+ N +G (380\/400\/415V)<\/td>\n<\/tr>\n<tr>\n<td colspan=\"2\" width=\"199\">Voltage regulation<\/td>\n<td colspan=\"7\">1.5%<\/td>\n<\/tr>\n<tr>\n<td colspan=\"2\" width=\"199\">Power factor<\/td>\n<td colspan=\"7\">1<\/td>\n<\/tr>\n<tr>\n<td colspan=\"2\" width=\"199\">THDu<\/td>\n<td colspan=\"7\" width=\"782\">THD &lt; 1% (linear load ),THD &lt; 5.5% (non-linear load)<\/td>\n<\/tr>\n<tr>\n<td colspan=\"2\" width=\"199\">Crest factor<\/td>\n<td colspan=\"7\" width=\"782\">3:1<\/td>\n<\/tr>\n<tr>\n<td colspan=\"2\" width=\"199\">Overload capacity<\/td>\n<td colspan=\"7\" width=\"782\">110% for 1 hour; 125% for 10 min; 150% for 1 min ; 150% for 200 ms<\/td>\n<\/tr>\n<tr>\n<td colspan=\"9\" width=\"981\">BATTERY<\/td>\n<\/tr>\n<tr>\n<td colspan=\"2\" width=\"199\">Voltage<\/td>\n<td colspan=\"7\" width=\"782\">\u00b1 240 VDC for 40 batteries (selectable battery number 36-44)<\/td>\n<\/tr>\n<tr>\n<td colspan=\"2\" width=\"199\">Charge power<\/td>\n<td colspan=\"7\" width=\"782\">20%* System power<\/td>\n<\/tr>\n<tr>\n<td colspan=\"2\" width=\"199\">Charge voltage precision<\/td>\n<td colspan=\"7\" width=\"782\">\u00b11%<\/td>\n<\/tr>\n<tr>\n<td colspan=\"9\" width=\"981\">SYSTEM<\/td>\n<\/tr>\n<tr>\n<td colspan=\"2\" width=\"199\">System efficiency<\/td>\n<td colspan=\"7\" width=\"782\">Normal mode: 95%; ECO mode: 98%; Battery mode: 94.5%<\/td>\n<\/tr>\n<tr>\n<td colspan=\"2\" width=\"199\">Display<\/td>\n<td colspan=\"7\" width=\"782\">7.0\u201d Color touch screen LCD + LED + Keyboard<\/td>\n<\/tr>\n<tr>\n<td colspan=\"2\" width=\"199\">IP Class<\/td>\n<td colspan=\"7\" width=\"782\">IP20<\/td>\n<\/tr>\n<tr>\n<td colspan=\"2\" rowspan=\"2\" width=\"199\">Interface<\/td>\n<td colspan=\"7\" width=\"782\">Standart: RS232, RS485, dry contacts<\/td>\n<\/tr>\n<tr>\n<td colspan=\"7\" width=\"782\">Optional: Expansion dry contact card<\/td>\n<\/tr>\n<tr>\n<td colspan=\"2\" width=\"199\">Operation \/ Storage temperature<\/td>\n<td colspan=\"7\" width=\"782\">0-40\u00b0C\/-25-70\u00b0C<\/td>\n<\/tr>\n<tr>\n<td colspan=\"2\" width=\"199\">Relative humidity<\/td>\n<td colspan=\"7\" width=\"782\">0-95% (non-condensing)<\/td>\n<\/tr>\n<tr>\n<td colspan=\"2\" width=\"199\">Noise level<\/td>\n<td colspan=\"4\" width=\"446\">56dB (1 meter away)<\/td>\n<td colspan=\"3\" width=\"336\">58dBA (1 meter away)<\/td>\n<\/tr>\n<tr>\n<td colspan=\"2\" width=\"199\">Options<\/td>\n<td colspan=\"7\" width=\"782\">Parallel operation, Battery compansated battery charging, Movable cabinet with castors<\/td>\n<\/tr>\n<tr>\n<td colspan=\"9\" width=\"981\">PHYSICAL<\/td>\n<\/tr>\n<tr>\n<td rowspan=\"2\" width=\"98\">Weight (kg)<\/td>\n<td width=\"101\">Cabinet<\/td>\n<td>42<\/td>\n<td>55<\/td>\n<td>51<\/td>\n<td>85<\/td>\n<td>42<\/td>\n<td>55<\/td>\n<td>85<\/td>\n<\/tr>\n<tr>\n<td width=\"101\">Power module<\/td>\n<td colspan=\"4\">15.3<\/td>\n<td colspan=\"3\">15.5<\/td>\n<\/tr>\n<tr>\n<td rowspan=\"3\" width=\"98\">Dimension (HxWxD)<\/td>\n<td width=\"101\">Cabinet<\/td>\n<td width=\"112\">398x485x697<\/td>\n<td width=\"112\">575x485x751<\/td>\n<td width=\"110\">575x485x697<\/td>\n<td width=\"112\">1033x485x751<\/td>\n<td width=\"112\">398x485x697<\/td>\n<td width=\"112\">575x485x751<\/td>\n<td width=\"112\">1033x485x751<\/td>\n<\/tr>\n<tr>\n<td width=\"101\">Height<\/td>\n<td width=\"112\">7U<\/td>\n<td width=\"112\">11U<\/td>\n<td width=\"110\">11U<\/td>\n<td width=\"112\">21U<\/td>\n<td width=\"112\">7U<\/td>\n<td width=\"112\">11U<\/td>\n<td width=\"112\">21U<\/td>\n<\/tr>\n<tr>\n<td width=\"101\">Power module<\/td>\n<td colspan=\"7\" width=\"782\">(2U) 85x436x590<\/td>\n<\/tr>\n<tr>\n<td colspan=\"9\" width=\"981\">(*) Parallel operation<\/td>\n<\/tr>\n<tr>\n<td colspan=\"9\" width=\"981\">(**) Only for 3\/3 phase<\/td>\n<\/tr>\n<\/tbody>\n<\/table>\n<p>&nbsp;<\/p>\n","protected":false},"excerpt":{"rendered":"<p>MTR serijos\u00a0 tipo moduliniai UPS yra kei\u010diamo dyd\u017eio, kei\u010diami kar\u0161tuoju re\u017eimu. Galia nuo 10 iki 90 kVA\/kW.<\/p>\n","protected":false},"featured_media":1613,"menu_order":52,"comment_status":"closed","ping_status":"closed","template":"","meta":{"_acf_changed":false},"product_brand":[],"product_cat":[73],"product_tag":[],"class_list":{"0":"post-1591","1":"product","2":"type-product","3":"status-publish","4":"has-post-thumbnail","6":"product_cat-trifaziai-nepertraukiamo-maitinimo-saltiniai-tescom-nepertraukiamo-maitinimo-saltiniai","8":"first","9":"onbackorder","10":"shipping-taxable","11":"product-type-simple"},"acf":[],"_links":{"self":[{"href":"https:\/\/elicsgroup.com\/en\/wp-json\/wp\/v2\/product\/1591","targetHints":{"allow":["GET"]}}],"collection":[{"href":"https:\/\/elicsgroup.com\/en\/wp-json\/wp\/v2\/product"}],"about":[{"href":"https:\/\/elicsgroup.com\/en\/wp-json\/wp\/v2\/types\/product"}],"replies":[{"embeddable":true,"href":"https:\/\/elicsgroup.com\/en\/wp-json\/wp\/v2\/comments?post=1591"}],"wp:featuredmedia":[{"embeddable":true,"href":"https:\/\/elicsgroup.com\/en\/wp-json\/wp\/v2\/media\/1613"}],"wp:attachment":[{"href":"https:\/\/elicsgroup.com\/en\/wp-json\/wp\/v2\/media?parent=1591"}],"wp:term":[{"taxonomy":"product_brand","embeddable":true,"href":"https:\/\/elicsgroup.com\/en\/wp-json\/wp\/v2\/product_brand?post=1591"},{"taxonomy":"product_cat","embeddable":true,"href":"https:\/\/elicsgroup.com\/en\/wp-json\/wp\/v2\/product_cat?post=1591"},{"taxonomy":"product_tag","embeddable":true,"href":"https:\/\/elicsgroup.com\/en\/wp-json\/wp\/v2\/product_tag?post=1591"}],"curies":[{"name":"wp","href":"https:\/\/api.w.org\/{rel}","templated":true}]}}