{"id":1590,"date":"2025-03-24T09:18:05","date_gmt":"2025-03-24T07:18:05","guid":{"rendered":"https:\/\/elicsgroup.com\/?post_type=product&#038;p=1590"},"modified":"2025-07-31T17:16:09","modified_gmt":"2025-07-31T14:16:09","slug":"modulinis-ups-25-200-kva-mti250","status":"publish","type":"product","link":"https:\/\/elicsgroup.com\/en\/produktas\/modulinis-ups-25-200-kva-mti250\/","title":{"rendered":"Modulinis UPS 25-200 kVA MTI250"},"content":{"rendered":"<p><strong>Pra\u0161ome susisiekti su vadybininku d\u0117l kainos.<\/strong><\/p>\n<p>Technin\u0117 specifikacija: <a href=\"https:\/\/tescomakademi.com\/katalog\/en\/MTI250_Modular_Ups_en.pdf\" target=\"_blank\" rel=\"noopener\">MTI250_Modular_Ups_en.pdf<\/a><\/p>\n<p>&nbsp;<\/p>\n<table width=\"983\">\n<tbody>\n<tr>\n<td colspan=\"2\" width=\"199\">MODEL<\/td>\n<td width=\"392\">MTI150\/25C<\/td>\n<td width=\"392\">MTI200\/25C<\/td>\n<\/tr>\n<tr>\n<td colspan=\"2\" width=\"199\">Capacity<\/td>\n<td width=\"392\">150kVA\/150kW<\/td>\n<td width=\"392\">200KVA\/200kW<\/td>\n<\/tr>\n<tr>\n<td colspan=\"2\" width=\"199\">Power module capacity<\/td>\n<td colspan=\"2\" width=\"784\">TPM25C (25kVA\/25kW)<\/td>\n<\/tr>\n<tr>\n<td colspan=\"4\" width=\"983\">INPUT<\/td>\n<\/tr>\n<tr>\n<td colspan=\"2\" width=\"199\">Dual input<\/td>\n<td width=\"392\">Optional<\/td>\n<td width=\"392\">Standard<\/td>\n<\/tr>\n<tr>\n<td colspan=\"2\" width=\"199\">Phase<\/td>\n<td colspan=\"2\" width=\"784\">3 Phase+Neutral+Ground, 380V\/400V\/415V(line-line)<\/td>\n<\/tr>\n<tr>\n<td colspan=\"2\" width=\"199\">Input voltage range<\/td>\n<td colspan=\"2\" width=\"784\">304~478Vac (line-line),full load; 228V~304Vac (line-line),load decreases linearly according to the min phase voltage<\/td>\n<\/tr>\n<tr>\n<td colspan=\"2\" width=\"199\">Frequency<\/td>\n<td colspan=\"2\" width=\"784\">50Hz \/ 60Hz<\/td>\n<\/tr>\n<tr>\n<td colspan=\"2\" width=\"199\">Frequency range<\/td>\n<td colspan=\"2\" width=\"784\">40Hz~70Hz<\/td>\n<\/tr>\n<tr>\n<td colspan=\"2\" width=\"199\">Power factor<\/td>\n<td colspan=\"2\" width=\"784\">&gt; 0.99<\/td>\n<\/tr>\n<tr>\n<td colspan=\"2\" width=\"199\">THDI<\/td>\n<td colspan=\"2\" width=\"784\">&lt; 3% @100% linear load<\/td>\n<\/tr>\n<tr>\n<td colspan=\"4\" width=\"983\">BYPASS<\/td>\n<\/tr>\n<tr>\n<td colspan=\"2\" width=\"199\">Voltage<\/td>\n<td colspan=\"2\" width=\"784\">380\/400\/415Vac (line-line)<\/td>\n<\/tr>\n<tr>\n<td colspan=\"2\" width=\"199\">Frequency<\/td>\n<td colspan=\"2\" width=\"784\">50Hz \/ 60Hz<\/td>\n<\/tr>\n<tr>\n<td colspan=\"2\" width=\"199\">Voltage range<\/td>\n<td colspan=\"2\" width=\"784\">Settable, -40%~+25%<\/td>\n<\/tr>\n<tr>\n<td colspan=\"2\" width=\"199\">Frequency range<\/td>\n<td colspan=\"2\" width=\"784\">Settable, \u00b11Hz, \u00b13Hz, \u00b15Hz<\/td>\n<\/tr>\n<tr>\n<td colspan=\"2\" width=\"199\">Overload<\/td>\n<td colspan=\"2\" width=\"784\">110% long term operation; 125% for 5 mins ;150% for 1 min; &gt;150% for 1s<\/td>\n<\/tr>\n<tr>\n<td colspan=\"4\" width=\"983\">OUTPUT<\/td>\n<\/tr>\n<tr>\n<td colspan=\"2\" width=\"199\">Voltage<\/td>\n<td colspan=\"2\" width=\"784\">380V\/400V\/415V (line-line)<\/td>\n<\/tr>\n<tr>\n<td colspan=\"2\" width=\"199\">Voltage regulation<\/td>\n<td colspan=\"2\" width=\"784\">\u00b11(0~100% linear load)<\/td>\n<\/tr>\n<tr>\n<td colspan=\"2\" width=\"199\">Frequency<\/td>\n<td colspan=\"2\" width=\"784\">50Hz \/ 60Hz<\/td>\n<\/tr>\n<tr>\n<td colspan=\"2\" width=\"199\">Frequency precision<\/td>\n<td colspan=\"2\">0.1%<\/td>\n<\/tr>\n<tr>\n<td colspan=\"2\" width=\"199\">Power factor<\/td>\n<td colspan=\"2\">1.0<\/td>\n<\/tr>\n<tr>\n<td colspan=\"2\" width=\"199\">Voltage THD<\/td>\n<td colspan=\"2\" width=\"784\">&lt; 1.0% (linear load ), &lt; 5.5% (none linear load)<\/td>\n<\/tr>\n<tr>\n<td colspan=\"2\" width=\"199\">Crest factor<\/td>\n<td colspan=\"2\" width=\"784\">3:1<\/td>\n<\/tr>\n<tr>\n<td colspan=\"2\" width=\"199\">Inverter overload<\/td>\n<td colspan=\"2\" width=\"784\">110% for 1 hour; 125% for 10 mins ;150% for 1 min; &gt;150% for 200 ms<\/td>\n<\/tr>\n<tr>\n<td colspan=\"4\" width=\"983\">BATTERY<\/td>\n<\/tr>\n<tr>\n<td colspan=\"2\" width=\"199\">Voltage<\/td>\n<td colspan=\"2\" width=\"784\">\u00b1 240 VDC<\/td>\n<\/tr>\n<tr>\n<td colspan=\"2\" width=\"199\">Battery number<\/td>\n<td colspan=\"2\" width=\"784\">40pcs (Settable: even number from 32 to 44)<\/td>\n<\/tr>\n<tr>\n<td colspan=\"2\" width=\"199\">Voltage precision<\/td>\n<td colspan=\"2\" width=\"784\">\u00b11%<\/td>\n<\/tr>\n<tr>\n<td colspan=\"2\" width=\"199\">Charge power<\/td>\n<td colspan=\"2\" width=\"784\">up to 20% * Output active power<\/td>\n<\/tr>\n<tr>\n<td colspan=\"2\" width=\"199\">Battery cold start<\/td>\n<td colspan=\"2\" width=\"784\">Standard<\/td>\n<\/tr>\n<tr>\n<td rowspan=\"3\" width=\"98\">Efficiency<\/td>\n<td width=\"101\">AC mode<\/td>\n<td colspan=\"2\">96%<\/td>\n<\/tr>\n<tr>\n<td width=\"101\">ECO mode<\/td>\n<td colspan=\"2\">98%<\/td>\n<\/tr>\n<tr>\n<td width=\"101\">Battery mode<\/td>\n<td colspan=\"2\">95.5%<\/td>\n<\/tr>\n<tr>\n<td colspan=\"4\" width=\"983\">SYSTEM<\/td>\n<\/tr>\n<tr>\n<td colspan=\"2\" width=\"199\">Display<\/td>\n<td colspan=\"2\" width=\"784\">7.0\u201d color touch screen LCD + LED + keyboard<\/td>\n<\/tr>\n<tr>\n<td colspan=\"2\" width=\"199\">IP Class<\/td>\n<td colspan=\"2\" width=\"784\">IP20<\/td>\n<\/tr>\n<tr>\n<td colspan=\"2\" width=\"199\">Interface<\/td>\n<td colspan=\"2\" width=\"784\">RS232, RS485, Programmable Dry Contact<\/td>\n<\/tr>\n<tr>\n<td colspan=\"2\" width=\"199\">Option<\/td>\n<td colspan=\"2\" width=\"784\">PDU for RM150\/25C,SNMP Card, Parallel kit,SPD, LBS<\/td>\n<\/tr>\n<tr>\n<td colspan=\"2\" width=\"199\">Temperature<\/td>\n<td colspan=\"2\" width=\"784\">Operation: 0~40\u00b0C Storge: -40~70\u00b0C<\/td>\n<\/tr>\n<tr>\n<td colspan=\"2\" width=\"199\">Relative humidity<\/td>\n<td colspan=\"2\" width=\"784\">0~95% Non-condensing<\/td>\n<\/tr>\n<tr>\n<td colspan=\"2\" width=\"199\">Altitude<\/td>\n<td colspan=\"2\" width=\"784\">&lt;1000m. Within 1000m to 2000m, power derate 1% for every 100m rise<\/td>\n<\/tr>\n<tr>\n<td colspan=\"2\" width=\"199\">Acoustic noise<\/td>\n<td colspan=\"2\" width=\"784\">65dB @ 100% load, 62dB @ 45% load<\/td>\n<\/tr>\n<tr>\n<td colspan=\"2\" width=\"199\">Applicable standards<\/td>\n<td colspan=\"2\" width=\"784\">Safety: IEC\/EN 62040-1-1 EMC: IEC\/EN 62040-2 Performance: IEC\/EN 62040-3<\/td>\n<\/tr>\n<tr>\n<td colspan=\"4\" width=\"983\">PHYSICAL<\/td>\n<\/tr>\n<tr>\n<td rowspan=\"2\" width=\"98\">Weight (kg)<\/td>\n<td width=\"101\">Cabinet<\/td>\n<td>140<\/td>\n<td>160<\/td>\n<\/tr>\n<tr>\n<td width=\"101\">Power module<\/td>\n<td colspan=\"2\">18<\/td>\n<\/tr>\n<tr>\n<td rowspan=\"2\" width=\"98\">Dimension (HxWxD)<\/td>\n<td width=\"101\">Cabinet<\/td>\n<td width=\"392\">931x482x916<\/td>\n<td width=\"392\">1550x482x916<\/td>\n<\/tr>\n<tr>\n<td width=\"101\">Power module<\/td>\n<td colspan=\"2\" width=\"784\">85x436x677<\/td>\n<\/tr>\n<\/tbody>\n<\/table>\n<p>&nbsp;<\/p>\n","protected":false},"excerpt":{"rendered":"<p>MTI250 serijos\u00a0 tipo moduliniai UPS yra kei\u010diamo dyd\u017eio, kei\u010diami kar\u0161tuoju re\u017eimu. Galia nuo 25 iki 200 kVA\/kW.<\/p>\n","protected":false},"featured_media":1612,"menu_order":53,"comment_status":"closed","ping_status":"closed","template":"","meta":{"_acf_changed":false},"product_brand":[],"product_cat":[73],"product_tag":[],"class_list":{"0":"post-1590","1":"product","2":"type-product","3":"status-publish","4":"has-post-thumbnail","6":"product_cat-trifaziai-nepertraukiamo-maitinimo-saltiniai-tescom-nepertraukiamo-maitinimo-saltiniai","8":"first","9":"onbackorder","10":"shipping-taxable","11":"product-type-simple"},"acf":[],"_links":{"self":[{"href":"https:\/\/elicsgroup.com\/en\/wp-json\/wp\/v2\/product\/1590","targetHints":{"allow":["GET"]}}],"collection":[{"href":"https:\/\/elicsgroup.com\/en\/wp-json\/wp\/v2\/product"}],"about":[{"href":"https:\/\/elicsgroup.com\/en\/wp-json\/wp\/v2\/types\/product"}],"replies":[{"embeddable":true,"href":"https:\/\/elicsgroup.com\/en\/wp-json\/wp\/v2\/comments?post=1590"}],"wp:featuredmedia":[{"embeddable":true,"href":"https:\/\/elicsgroup.com\/en\/wp-json\/wp\/v2\/media\/1612"}],"wp:attachment":[{"href":"https:\/\/elicsgroup.com\/en\/wp-json\/wp\/v2\/media?parent=1590"}],"wp:term":[{"taxonomy":"product_brand","embeddable":true,"href":"https:\/\/elicsgroup.com\/en\/wp-json\/wp\/v2\/product_brand?post=1590"},{"taxonomy":"product_cat","embeddable":true,"href":"https:\/\/elicsgroup.com\/en\/wp-json\/wp\/v2\/product_cat?post=1590"},{"taxonomy":"product_tag","embeddable":true,"href":"https:\/\/elicsgroup.com\/en\/wp-json\/wp\/v2\/product_tag?post=1590"}],"curies":[{"name":"wp","href":"https:\/\/api.w.org\/{rel}","templated":true}]}}