{"id":1589,"date":"2025-03-24T09:18:05","date_gmt":"2025-03-24T07:18:05","guid":{"rendered":"https:\/\/elicsgroup.com\/?post_type=product&#038;p=1589"},"modified":"2025-07-31T17:16:09","modified_gmt":"2025-07-31T14:16:09","slug":"modulinis-ups-600kva-mti600","status":"publish","type":"product","link":"https:\/\/elicsgroup.com\/en\/produktas\/modulinis-ups-600kva-mti600\/","title":{"rendered":"Modulinis UPS 600kVA MTI600"},"content":{"rendered":"<p><strong>Pra\u0161ome susisiekti su vadybininku d\u0117l kainos.<\/strong><\/p>\n<p>Pagrindin\u0117s funkcijos:<\/p>\n<p>Didelis efektyvumas iki 97 %<\/p>\n<p>Palaiko li\u010dio akumuliatorius<\/p>\n<p>Dvipus\u0117 nuolatin\u0117s srov\u0117s DC-DC topologijos platforma, palaiko \u012fkrovimo gali\u0105, siekian\u010di\u0105 30 proc.<\/p>\n<p>\u012evairios ry\u0161io s\u0105sajos , tokios kaip RS485, USB, CAN ir programuojami sausi kontaktai.<\/p>\n<p>Technin\u0117 specifikacija: <a href=\"https:\/\/tescomakademi.com\/katalog\/en\/MTI600_Modular_Ups.pdf\" target=\"_blank\" rel=\"noopener\">MTI600_Modular_Ups.pdf<\/a><\/p>\n<p>&nbsp;<\/p>\n<table width=\"980\">\n<tbody>\n<tr>\n<td colspan=\"2\" width=\"177\">MODEL<\/td>\n<td width=\"803\">MTI6600\/60<\/td>\n<\/tr>\n<tr>\n<td colspan=\"2\" width=\"177\">System capacity<\/td>\n<td width=\"803\">600kVA<\/td>\n<\/tr>\n<tr>\n<td colspan=\"2\" width=\"177\">Power module capacity<\/td>\n<td width=\"803\">TPM60X1 (60kVA\/60kW)<\/td>\n<\/tr>\n<tr>\n<td colspan=\"3\" width=\"980\">INPUT<\/td>\n<\/tr>\n<tr>\n<td colspan=\"2\" width=\"177\">Dual input<\/td>\n<td width=\"803\">Standard<\/td>\n<\/tr>\n<tr>\n<td colspan=\"2\" width=\"177\">Phase<\/td>\n<td width=\"803\">3 Phases + Neutral + Ground, 380V\/400V\/415V (line-line)<\/td>\n<\/tr>\n<tr>\n<td colspan=\"2\" width=\"177\">Rate frequency<\/td>\n<td width=\"803\">50Hz\/60Hz<\/td>\n<\/tr>\n<tr>\n<td colspan=\"2\" width=\"177\">Voltage range<\/td>\n<td width=\"803\">323~478Vac (line-line),full load<br \/>\n323V~138Vac (line-line), load decrease linearly from 100% to 30% according to the min phase voltage 323V~138Vac (line-line), battery combined power supply when load exceed the derated capacity<\/td>\n<\/tr>\n<tr>\n<td colspan=\"2\" width=\"177\">Frequency range<\/td>\n<td width=\"803\">40Hz\/70Hz<\/td>\n<\/tr>\n<tr>\n<td colspan=\"2\" width=\"177\">Power factor<\/td>\n<td width=\"803\">&gt; 0.99<\/td>\n<\/tr>\n<tr>\n<td colspan=\"2\" width=\"177\">THDi<\/td>\n<td width=\"803\">&lt; 3% @ 100% linear load<\/td>\n<\/tr>\n<tr>\n<td colspan=\"3\" width=\"980\">BYPASS<\/td>\n<\/tr>\n<tr>\n<td colspan=\"2\" width=\"177\">Rate voltage<\/td>\n<td width=\"803\">380\/400\/415VAC (Line-Line)<\/td>\n<\/tr>\n<tr>\n<td colspan=\"2\" width=\"177\">Rated frequency<\/td>\n<td width=\"803\">50Hz\/60Hz<\/td>\n<\/tr>\n<tr>\n<td colspan=\"2\" width=\"177\">Input voltage range<\/td>\n<td width=\"803\">Settable, default -20%~+15% Up limit: +10%, +15%, +20%, +25%<br \/>\nDown limit: -10%, -15%, -20%, -30%, -40%<\/td>\n<\/tr>\n<tr>\n<td colspan=\"2\" width=\"177\">By-pass frequency range<\/td>\n<td width=\"803\">Selectable, \u00b11Hz, \u00b13Hz, \u00b15Hz<\/td>\n<\/tr>\n<tr>\n<td colspan=\"2\" width=\"177\">Bypass overload<\/td>\n<td width=\"803\">110% for long term operation; 110%~125% for 10 mins; 125%~150% for 1 min; &gt;150% for 200ms<\/td>\n<\/tr>\n<tr>\n<td colspan=\"3\" width=\"980\">OUTPUT<\/td>\n<\/tr>\n<tr>\n<td colspan=\"2\" width=\"177\">Rate voltage<\/td>\n<td width=\"803\">380\/400\/415VAC (line-line)<\/td>\n<\/tr>\n<tr>\n<td colspan=\"2\" width=\"177\">Rated frequency<\/td>\n<td width=\"803\">50Hz\/60Hz<\/td>\n<\/tr>\n<tr>\n<td colspan=\"2\" width=\"177\">Output power factor<\/td>\n<td>1.0<\/td>\n<\/tr>\n<tr>\n<td colspan=\"2\" width=\"177\">Voltage regulation<\/td>\n<td width=\"803\">\u00b11%<\/td>\n<\/tr>\n<tr>\n<td colspan=\"2\" width=\"177\">Output THDu<\/td>\n<td width=\"803\">&lt;1% Linear load; &lt;5%, Non-linear load<\/td>\n<\/tr>\n<tr>\n<td colspan=\"2\" width=\"177\">Inverter overload<\/td>\n<td width=\"803\">&lt;110%, 1hour; 110%~125%, 10mins; 125%~150% for 1min; &gt;150% for 200ms<\/td>\n<\/tr>\n<tr>\n<td colspan=\"2\" width=\"177\">Rate frequency<\/td>\n<td width=\"803\">50Hz\/60Hz<\/td>\n<\/tr>\n<tr>\n<td colspan=\"2\" width=\"177\">Frequency precision<\/td>\n<td width=\"803\">\u00b1 0.1%<\/td>\n<\/tr>\n<tr>\n<td colspan=\"3\" width=\"980\">BATTERY<\/td>\n<\/tr>\n<tr>\n<td colspan=\"2\" width=\"177\">Voltage<\/td>\n<td width=\"803\">\u00b1180~264VDC<br \/>\n30pcs derate to 0.7; 32~34pcs derate to 0.8; 36~38pcs derate to 0.9; 40~44pcs<\/td>\n<\/tr>\n<tr>\n<td colspan=\"2\" width=\"177\">Voltage precision<\/td>\n<td>1%<\/td>\n<\/tr>\n<tr>\n<td colspan=\"2\" width=\"177\">Charge power<\/td>\n<td width=\"803\">Up to 30% * Output active power<\/td>\n<\/tr>\n<tr>\n<td colspan=\"3\" width=\"980\">SYSTEM<\/td>\n<\/tr>\n<tr>\n<td colspan=\"2\" width=\"177\">Parallel operation<\/td>\n<td width=\"803\">Max 30 power modules 3 cabinets in parallel<\/td>\n<\/tr>\n<tr>\n<td rowspan=\"2\" width=\"91\">Efficiency<\/td>\n<td width=\"86\">AC Mode<\/td>\n<td width=\"803\">&gt;97%<\/td>\n<\/tr>\n<tr>\n<td width=\"86\">Battery Mode<\/td>\n<td width=\"803\">&gt;96%<\/td>\n<\/tr>\n<tr>\n<td colspan=\"2\" width=\"177\">Display<\/td>\n<td width=\"803\">LED+Color touch LCD<\/td>\n<\/tr>\n<tr>\n<td colspan=\"2\" width=\"177\">Interface<\/td>\n<td width=\"803\">Standard: RS485, USB, CAN, Programmable Dry Contact, Intelligent card slot*2, Extendable dry contact slot<\/td>\n<\/tr>\n<tr>\n<td colspan=\"2\" width=\"177\">Option<\/td>\n<td width=\"803\">SNMP card, AS400 card, Parallel kit, SPD, Dual input kit, LBS<\/td>\n<\/tr>\n<tr>\n<td colspan=\"2\" width=\"177\">Temperature<\/td>\n<td width=\"803\">Operation: 0~40\u00baC Storage: -40~70\u00baC<\/td>\n<\/tr>\n<tr>\n<td colspan=\"2\" width=\"177\">Relative humidity<\/td>\n<td width=\"803\">0~95% Non-condensing<\/td>\n<\/tr>\n<tr>\n<td colspan=\"2\" width=\"177\">Noise(1 meter)<\/td>\n<td width=\"803\">75dB @ 100% load, 70dB @ 45% load<\/td>\n<\/tr>\n<tr>\n<td colspan=\"2\" width=\"177\">Altitude<\/td>\n<td width=\"803\">&lt;1000m. Within 1000m~2000m, 1% power derating for every 100m<\/td>\n<\/tr>\n<tr>\n<td colspan=\"2\" width=\"177\">Application standards<\/td>\n<td width=\"803\">Safety: IEC\/EN 62040-1 EMC: IEC\/EN 62040-2 Performance: IEC\/EN 62040-3<\/td>\n<\/tr>\n<tr>\n<td colspan=\"3\" width=\"980\">PHYSICAL<\/td>\n<\/tr>\n<tr>\n<td rowspan=\"2\" width=\"91\">Dimension (HxWxD)<\/td>\n<td width=\"86\">Cabinet<\/td>\n<td width=\"803\">2000x800x1100<\/td>\n<\/tr>\n<tr>\n<td width=\"86\">Power module<\/td>\n<td width=\"803\">85x550x750<\/td>\n<\/tr>\n<tr>\n<td rowspan=\"2\" width=\"91\">Net weight (kg)<\/td>\n<td width=\"86\">Cabinet<\/td>\n<td>443<\/td>\n<\/tr>\n<tr>\n<td width=\"86\">Power module<\/td>\n<td>35.7<\/td>\n<\/tr>\n<\/tbody>\n<\/table>\n<p>&nbsp;<\/p>\n","protected":false},"excerpt":{"rendered":"<p>Pra\u0161ome susisiekti su vadybininku d\u0117l kainos. Pagrindin\u0117s funkcijos: Didelis efektyvumas iki 97 % Palaiko li\u010dio akumuliatorius Dvipus\u0117 nuolatin\u0117s srov\u0117s DC-DC topologijos platforma, palaiko \u012fkrovimo gali\u0105, siekian\u010di\u0105 30 proc. \u012evairios ry\u0161io s\u0105sajos , tokios kaip RS485, USB, CAN ir programuojami sausi kontaktai. Technin\u0117 specifikacija: MTI600_Modular_Ups.pdf &nbsp; MODEL MTI6600\/60 System capacity 600kVA Power module capacity TPM60X1 (60kVA\/60kW) [&hellip;]<\/p>\n","protected":false},"featured_media":1611,"menu_order":55,"comment_status":"closed","ping_status":"closed","template":"","meta":{"_acf_changed":false},"product_brand":[],"product_cat":[73],"product_tag":[],"class_list":{"0":"post-1589","1":"product","2":"type-product","3":"status-publish","4":"has-post-thumbnail","6":"product_cat-trifaziai-nepertraukiamo-maitinimo-saltiniai-tescom-nepertraukiamo-maitinimo-saltiniai","8":"first","9":"onbackorder","10":"shipping-taxable","11":"product-type-simple"},"acf":[],"_links":{"self":[{"href":"https:\/\/elicsgroup.com\/en\/wp-json\/wp\/v2\/product\/1589","targetHints":{"allow":["GET"]}}],"collection":[{"href":"https:\/\/elicsgroup.com\/en\/wp-json\/wp\/v2\/product"}],"about":[{"href":"https:\/\/elicsgroup.com\/en\/wp-json\/wp\/v2\/types\/product"}],"replies":[{"embeddable":true,"href":"https:\/\/elicsgroup.com\/en\/wp-json\/wp\/v2\/comments?post=1589"}],"wp:featuredmedia":[{"embeddable":true,"href":"https:\/\/elicsgroup.com\/en\/wp-json\/wp\/v2\/media\/1611"}],"wp:attachment":[{"href":"https:\/\/elicsgroup.com\/en\/wp-json\/wp\/v2\/media?parent=1589"}],"wp:term":[{"taxonomy":"product_brand","embeddable":true,"href":"https:\/\/elicsgroup.com\/en\/wp-json\/wp\/v2\/product_brand?post=1589"},{"taxonomy":"product_cat","embeddable":true,"href":"https:\/\/elicsgroup.com\/en\/wp-json\/wp\/v2\/product_cat?post=1589"},{"taxonomy":"product_tag","embeddable":true,"href":"https:\/\/elicsgroup.com\/en\/wp-json\/wp\/v2\/product_tag?post=1589"}],"curies":[{"name":"wp","href":"https:\/\/api.w.org\/{rel}","templated":true}]}}