{"id":1588,"date":"2025-03-24T09:18:05","date_gmt":"2025-03-24T07:18:05","guid":{"rendered":"https:\/\/elicsgroup.com\/?post_type=product&#038;p=1588"},"modified":"2025-07-31T17:16:09","modified_gmt":"2025-07-31T14:16:09","slug":"modulinis-ups-50-600-kva-mti500","status":"publish","type":"product","link":"https:\/\/elicsgroup.com\/en\/produktas\/modulinis-ups-50-600-kva-mti500\/","title":{"rendered":"Modulinis UPS 50-600 kVA MTI500"},"content":{"rendered":"<p><strong>Pra\u0161ome susisiekti su vadybininku d\u0117l kainos.<\/strong><\/p>\n<p>Pagrindin\u0117s funkcijos:<\/p>\n<p>Kompakti\u0161kas dizainas: 500 kVA UPS, u\u017eimama ma\u017eiau nei 1,5 m\u00b2 ploto, tod\u0117l taupoma vertinga patalpos erdv\u0117.<\/p>\n<p>Didelio galios tankio 50 kVA galios modulis 4U auk\u0161tyje, kur\u012f lengva i\u0161pl\u0117sti.<\/p>\n<p>Didelis efektyvumas: pa\u017eangi 3 lygi\u0173 technologija garantuoja didel\u012f efektyvum\u0105, veikiant\u012f dvigubos konversijos re\u017eimu &#8211; iki 96 %.<\/p>\n<p>Pa\u017eangus \u012fkrovimo valdymas: sistema pa\u017eangiai valdo vis\u0105 \u012fkrovimo ir i\u0161krovimo proces\u0105, veiksmingai pailgina akumuliatoriaus eksploatavimo laik\u0105.<\/p>\n<p>Sistemos prapl\u0117timo galimyb\u0117: sistem\u0105 galima konfig\u016bruoti nuo 50 kVA iki 600 kVA vienoje spintoje,\u00a0 galimyb\u0117 sujungti 3 \u012frenginius lygiagre\u010diai, kad paj\u0117gumas b\u016bt\u0173 iki 1500 kVA.<\/p>\n<p>Draugi\u0161kas s\u0105saja su vartotoju: 10,4 colio spalvotas jutiklinis LCD ekranas su grafiniu ekranu, nepriklausomas LCD ekranas kiekvienam maitinimo moduliui.<\/p>\n<p>I\u0161manioji miego funkcija: sistema gali i\u0161maniai i\u0161jungti kai kuriuos maitinimo modulius, kad padidint\u0173 bendr\u0105 apkrovos lyg\u012f ir pasiekt\u0173 didesn\u012f efektyvum\u0105.<\/p>\n<p>Technin\u0117 specifikacija: <a href=\"https:\/\/tescomakademi.com\/katalog\/en\/MTI500.pdf\" target=\"_blank\" rel=\"noopener\">MTI500.pdf<\/a><\/p>\n<p>&nbsp;<\/p>\n<table width=\"979\">\n<tbody>\n<tr>\n<td colspan=\"2\" width=\"176\">MODEL<\/td>\n<td width=\"154\">MTI-5100\/50<\/td>\n<td width=\"154\">MTI-5200\/50<\/td>\n<td width=\"155\">MTI-5300\/50<\/td>\n<td width=\"154\">MTI-5500\/50<\/td>\n<td width=\"186\">MTI5600\/50X1<\/td>\n<\/tr>\n<tr>\n<td colspan=\"2\" width=\"176\">System capacity<\/td>\n<td width=\"154\">100kVA<\/td>\n<td width=\"154\">200kVA<\/td>\n<td width=\"155\">300kVA<\/td>\n<td width=\"154\">500kVA<\/td>\n<td width=\"186\">600kVA<\/td>\n<\/tr>\n<tr>\n<td colspan=\"2\" width=\"176\">Power module capacity<\/td>\n<td colspan=\"5\" width=\"803\">TPM50 (50kVA\/50kW)<\/td>\n<\/tr>\n<tr>\n<td colspan=\"7\" width=\"979\">INPUT<\/td>\n<\/tr>\n<tr>\n<td colspan=\"2\" width=\"176\">Dual input<\/td>\n<td colspan=\"2\" width=\"308\">Standard<\/td>\n<td width=\"155\">Optional<\/td>\n<td colspan=\"2\" width=\"340\">Standard<\/td>\n<\/tr>\n<tr>\n<td colspan=\"2\" width=\"176\">Phase<\/td>\n<td colspan=\"5\" width=\"803\">3 Phases + Neutral + Ground, 380V\/400V\/415V (line-line)<\/td>\n<\/tr>\n<tr>\n<td colspan=\"2\" width=\"176\">Voltage range<\/td>\n<td colspan=\"5\" width=\"803\">304~478VAC (line-line), full load; 228V~304VAC (line-line), load decreases linearly according to the min. phase voltage<\/td>\n<\/tr>\n<tr>\n<td colspan=\"2\" width=\"176\">Rate frequency<\/td>\n<td colspan=\"5\" width=\"803\">50Hz\/60Hz<\/td>\n<\/tr>\n<tr>\n<td colspan=\"2\" width=\"176\">Frequency range<\/td>\n<td colspan=\"5\" width=\"803\">40Hz\/70Hz<\/td>\n<\/tr>\n<tr>\n<td colspan=\"2\" width=\"176\">Power factor<\/td>\n<td colspan=\"5\" width=\"803\">&gt; 0.99<\/td>\n<\/tr>\n<tr>\n<td colspan=\"2\" width=\"176\">THDi<\/td>\n<td colspan=\"5\" width=\"803\">&lt; 3% @ 100% linear load<\/td>\n<\/tr>\n<tr>\n<td colspan=\"7\" width=\"979\">BYPASS<\/td>\n<\/tr>\n<tr>\n<td colspan=\"2\" width=\"176\">Rate voltage<\/td>\n<td colspan=\"5\" width=\"803\">380\/400\/415VAC (Line-Line)<\/td>\n<\/tr>\n<tr>\n<td colspan=\"2\" width=\"176\">Rated frequency<\/td>\n<td colspan=\"5\" width=\"803\">50Hz\/60Hz<\/td>\n<\/tr>\n<tr>\n<td colspan=\"2\" width=\"176\">Input voltage range<\/td>\n<td colspan=\"5\" width=\"803\">Settable, -40% ~ +25%<\/td>\n<\/tr>\n<tr>\n<td colspan=\"2\" width=\"176\">By-pass frequency range<\/td>\n<td colspan=\"5\" width=\"803\">Selectable, \u00b11Hz, \u00b13Hz, \u00b15Hz<\/td>\n<\/tr>\n<tr>\n<td colspan=\"2\" width=\"176\">Bypass overload<\/td>\n<td colspan=\"2\" width=\"308\">125%, long time operation<br \/>\n&lt; 130% for 10 minutes<br \/>\n&lt; 150% for 1 minutes<br \/>\n&gt;150% for 300ms<\/td>\n<td colspan=\"2\" width=\"309\">110% long term operation<br \/>\n&lt; 130% for 10 minutes<br \/>\n&lt; 150% for 1 minutes<br \/>\n&gt;150% for 1 ms<\/td>\n<td width=\"186\">110% long term operation 110% ~ 125% last for more than 5 min.<br \/>\n125% ~ 150% last for more than 1 min.<br \/>\n&gt;150% last for more than 1 s.<\/td>\n<\/tr>\n<tr>\n<td colspan=\"7\" width=\"979\">OUTPUT<\/td>\n<\/tr>\n<tr>\n<td colspan=\"2\" width=\"176\">Rated inverter<\/td>\n<td colspan=\"5\" width=\"803\">380\/400\/415VAC (line-line)<\/td>\n<\/tr>\n<tr>\n<td colspan=\"2\" width=\"176\">Voltage regulation<\/td>\n<td colspan=\"5\" width=\"803\">1% for balance load;1.5% for unbalance load<\/td>\n<\/tr>\n<tr>\n<td colspan=\"2\" width=\"176\">Rated frequency<\/td>\n<td colspan=\"5\" width=\"803\">50Hz\/60Hz<\/td>\n<\/tr>\n<tr>\n<td colspan=\"2\" width=\"176\">Frequency precision<\/td>\n<td colspan=\"5\">0.1%<\/td>\n<\/tr>\n<tr>\n<td colspan=\"2\" width=\"176\">Output power factor<\/td>\n<td colspan=\"5\">1.0<\/td>\n<\/tr>\n<tr>\n<td colspan=\"2\" width=\"176\">Output THDu<\/td>\n<td colspan=\"5\" width=\"803\">&lt; 1%, Linear load; &lt;5.5% Non-linear load<\/td>\n<\/tr>\n<tr>\n<td colspan=\"2\" width=\"176\">Crest factor<\/td>\n<td colspan=\"5\" width=\"803\">3:1<\/td>\n<\/tr>\n<tr>\n<td colspan=\"2\" width=\"176\">Inverter overload<\/td>\n<td colspan=\"5\" width=\"803\">110% for 1 hour; 125% for 10 mins; 150% for 1 min; &gt;150% for 200 ms<\/td>\n<\/tr>\n<tr>\n<td colspan=\"7\" width=\"979\">BATTERY<\/td>\n<\/tr>\n<tr>\n<td colspan=\"2\" width=\"176\">Voltage<\/td>\n<td colspan=\"5\" width=\"803\">\u00b1240VDC<\/td>\n<\/tr>\n<tr>\n<td colspan=\"2\" width=\"176\">Battery number<\/td>\n<td colspan=\"5\" width=\"803\">40pcs (Settable: even number from 32 to 44)<\/td>\n<\/tr>\n<tr>\n<td colspan=\"2\" width=\"176\">Voltage precision<\/td>\n<td colspan=\"5\">1%<\/td>\n<\/tr>\n<tr>\n<td colspan=\"2\" width=\"176\">Charge power<\/td>\n<td colspan=\"5\" width=\"803\">up to 20% Output active power<\/td>\n<\/tr>\n<tr>\n<td colspan=\"2\" width=\"176\">Battery cold start<\/td>\n<td colspan=\"2\" width=\"308\">Optional<\/td>\n<td colspan=\"3\" width=\"495\">Standard<\/td>\n<\/tr>\n<tr>\n<td colspan=\"7\" width=\"979\">SYSTEM<\/td>\n<\/tr>\n<tr>\n<td colspan=\"2\" width=\"176\">System efficiency<\/td>\n<td colspan=\"5\" width=\"803\">AC Mode: 96.0% ECO Mode: 99.0% Battery Mode:96.0%<\/td>\n<\/tr>\n<tr>\n<td colspan=\"2\" width=\"176\">Display<\/td>\n<td colspan=\"5\" width=\"803\">10.4&#8243; touch screen LCD + LED + keyboard<\/td>\n<\/tr>\n<tr>\n<td colspan=\"2\" width=\"176\">IP class<\/td>\n<td colspan=\"5\" width=\"803\">IP20<\/td>\n<\/tr>\n<tr>\n<td colspan=\"2\" width=\"176\">Interface<\/td>\n<td colspan=\"5\" width=\"803\">RS232, RS485, Programmable Dry Contact, USB<\/td>\n<\/tr>\n<tr>\n<td colspan=\"2\" width=\"176\">Option<\/td>\n<td colspan=\"5\" width=\"803\">SNMP Card, Parallel kit, SPD, LBS, Dust filter<\/td>\n<\/tr>\n<tr>\n<td colspan=\"2\" width=\"176\">Temperature<\/td>\n<td colspan=\"5\" width=\"803\">Operation: 0~40\u00baC Storage: -40~70\u00baC<\/td>\n<\/tr>\n<tr>\n<td colspan=\"2\" width=\"176\">Relative humidity<\/td>\n<td colspan=\"5\" width=\"803\">0~95% (non-condensing)<\/td>\n<\/tr>\n<tr>\n<td colspan=\"2\" width=\"176\">Altitude<\/td>\n<td colspan=\"5\" width=\"803\">&lt; 1000. Within 1000m to 2000m, power derate 1% for every 100m rise<\/td>\n<\/tr>\n<tr>\n<td colspan=\"2\" width=\"176\">Acoustic noise<\/td>\n<td colspan=\"5\" width=\"803\">72dB @ 100% load, 69dB @ 45% load<\/td>\n<\/tr>\n<tr>\n<td colspan=\"2\" width=\"176\">Application standards<\/td>\n<td colspan=\"5\" width=\"803\">Safety: IEC\/EN 62040-1, EMC:IEC\/EN 62040-2, Performance: IEC\/EN 62040-3<\/td>\n<\/tr>\n<tr>\n<td colspan=\"7\" width=\"979\">PHYSICAL<\/td>\n<\/tr>\n<tr>\n<td rowspan=\"2\" width=\"91\">Net weight (kg)<\/td>\n<td width=\"85\">Cabinet<\/td>\n<td>120<\/td>\n<td>170<\/td>\n<td>220<\/td>\n<td>450<\/td>\n<td>1040<\/td>\n<\/tr>\n<tr>\n<td width=\"85\">Power module<\/td>\n<td colspan=\"5\">45<\/td>\n<\/tr>\n<tr>\n<td rowspan=\"2\" width=\"91\">Dimension (HxWxD)<\/td>\n<td width=\"85\">Cabinet<\/td>\n<td width=\"154\">1150x600x980<\/td>\n<td width=\"154\">1600x650x960<\/td>\n<td width=\"155\">2000x650x1095<\/td>\n<td colspan=\"2\" width=\"340\">2000x1300x1100<\/td>\n<\/tr>\n<tr>\n<td width=\"85\">Power module<\/td>\n<td colspan=\"5\" width=\"803\">178x510x700<\/td>\n<\/tr>\n<\/tbody>\n<\/table>\n<p>&nbsp;<\/p>\n","protected":false},"excerpt":{"rendered":"<p>MTI500 moduliniai, internetiniai UPS nuo 50 kVA iki 600 kVA yra skirti apsaugoti bet koki\u0105 kritin\u0119 apkrov\u0105 vidutiniuose ir dideliuose duomen\u0173 centruose, kad b\u016bt\u0173 u\u017etikrintas maksimalus prieinamumas.<\/p>\n","protected":false},"featured_media":1610,"menu_order":54,"comment_status":"closed","ping_status":"closed","template":"","meta":{"_acf_changed":false},"product_brand":[],"product_cat":[73],"product_tag":[],"class_list":{"0":"post-1588","1":"product","2":"type-product","3":"status-publish","4":"has-post-thumbnail","6":"product_cat-trifaziai-nepertraukiamo-maitinimo-saltiniai-tescom-nepertraukiamo-maitinimo-saltiniai","8":"first","9":"onbackorder","10":"shipping-taxable","11":"product-type-simple"},"acf":[],"_links":{"self":[{"href":"https:\/\/elicsgroup.com\/en\/wp-json\/wp\/v2\/product\/1588","targetHints":{"allow":["GET"]}}],"collection":[{"href":"https:\/\/elicsgroup.com\/en\/wp-json\/wp\/v2\/product"}],"about":[{"href":"https:\/\/elicsgroup.com\/en\/wp-json\/wp\/v2\/types\/product"}],"replies":[{"embeddable":true,"href":"https:\/\/elicsgroup.com\/en\/wp-json\/wp\/v2\/comments?post=1588"}],"wp:featuredmedia":[{"embeddable":true,"href":"https:\/\/elicsgroup.com\/en\/wp-json\/wp\/v2\/media\/1610"}],"wp:attachment":[{"href":"https:\/\/elicsgroup.com\/en\/wp-json\/wp\/v2\/media?parent=1588"}],"wp:term":[{"taxonomy":"product_brand","embeddable":true,"href":"https:\/\/elicsgroup.com\/en\/wp-json\/wp\/v2\/product_brand?post=1588"},{"taxonomy":"product_cat","embeddable":true,"href":"https:\/\/elicsgroup.com\/en\/wp-json\/wp\/v2\/product_cat?post=1588"},{"taxonomy":"product_tag","embeddable":true,"href":"https:\/\/elicsgroup.com\/en\/wp-json\/wp\/v2\/product_tag?post=1588"}],"curies":[{"name":"wp","href":"https:\/\/api.w.org\/{rel}","templated":true}]}}