{"id":1587,"date":"2025-03-24T09:18:05","date_gmt":"2025-03-24T07:18:05","guid":{"rendered":"https:\/\/elicsgroup.com\/?post_type=product&#038;p=1587"},"modified":"2025-07-31T17:16:25","modified_gmt":"2025-07-31T14:16:25","slug":"ups-ds-power-x-100-400-kva","status":"publish","type":"product","link":"https:\/\/elicsgroup.com\/en\/produktas\/ups-ds-power-x-100-400-kva\/","title":{"rendered":"UPS DS POWER X 100-400 kVA"},"content":{"rendered":"<p><strong>Pra\u0161ome susisiekti su vadybininku d\u0117l kainos.<\/strong><\/p>\n<p>Pagrindin\u0117s funkcijos:<\/p>\n<p>Betransformatorin\u0117 auk\u0161to da\u017enio maitinimo technologija<\/p>\n<p>3 DSP valdoma modulin\u0117 strukt\u016bra<\/p>\n<p>Atskira pagrindin\u0117s valdymo plok\u0161t\u0117s programa lygintuvui ir inverteriui<\/p>\n<p>Ma\u017eiau elektronini\u0173 komponent\u0173 ir SMD technologija<\/p>\n<p>Ma\u017eas \u012f\u0117jimo srov\u0117s bendras harmoninis i\u0161kraipymas (THDi)<\/p>\n<p>96,0 % efektyvumas<\/p>\n<p>Pasirenkama \u012f\u0117jimo \/ i\u0161\u0117jimo \u012ftampa \/ da\u017enis \/ diapazonas<\/p>\n<p>Padalyta \u012f\u0117jimo \u012fvestis (dviguba \u012fvestis)<\/p>\n<p>Pa\u017eangus TFT priekinis skydelis<\/p>\n<p>\u0160alto paleidimo funkcija<\/p>\n<p>3 lygi\u0173 akumuliatoriaus apsauga<\/p>\n<p>I\u0161\u0117jimo srov\u0117s apribojimas<\/p>\n<p>512 \u012fvyki\u0173 atmintis (46 000 pavojaus signal\u0173)<\/p>\n<p>Pasirinktinai SNMP, MODBUS ir nuotolinio steb\u0117jimo pultas<\/p>\n<p>2 RS232 serijos prievadai ir 4 programuojami saus\u0173j\u0173 kontakt\u0173 i\u0161\u0117jimai<\/p>\n<p>Pasirinktinai 12 saus\u0173j\u0173 kontakt\u0173 i\u0161\u0117jim\u0173<\/p>\n<p>2 met\u0173 garantija<\/p>\n<p>Technin\u0117 specifikacija: <a href=\"https:\/\/tescomakademi.com\/katalog\/en\/dspowerx.pdf\" target=\"_blank\" rel=\"noopener\">dspowerx.pdf<\/a><\/p>\n<p>&nbsp;<\/p>\n<table width=\"979\">\n<tbody>\n<tr>\n<td width=\"170\">MODEL<\/td>\n<td width=\"117\">DX3100<\/td>\n<td width=\"115\">DX3120<\/td>\n<td width=\"115\">DX3160<\/td>\n<td width=\"115\">DX3200<\/td>\n<td width=\"115\">DX3250<\/td>\n<td width=\"117\">DX3300 (soon)<\/td>\n<td width=\"115\">DX3400 (soon)<\/td>\n<\/tr>\n<tr>\n<td width=\"170\">Power (kVA)<\/td>\n<td>100<\/td>\n<td>120<\/td>\n<td>160<\/td>\n<td>200<\/td>\n<td>250<\/td>\n<td>300<\/td>\n<td>400<\/td>\n<\/tr>\n<tr>\n<td colspan=\"8\" width=\"979\">INPUT<\/td>\n<\/tr>\n<tr>\n<td width=\"170\">Voltage<\/td>\n<td colspan=\"7\" width=\"809\">380\/400 VAC 3P + N + G \u00b1 20% (at 100% load) \/ &#8211; 40% (at 70% load)<\/td>\n<\/tr>\n<tr>\n<td width=\"170\">Frequency<\/td>\n<td colspan=\"7\" width=\"809\">50Hz \/ 60Hz, \u00b1 10%<\/td>\n<\/tr>\n<tr>\n<td width=\"170\">Power factor<\/td>\n<td colspan=\"7\" width=\"809\">\u2265 0.99<\/td>\n<\/tr>\n<tr>\n<td width=\"170\">THDI (*)<\/td>\n<td colspan=\"7\" width=\"809\">\u2264 3%<\/td>\n<\/tr>\n<tr>\n<td width=\"170\">By-pass voltage<\/td>\n<td colspan=\"7\" width=\"809\">380\/400 VAC 3 Phase + N, \u00b1 10 (adjustable)<\/td>\n<\/tr>\n<tr>\n<td width=\"170\">Voltage distortion<\/td>\n<td colspan=\"7\" width=\"809\">\u2264 10%<\/td>\n<\/tr>\n<tr>\n<td width=\"170\">Protection<\/td>\n<td colspan=\"7\" width=\"809\">Fuses, Voltage &amp; Frequency tolerance, Input power limit, Phase sequency indicator<\/td>\n<\/tr>\n<tr>\n<td colspan=\"8\" width=\"979\">OUTPUT<\/td>\n<\/tr>\n<tr>\n<td width=\"170\">Power (kW)<\/td>\n<td>100<\/td>\n<td>120<\/td>\n<td>160<\/td>\n<td>200<\/td>\n<td>200<\/td>\n<td>300<\/td>\n<td>400<\/td>\n<\/tr>\n<tr>\n<td width=\"170\">Power factor (**)<\/td>\n<td colspan=\"4\">1.0<\/td>\n<td>0.8<\/td>\n<td colspan=\"2\">1.0<\/td>\n<\/tr>\n<tr>\n<td width=\"170\">Voltage<\/td>\n<td colspan=\"7\" width=\"809\">380\/400 VAC 3F + N, \u00b1 %1<\/td>\n<\/tr>\n<tr>\n<td width=\"170\">Frequency<\/td>\n<td colspan=\"7\" width=\"809\">50Hz \/ 60Hz<\/td>\n<\/tr>\n<tr>\n<td width=\"170\">Frequency tolerance<\/td>\n<td colspan=\"7\" width=\"809\">Line synchronized: \u00b1 2% (adjustable) \/ Free running: \u00b1 0.1%<\/td>\n<\/tr>\n<tr>\n<td width=\"170\">Efficiency<\/td>\n<td colspan=\"2\" width=\"232\">up to 95.5%<\/td>\n<td colspan=\"5\" width=\"577\">up to 96.0%<\/td>\n<\/tr>\n<tr>\n<td width=\"170\">Crest factor<\/td>\n<td colspan=\"7\" width=\"809\">3:1<\/td>\n<\/tr>\n<tr>\n<td width=\"170\">Overload protection<\/td>\n<td colspan=\"7\" width=\"809\">100% &#8211; 125% load: 10 min, 125% &#8211; 150% load: 1 min, &#8211; &gt; 150% load: by pass<\/td>\n<\/tr>\n<tr>\n<td width=\"170\">Other protections<\/td>\n<td colspan=\"7\" width=\"809\">Advanced short circuit, Voltage tolerance, DC balance, Regenerative load, Current limiting<\/td>\n<\/tr>\n<tr>\n<td width=\"170\">Voltage THD<\/td>\n<td colspan=\"7\" width=\"809\">\u2264 2% (linear load), \u2264 5% (non-linear load)<\/td>\n<\/tr>\n<tr>\n<td colspan=\"8\" width=\"979\">BATTERIES<\/td>\n<\/tr>\n<tr>\n<td width=\"170\">Type<\/td>\n<td colspan=\"7\" width=\"809\">VRLA AGM \/ GEL \/ NiCd<\/td>\n<\/tr>\n<tr>\n<td width=\"170\">Nominal voltage<\/td>\n<td colspan=\"7\" width=\"809\">\u00b1 360 VDC<\/td>\n<\/tr>\n<tr>\n<td width=\"170\">Float \/ End of discharge voltage<\/td>\n<td colspan=\"7\" width=\"809\">\u00b1 405 VDC \/ \u00b1 300 VDC<\/td>\n<\/tr>\n<tr>\n<td width=\"170\">Battery cabinet<\/td>\n<td colspan=\"7\" width=\"809\">External<\/td>\n<\/tr>\n<tr>\n<td width=\"170\">Battery ambient temperature<\/td>\n<td colspan=\"7\" width=\"809\">25\u00baC<\/td>\n<\/tr>\n<tr>\n<td width=\"170\">Protections<\/td>\n<td colspan=\"7\" width=\"809\">3 level alarms, Battery fuses, Charging current limit, Temperature compensation (optional)<\/td>\n<\/tr>\n<tr>\n<td width=\"170\">Automatic testing<\/td>\n<td colspan=\"7\" width=\"809\">Standard every 72 hours (adjustable)<\/td>\n<\/tr>\n<tr>\n<td colspan=\"8\" width=\"979\">GENERAL<\/td>\n<\/tr>\n<tr>\n<td width=\"170\">User interface<\/td>\n<td colspan=\"7\" width=\"809\">TFT touch panel, 5 vector buttons, Buzzer<\/td>\n<\/tr>\n<tr>\n<td width=\"170\">Indicators<\/td>\n<td colspan=\"7\" width=\"809\">P-N voltage, P-P voltage, Current, Power, Crest Factor, Frequency, PF, Service Time<\/td>\n<\/tr>\n<tr>\n<td width=\"170\">Advanced<\/td>\n<td colspan=\"7\" width=\"809\">Self diagnostics, 3 maintenance time indicators, Calibration over RS232, Operating hour meter<\/td>\n<\/tr>\n<tr>\n<td width=\"170\">Communication<\/td>\n<td colspan=\"7\" width=\"809\">2xRS232 serial ports, 4 standard and 8 optional DRY contact alarm relays<\/td>\n<\/tr>\n<tr>\n<td width=\"170\">Inputs<\/td>\n<td colspan=\"7\" width=\"809\">EPO input, Interactive battery panel input, Genset input<\/td>\n<\/tr>\n<tr>\n<td width=\"170\">Genset kit<\/td>\n<td colspan=\"7\" width=\"809\">Standard (programmable)<\/td>\n<\/tr>\n<tr>\n<td width=\"170\">Software<\/td>\n<td colspan=\"7\" width=\"809\">Standard T-Mon UPS Management Software (3 clients + 1 server management)<\/td>\n<\/tr>\n<tr>\n<td width=\"170\">Alarm logging<\/td>\n<td colspan=\"7\" width=\"809\">Standard: with time &amp; date 512 events<\/td>\n<\/tr>\n<tr>\n<td width=\"170\">Protections<\/td>\n<td colspan=\"7\" width=\"809\">Power module over-temperature, Overcurrent, Temperature high alarm<\/td>\n<\/tr>\n<tr>\n<td width=\"170\">Temperature range<\/td>\n<td colspan=\"7\" width=\"809\">0\u00baC &#8211; 40\u00baC<\/td>\n<\/tr>\n<tr>\n<td width=\"170\">Protection degree<\/td>\n<td colspan=\"7\" width=\"809\">IP20<\/td>\n<\/tr>\n<tr>\n<td width=\"170\">Relative humidity<\/td>\n<td colspan=\"7\" width=\"809\">90% max. (non-condensing)<\/td>\n<\/tr>\n<tr>\n<td width=\"170\">Altitude<\/td>\n<td colspan=\"7\" width=\"809\">&lt; 1000m above sea level<\/td>\n<\/tr>\n<tr>\n<td width=\"170\">Acoustic noise<\/td>\n<td colspan=\"2\" width=\"232\">&lt; 62dBA<\/td>\n<td colspan=\"3\" width=\"345\">&lt; 65 dBA<\/td>\n<td colspan=\"2\" width=\"232\">&lt; 67 dBA<\/td>\n<\/tr>\n<tr>\n<td width=\"170\">Weight (kg)<\/td>\n<td>210<\/td>\n<td>220<\/td>\n<td>262<\/td>\n<td>270<\/td>\n<td>295<\/td>\n<td colspan=\"2\">655<\/td>\n<\/tr>\n<tr>\n<td width=\"170\">Dimensions (mm) HxWxD<\/td>\n<td colspan=\"5\" width=\"577\">1440x475x890<\/td>\n<td colspan=\"2\" width=\"232\">1900x1250x775<\/td>\n<\/tr>\n<tr>\n<td colspan=\"8\" width=\"979\">OPTIONS<\/td>\n<\/tr>\n<tr>\n<td width=\"170\">Different input \/ output voltage<\/td>\n<td colspan=\"7\" width=\"809\">Please ask<\/td>\n<\/tr>\n<tr>\n<td width=\"170\">Transformer<\/td>\n<td colspan=\"7\" width=\"809\">Galvanic isolation transformer at the input &amp; output (external)<\/td>\n<\/tr>\n<tr>\n<td width=\"170\">Software<\/td>\n<td colspan=\"7\" width=\"809\">T-Mon Admin Multi UPS monitoring 10-50-100-200 clients, T-Mon Server 50-100-200 clients<\/td>\n<\/tr>\n<tr>\n<td width=\"170\">Adaptors<\/td>\n<td colspan=\"7\" width=\"809\">SNMP, RS485, Remote monitoring panel, MODBUS (RS485 or TCP\/IP), TCP\/IP, GSM\/GPRS Modem, Comport multiplexer<\/td>\n<\/tr>\n<tr>\n<td width=\"170\">Parallel operation<\/td>\n<td colspan=\"7\" width=\"809\">up to 8<\/td>\n<\/tr>\n<tr>\n<td colspan=\"8\" width=\"979\">(*) Depending on power and input\/output conditions<\/td>\n<\/tr>\n<tr>\n<td colspan=\"8\" width=\"979\">(**) Please ask for PF 0.8 and 0.9<\/td>\n<\/tr>\n<\/tbody>\n<\/table>\n<p>&nbsp;<\/p>\n","protected":false},"excerpt":{"rendered":"<p>\u201eDS Power X Online UPS\u201c naudoja naujausi\u0105 DSP technologij\u0105, kuri\u0105 galima u\u017eprogramuoti taip, kad ji tikt\u0173 \u012fvairioms elektros aplinkoms ir nesuma\u017eint\u0173 jos na\u0161umo. Jis i\u0161siskiria stilingu dizainu, dideliu galios tankiu (250 KVA ma\u017eesniame nei 0,5 m2 plote) ir ma\u017eiau triuk\u0161mingu veikimu nei jo analogai.<\/p>\n","protected":false},"featured_media":1609,"menu_order":204,"comment_status":"closed","ping_status":"closed","template":"","meta":{"_acf_changed":false},"product_brand":[],"product_cat":[73],"product_tag":[],"class_list":{"0":"post-1587","1":"product","2":"type-product","3":"status-publish","4":"has-post-thumbnail","6":"product_cat-trifaziai-nepertraukiamo-maitinimo-saltiniai-tescom-nepertraukiamo-maitinimo-saltiniai","8":"first","9":"onbackorder","10":"shipping-taxable","11":"product-type-simple"},"acf":[],"_links":{"self":[{"href":"https:\/\/elicsgroup.com\/en\/wp-json\/wp\/v2\/product\/1587","targetHints":{"allow":["GET"]}}],"collection":[{"href":"https:\/\/elicsgroup.com\/en\/wp-json\/wp\/v2\/product"}],"about":[{"href":"https:\/\/elicsgroup.com\/en\/wp-json\/wp\/v2\/types\/product"}],"replies":[{"embeddable":true,"href":"https:\/\/elicsgroup.com\/en\/wp-json\/wp\/v2\/comments?post=1587"}],"wp:featuredmedia":[{"embeddable":true,"href":"https:\/\/elicsgroup.com\/en\/wp-json\/wp\/v2\/media\/1609"}],"wp:attachment":[{"href":"https:\/\/elicsgroup.com\/en\/wp-json\/wp\/v2\/media?parent=1587"}],"wp:term":[{"taxonomy":"product_brand","embeddable":true,"href":"https:\/\/elicsgroup.com\/en\/wp-json\/wp\/v2\/product_brand?post=1587"},{"taxonomy":"product_cat","embeddable":true,"href":"https:\/\/elicsgroup.com\/en\/wp-json\/wp\/v2\/product_cat?post=1587"},{"taxonomy":"product_tag","embeddable":true,"href":"https:\/\/elicsgroup.com\/en\/wp-json\/wp\/v2\/product_tag?post=1587"}],"curies":[{"name":"wp","href":"https:\/\/api.w.org\/{rel}","templated":true}]}}