{"id":1585,"date":"2025-03-24T09:18:05","date_gmt":"2025-03-24T07:18:05","guid":{"rendered":"https:\/\/elicsgroup.com\/?post_type=product&#038;p=1585"},"modified":"2025-07-31T17:16:25","modified_gmt":"2025-07-31T14:16:25","slug":"ups-30000va-30000w-online-tower-3f-380-400v-ds330hb-pf1","status":"publish","type":"product","link":"https:\/\/elicsgroup.com\/en\/produktas\/ups-30000va-30000w-online-tower-3f-380-400v-ds330hb-pf1\/","title":{"rendered":"UPS 30000VA\/30000W Online, Tower, 3F, 380\/400V DS330HB PF=1"},"content":{"rendered":"<p>Pagrindin\u0117s funkcijos:<\/p>\n<p>DSP valdoma modulin\u0117 strukt\u016bra<\/p>\n<p>\u017demas \u012fvesties srov\u0117s bendras harmoninis i\u0161kraipymas (THDi)<\/p>\n<p>Auk\u0161tas \u012f\u0117jimo galios koeficientas<\/p>\n<p>Didelis efektyvumas iki 95%<\/p>\n<p>Pasirenkama \u012f\u0117jimo\/i\u0161\u0117jimo \u012ftampa\/da\u017eni\u0173 diapazonas<\/p>\n<p>Ekologinio re\u017eimo veikimas (pasirinktinai)<\/p>\n<p>Padalytas ap\u0117jimo \u012f\u0117jimas (dvigubas \u012f\u0117jimas)<\/p>\n<p>Pasirenkamas 0,8 ir 1,0 i\u0161\u0117jimo galios koeficientas (PF)<\/p>\n<p>\u0160alto paleidimo funkcija<\/p>\n<p>Atitinka CE, TSE ir GOST standartus<\/p>\n<p>3 lygi\u0173 akumuliatoriaus apsauga<\/p>\n<p>2 met\u0173 garantija<\/p>\n<p>Technin\u0117 specifikacija: <a href=\"https:\/\/tescomakademi.com\/katalog\/en\/DSPowerH(10-100kVA)-EN.pdf\" target=\"_blank\" rel=\"noopener\">DSPowerH(10-100kVA)-EN.pdf<\/a><\/p>\n<p>&nbsp;<\/p>\n<table width=\"983\">\n<tbody>\n<tr>\n<td width=\"170\">MODEL<\/td>\n<td colspan=\"8\" width=\"813\">DS330HB<\/td>\n<\/tr>\n<tr>\n<td width=\"170\">Power (kVA)<\/td>\n<td colspan=\"8\">30<\/td>\n<\/tr>\n<tr>\n<td colspan=\"9\" width=\"983\">INPUT<\/td>\n<\/tr>\n<tr>\n<td width=\"170\">Voltage<\/td>\n<td colspan=\"8\" width=\"813\">380\/400 VAC 3P + N + G \u00b1 20% (at 100% load) \/ &#8211; 40% (at 70% load)<\/td>\n<\/tr>\n<tr>\n<td width=\"170\">Frequency<\/td>\n<td colspan=\"8\" width=\"813\">50Hz \/ 60Hz, \u00b1 10%<\/td>\n<\/tr>\n<tr>\n<td width=\"170\">Power factor<\/td>\n<td colspan=\"8\" width=\"813\">\u2265 0.99 (at 100% load)<\/td>\n<\/tr>\n<tr>\n<td width=\"170\">THDI (*)<\/td>\n<td colspan=\"8\" width=\"813\">\u2264 3%<\/td>\n<\/tr>\n<tr>\n<td width=\"170\">By-pass voltage<\/td>\n<td colspan=\"8\" width=\"813\">380\/400 VAC 3 Phase + N, \u00b1 10%<\/td>\n<\/tr>\n<tr>\n<td width=\"170\">Voltage distortion<\/td>\n<td colspan=\"8\" width=\"813\">\u2264 10%<\/td>\n<\/tr>\n<tr>\n<td width=\"170\">Protection<\/td>\n<td colspan=\"8\" width=\"813\">Fuses, Voltage &amp; Frequency tolerance, Input power limit, Phase sequency indicator<\/td>\n<\/tr>\n<tr>\n<td colspan=\"9\" width=\"983\">OUTPUT<\/td>\n<\/tr>\n<tr>\n<td width=\"170\">Power (kW)<\/td>\n<td colspan=\"8\">30<\/td>\n<\/tr>\n<tr>\n<td width=\"170\">Power factor (**)<\/td>\n<td colspan=\"8\" width=\"813\">1.0 (0.8 &amp; 0..9 Optional)<\/td>\n<\/tr>\n<tr>\n<td width=\"170\">Voltage<\/td>\n<td colspan=\"8\" width=\"813\">380\/400 VAC 3F + N, \u00b1 %1<\/td>\n<\/tr>\n<tr>\n<td width=\"170\">Frequency<\/td>\n<td colspan=\"8\" width=\"813\">50Hz \/ 60Hz<\/td>\n<\/tr>\n<tr>\n<td width=\"170\">Frequency tolerance<\/td>\n<td colspan=\"8\" width=\"813\">Line synchronized: \u00b1 2% (adjustable) \/ Free running: \u00b1 0.1%<\/td>\n<\/tr>\n<tr>\n<td width=\"170\">Efficiency<\/td>\n<td colspan=\"8\" width=\"813\">up to 95%<\/td>\n<\/tr>\n<tr>\n<td width=\"170\">Crest factor<\/td>\n<td colspan=\"8\" width=\"813\">3:1<\/td>\n<\/tr>\n<tr>\n<td width=\"170\">Overload protection (***)<\/td>\n<td colspan=\"8\" width=\"813\">100% &#8211; 125% load: 10 min, 125% &#8211; 150% load: 1 min, &#8211; &gt; 150% load: by pass<\/td>\n<\/tr>\n<tr>\n<td width=\"170\">Other protections<\/td>\n<td colspan=\"8\" width=\"813\">Advanced short circuit, Voltage tolerance, DC balance, Regenerative load, Current limiting<\/td>\n<\/tr>\n<tr>\n<td width=\"170\">Voltage THD<\/td>\n<td colspan=\"8\" width=\"813\">\u2264 2% (linear load), \u2264 5% (non-linear load)<\/td>\n<\/tr>\n<tr>\n<td colspan=\"9\" width=\"983\">BATTERIES<\/td>\n<\/tr>\n<tr>\n<td width=\"170\">Type<\/td>\n<td colspan=\"8\" width=\"813\">VRLA AGM \/ GEL \/ NiCd<\/td>\n<\/tr>\n<tr>\n<td width=\"170\">Number of batteries<\/td>\n<td colspan=\"8\" width=\"813\">2&#215;30 (\u00b130): 60 pieces<\/td>\n<\/tr>\n<tr>\n<td width=\"170\">Charge voltage<\/td>\n<td colspan=\"8\" width=\"813\">2&#215;405 VDC<\/td>\n<\/tr>\n<tr>\n<td width=\"170\">End of discharge voltage<\/td>\n<td colspan=\"8\" width=\"813\">2&#215;300 VDC<\/td>\n<\/tr>\n<tr>\n<td width=\"170\">Battery cabinet<\/td>\n<td colspan=\"6\" width=\"610\">Internal<\/td>\n<td colspan=\"2\" width=\"203\">External<\/td>\n<\/tr>\n<tr>\n<td width=\"170\">Battery ambient temperature<\/td>\n<td colspan=\"8\" width=\"813\">25\u00baC<\/td>\n<\/tr>\n<tr>\n<td width=\"170\">Protections<\/td>\n<td colspan=\"8\" width=\"813\">3 level alarms, Battery fuses, Charging current limit, Temperature compensation (optional)<\/td>\n<\/tr>\n<tr>\n<td width=\"170\">Automatic testing<\/td>\n<td colspan=\"8\" width=\"813\">Standard every 72 hours (adjustable)<\/td>\n<\/tr>\n<tr>\n<td colspan=\"9\" width=\"983\">GENERAL<\/td>\n<\/tr>\n<tr>\n<td width=\"170\">Standards<\/td>\n<td colspan=\"8\" width=\"813\">EN62040-1, EN62040-2, EN62040-3<\/td>\n<\/tr>\n<tr>\n<td width=\"170\">User interface<\/td>\n<td colspan=\"8\" width=\"813\">4 lines LCD panel, Mimic leds, 5 vector buttons, Buzzer<\/td>\n<\/tr>\n<tr>\n<td width=\"170\">Indicators<\/td>\n<td colspan=\"8\" width=\"813\">P-N voltage, P-P voltage, Current, Power, Crest Factor, Frequency, PF, Service Time<\/td>\n<\/tr>\n<tr>\n<td width=\"170\">Advanced<\/td>\n<td colspan=\"8\" width=\"813\">Self diagnostics, 3 maintenance time indicators, Calibration over RS232,operating hour meter<\/td>\n<\/tr>\n<tr>\n<td width=\"170\">Communication<\/td>\n<td colspan=\"8\" width=\"813\">2xRS232 serial ports, 4 standard and 8 optional DRY contact alarm relays<\/td>\n<\/tr>\n<tr>\n<td width=\"170\">Inputs<\/td>\n<td colspan=\"8\" width=\"813\">EPO input, Interactive battery panel input, Genset input<\/td>\n<\/tr>\n<tr>\n<td width=\"170\">Genset kit<\/td>\n<td colspan=\"8\" width=\"813\">Standard (programmable)<\/td>\n<\/tr>\n<tr>\n<td width=\"170\">Software<\/td>\n<td colspan=\"8\" width=\"813\">Standard T-Mon UPS Management Software (3 clients + 1 server management)<\/td>\n<\/tr>\n<tr>\n<td width=\"170\">Alarm logging<\/td>\n<td colspan=\"8\" width=\"813\">Standard:with time &amp; date 512 events<\/td>\n<\/tr>\n<tr>\n<td width=\"170\">Protections<\/td>\n<td colspan=\"8\" width=\"813\">Power module over-temperature, Overcurrent, Temperature high alarm<\/td>\n<\/tr>\n<tr>\n<td width=\"170\">Temperature range<\/td>\n<td colspan=\"8\" width=\"813\">0\u00baC &#8211; 40\u00baC<\/td>\n<\/tr>\n<tr>\n<td width=\"170\">Protection degree<\/td>\n<td colspan=\"8\" width=\"813\">IP20<\/td>\n<\/tr>\n<tr>\n<td width=\"170\">Relative humidity<\/td>\n<td colspan=\"8\" width=\"813\">90% max. (non-condensing)<\/td>\n<\/tr>\n<tr>\n<td width=\"170\">Altitude<\/td>\n<td colspan=\"8\" width=\"813\">&lt; 1000m above sea level<\/td>\n<\/tr>\n<tr>\n<td width=\"170\">Acoustic noise<\/td>\n<td colspan=\"8\" width=\"813\">&lt; 57dBA<\/td>\n<\/tr>\n<tr>\n<td width=\"170\">Weight (kg)<\/td>\n<td colspan=\"8\">100<\/td>\n<\/tr>\n<tr>\n<td width=\"170\">Dimensions (mm) HxWxD<\/td>\n<td colspan=\"8\" width=\"813\">1040x400x815<\/td>\n<\/tr>\n<tr>\n<td colspan=\"9\" width=\"983\">OPTIONS<\/td>\n<\/tr>\n<tr>\n<td width=\"170\">Different input \/ output voltage<\/td>\n<td colspan=\"8\" width=\"813\">Please ask<\/td>\n<\/tr>\n<tr>\n<td width=\"170\">Transformer<\/td>\n<td colspan=\"8\" width=\"813\">Galvanic isolation transformer at the input &amp; output (internal)<\/td>\n<\/tr>\n<tr>\n<td width=\"170\">Software<\/td>\n<td colspan=\"8\" width=\"813\">T-Mon Admin Multi UPS monitoring 10-50-100-200 clients, T-Mon Server 50-100-200 clients<\/td>\n<\/tr>\n<tr>\n<td width=\"170\">Adaptors<\/td>\n<td colspan=\"8\" width=\"813\">SNMP, RS485, Remote monitoring panel, MODBUS (RS485 or TCP\/IP), TCP\/IP, GSM\/GPRS Modem, Comport multiplexer<\/td>\n<\/tr>\n<tr>\n<td width=\"170\">Parallel operation<\/td>\n<td colspan=\"8\" width=\"813\">Up to 8 units<\/td>\n<\/tr>\n<tr>\n<td colspan=\"9\" width=\"983\">(*) Depending on power and input\/output conditions.<\/td>\n<\/tr>\n<tr>\n<td colspan=\"9\" width=\"983\">(**) Please ask for PF 0.8 and 0.9<\/td>\n<\/tr>\n<tr>\n<td colspan=\"9\" width=\"983\">(***) The waiting times for excessive loads vary depending on the ambient temperature.<\/td>\n<\/tr>\n<\/tbody>\n<\/table>\n<p>&nbsp;<\/p>\n","protected":false},"excerpt":{"rendered":"<p>DS Power H Online UPS naudoja naujausi\u0105 DSP technologij\u0105, kuri yra suprogramuota taip, kad tikt\u0173 \u012fvairioms elektros aplinkoms, nepakenkiant jos veikimui. Naudojant 3 lygi\u0173 topologij\u0105, efektyvumas, patikimumas ir funkcionalumas buvo padidintas iki tokio lygio, kurio ne\u012fmanoma pasiekti naudojant sen\u0105j\u0105 analogin\u0119 technologij\u0105. \u0160i technologija ne tik \u017eymiai padidina MTBF, bet ir DSP geb\u0117jimus tiksliai apdoroti signalus labai dideliu grei\u010diu, bei leid\u017eia valdyti visas UPS posistemes \u017eymiai didesniu tikslumu.<\/p>\n","protected":false},"featured_media":1608,"menu_order":197,"comment_status":"closed","ping_status":"closed","template":"","meta":{"_acf_changed":false},"product_brand":[],"product_cat":[73],"product_tag":[],"class_list":{"0":"post-1585","1":"product","2":"type-product","3":"status-publish","4":"has-post-thumbnail","6":"product_cat-trifaziai-nepertraukiamo-maitinimo-saltiniai-tescom-nepertraukiamo-maitinimo-saltiniai","8":"first","9":"onbackorder","10":"shipping-taxable","11":"purchasable","12":"product-type-simple"},"acf":[],"_links":{"self":[{"href":"https:\/\/elicsgroup.com\/en\/wp-json\/wp\/v2\/product\/1585","targetHints":{"allow":["GET"]}}],"collection":[{"href":"https:\/\/elicsgroup.com\/en\/wp-json\/wp\/v2\/product"}],"about":[{"href":"https:\/\/elicsgroup.com\/en\/wp-json\/wp\/v2\/types\/product"}],"replies":[{"embeddable":true,"href":"https:\/\/elicsgroup.com\/en\/wp-json\/wp\/v2\/comments?post=1585"}],"wp:featuredmedia":[{"embeddable":true,"href":"https:\/\/elicsgroup.com\/en\/wp-json\/wp\/v2\/media\/1608"}],"wp:attachment":[{"href":"https:\/\/elicsgroup.com\/en\/wp-json\/wp\/v2\/media?parent=1585"}],"wp:term":[{"taxonomy":"product_brand","embeddable":true,"href":"https:\/\/elicsgroup.com\/en\/wp-json\/wp\/v2\/product_brand?post=1585"},{"taxonomy":"product_cat","embeddable":true,"href":"https:\/\/elicsgroup.com\/en\/wp-json\/wp\/v2\/product_cat?post=1585"},{"taxonomy":"product_tag","embeddable":true,"href":"https:\/\/elicsgroup.com\/en\/wp-json\/wp\/v2\/product_tag?post=1585"}],"curies":[{"name":"wp","href":"https:\/\/api.w.org\/{rel}","templated":true}]}}