{"id":1584,"date":"2025-03-24T09:18:05","date_gmt":"2025-03-24T07:18:05","guid":{"rendered":"https:\/\/elicsgroup.com\/?post_type=product&#038;p=1584"},"modified":"2025-07-31T17:16:24","modified_gmt":"2025-07-31T14:16:24","slug":"ups-20000va-20000w-online-tower-3f-380-400v-ds320sh-pf1","status":"publish","type":"product","link":"https:\/\/elicsgroup.com\/en\/produktas\/ups-20000va-20000w-online-tower-3f-380-400v-ds320sh-pf1\/","title":{"rendered":"UPS 20000VA\/20000W Online, Tower, 3F, 380\/400V DS320SH PF=1"},"content":{"rendered":"<p>Pagrindin\u0117s funkcijos:<\/p>\n<p>DSP valdoma modulin\u0117 strukt\u016bra<\/p>\n<p>\u017demas \u012fvesties srov\u0117s bendras harmoninis i\u0161kraipymas (THDi)<\/p>\n<p>Auk\u0161tas \u012f\u0117jimo galios koeficientas<\/p>\n<p>Didelis efektyvumas iki 94%<\/p>\n<p>Pasirenkama \u012f\u0117jimo\/i\u0161\u0117jimo \u012ftampa\/da\u017eni\u0173 diapazonas<\/p>\n<p>Ekologinio re\u017eimo veikimas (pasirinktinai)<\/p>\n<p>Padalytas ap\u0117jimo \u012f\u0117jimas (dvigubas \u012f\u0117jimas)<\/p>\n<p>Pasirenkamas 0,8 ir 1,0 i\u0161\u0117jimo galios koeficientas (PF)<\/p>\n<p>\u0160alto paleidimo funkcija<\/p>\n<p>Atitinka CE, TSE ir GOST standartus<\/p>\n<p>3 lygi\u0173 akumuliatoriaus apsauga<\/p>\n<p>2 met\u0173 garantija<\/p>\n<p>Technin\u0117 specifikacija: <a href=\"https:\/\/eshop.elicsgroup.com\/wp-content\/uploads\/DSPowerSH.pdf\">DSPowerSH<\/a><\/p>\n<p>&nbsp;<\/p>\n<table width=\"982\">\n<tbody>\n<tr>\n<td width=\"186\">MODEL<\/td>\n<td colspan=\"3\" width=\"796\">DS320SH<\/td>\n<\/tr>\n<tr>\n<td width=\"186\">Power (kVA)<\/td>\n<td colspan=\"3\">20<\/td>\n<\/tr>\n<tr>\n<td colspan=\"4\" width=\"982\">INPUT<\/td>\n<\/tr>\n<tr>\n<td width=\"186\">Voltage<\/td>\n<td colspan=\"3\" width=\"796\">380\/400 VAC 3P + N + G \u00b1 20%<\/td>\n<\/tr>\n<tr>\n<td width=\"186\">Frequency<\/td>\n<td colspan=\"3\" width=\"796\">50Hz \/ 60Hz, \u00b1 10%<\/td>\n<\/tr>\n<tr>\n<td width=\"186\">Power factor (at 100% load)<\/td>\n<td colspan=\"3\" width=\"796\">\u2265 0.99<\/td>\n<\/tr>\n<tr>\n<td width=\"186\">THDI (at 100% load)<\/td>\n<td colspan=\"3\" width=\"796\">\u2264 4% (depends on mains input conditions)<\/td>\n<\/tr>\n<tr>\n<td width=\"186\">By-pass voltage<\/td>\n<td colspan=\"3\" width=\"796\">380\/400 VAC 3P + N, 4 Wires, \u00b1 10%<\/td>\n<\/tr>\n<tr>\n<td width=\"186\">Voltage distortion<\/td>\n<td colspan=\"3\" width=\"796\">\u2264 10%<\/td>\n<\/tr>\n<tr>\n<td width=\"186\">Protection<\/td>\n<td colspan=\"3\" width=\"796\">Fuses, Voltage &amp; Frequency Tolerance<\/td>\n<\/tr>\n<tr>\n<td colspan=\"4\" width=\"982\">OUTPUT<\/td>\n<\/tr>\n<tr>\n<td width=\"186\">Power (kW)<\/td>\n<td colspan=\"3\">20<\/td>\n<\/tr>\n<tr>\n<td width=\"186\">Power factor (*)<\/td>\n<td colspan=\"3\">1.0<\/td>\n<\/tr>\n<tr>\n<td width=\"186\">Voltage<\/td>\n<td colspan=\"3\" width=\"796\">380\/400 VAC 3P + N, \u00b1 1%<\/td>\n<\/tr>\n<tr>\n<td width=\"186\">Frequency<\/td>\n<td colspan=\"3\" width=\"796\">50Hz \/ 60Hz<\/td>\n<\/tr>\n<tr>\n<td width=\"186\">Frequency tolerance<\/td>\n<td colspan=\"3\" width=\"796\">Line synchronized: \u00b1 2% \/ Free running: \u00b1 0.1%<\/td>\n<\/tr>\n<tr>\n<td width=\"186\">Efficiency (at 100% load)<\/td>\n<td colspan=\"3\">94%<\/td>\n<\/tr>\n<tr>\n<td width=\"186\">Crest factor<\/td>\n<td colspan=\"3\" width=\"796\">3:1<\/td>\n<\/tr>\n<tr>\n<td width=\"186\">Overload protection (**)<\/td>\n<td colspan=\"3\" width=\"796\">100% &#8211; 125% load: 10 min, 125% &#8211; 150% load: 1 min, &#8211; &gt; 150% load: by pass<\/td>\n<\/tr>\n<tr>\n<td width=\"186\">Protection<\/td>\n<td colspan=\"3\" width=\"796\">Fuses,Advanced short circuit, Voltage tolerance, DC balance, Regenerative load, Current limiting<\/td>\n<\/tr>\n<tr>\n<td width=\"186\">Voltage THD<\/td>\n<td colspan=\"3\" width=\"796\">\u2264 2% (linear load), \u2264 5% (non-linear load)<\/td>\n<\/tr>\n<tr>\n<td colspan=\"4\" width=\"982\">BATTERIES<\/td>\n<\/tr>\n<tr>\n<td width=\"186\">Type<\/td>\n<td colspan=\"3\" width=\"796\">VRLA AGM \/ GEL \/ NiCd<\/td>\n<\/tr>\n<tr>\n<td width=\"186\">Number of batteries<\/td>\n<td colspan=\"3\" width=\"796\">60 (\u00b1 30) batteries<\/td>\n<\/tr>\n<tr>\n<td width=\"186\">Float charging voltage<\/td>\n<td colspan=\"3\" width=\"796\">\u00b1 405 VDC (adjustable)<\/td>\n<\/tr>\n<tr>\n<td width=\"186\">End of discharge voltage<\/td>\n<td colspan=\"3\" width=\"796\">\u00b1 300 VDC (adjustable)<\/td>\n<\/tr>\n<tr>\n<td width=\"186\">Battery cabinet<\/td>\n<td colspan=\"3\" width=\"796\">External (attached cabinet at the bottom of UPS)<\/td>\n<\/tr>\n<tr>\n<td width=\"186\">Battery ambient temperature<\/td>\n<td colspan=\"3\" width=\"796\">25\u00b0C<\/td>\n<\/tr>\n<tr>\n<td width=\"186\">Battery protection<\/td>\n<td colspan=\"3\" width=\"796\">3 level alarms, Battery fuses, Charging current limit, Temperature compensation (optional)<\/td>\n<\/tr>\n<tr>\n<td width=\"186\">Automatic battery test<\/td>\n<td colspan=\"3\" width=\"796\">Standard: every 72 hours (adjustable)<\/td>\n<\/tr>\n<tr>\n<td colspan=\"4\" width=\"982\">GENERAL<\/td>\n<\/tr>\n<tr>\n<td width=\"186\">Standards<\/td>\n<td colspan=\"3\" width=\"796\">EN62040-1, EN62040-2, EN62040-3<\/td>\n<\/tr>\n<tr>\n<td width=\"186\">User interface<\/td>\n<td colspan=\"3\" width=\"796\">4 lines LCD panel, Mimic leds, 5 vector buttons, buzzer<\/td>\n<\/tr>\n<tr>\n<td width=\"186\">Indicators<\/td>\n<td colspan=\"3\" width=\"796\">P-N voltage, P-P voltage, Current, Power, Crest Factor, Frequency, PF, Service Time<\/td>\n<\/tr>\n<tr>\n<td width=\"186\">Advanced<\/td>\n<td colspan=\"3\" width=\"796\">Self diagnostics, 3 maintenance time indicators, Calibration over RS232,operating hour meter<\/td>\n<\/tr>\n<tr>\n<td width=\"186\">Communication<\/td>\n<td colspan=\"3\" width=\"796\">RS232 serial port, 3 programmable dry contact outputs<\/td>\n<\/tr>\n<tr>\n<td width=\"186\">Inputs<\/td>\n<td colspan=\"3\" width=\"796\">EPO input<\/td>\n<\/tr>\n<tr>\n<td width=\"186\">Genset kit<\/td>\n<td colspan=\"3\" width=\"796\">Standard (programmable)<\/td>\n<\/tr>\n<tr>\n<td width=\"186\">Software<\/td>\n<td colspan=\"3\" width=\"796\">Standard T-Mon UPS Management Software (3 clients + 1 server management)<\/td>\n<\/tr>\n<tr>\n<td width=\"186\">Alarm logging<\/td>\n<td colspan=\"3\" width=\"796\">Standard: with time &amp; date 512 events<\/td>\n<\/tr>\n<tr>\n<td width=\"186\">Protection<\/td>\n<td colspan=\"3\" width=\"796\">Power module over temperature, Over current, Temperature high alarms<\/td>\n<\/tr>\n<tr>\n<td width=\"186\">Operating temperature<\/td>\n<td colspan=\"3\" width=\"796\">0\u00b0C &#8211; 40\u00b0C<\/td>\n<\/tr>\n<tr>\n<td width=\"186\">Protection degree<\/td>\n<td colspan=\"3\" width=\"796\">IP20<\/td>\n<\/tr>\n<tr>\n<td width=\"186\">Relative humidity<\/td>\n<td colspan=\"3\" width=\"796\">90% max. (non-condensing)<\/td>\n<\/tr>\n<tr>\n<td width=\"186\">Altitude<\/td>\n<td colspan=\"3\" width=\"796\">&lt; 1000m. above sea level<\/td>\n<\/tr>\n<tr>\n<td width=\"186\">Acoustic noise<\/td>\n<td colspan=\"3\" width=\"796\">&lt; 57 dBA<\/td>\n<\/tr>\n<tr>\n<td width=\"186\">Weight (kg)<\/td>\n<td colspan=\"3\">51<\/td>\n<\/tr>\n<tr>\n<td width=\"186\">Dimensions (mm) HxWxD<\/td>\n<td colspan=\"3\" width=\"796\">700x300x770 (without batt.) \/ 1170x300x800 (with 7-9ah batt.)<\/td>\n<\/tr>\n<tr>\n<td colspan=\"4\" width=\"982\">OPTIONS<\/td>\n<\/tr>\n<tr>\n<td width=\"186\">Different input \/ output voltage<\/td>\n<td colspan=\"3\" width=\"796\">Please ask<\/td>\n<\/tr>\n<tr>\n<td width=\"186\">Adaptors<\/td>\n<td colspan=\"3\" width=\"796\">SNMP, MODBUS, RS485, Remote panel<\/td>\n<\/tr>\n<tr>\n<td width=\"186\">Software<\/td>\n<td colspan=\"3\" width=\"796\">T-Mon Admin Multi UPS monitoring 10-50-100-200 clients, T-Mon Server 50-100-200 clients<\/td>\n<\/tr>\n<tr>\n<td colspan=\"4\" width=\"982\">(*) Ask for 0.8 and 0.9 power factor.<\/td>\n<\/tr>\n<tr>\n<td colspan=\"4\" width=\"982\">(**) The waiting times for excessive loads vary depending on the ambient temperature.<\/td>\n<\/tr>\n<\/tbody>\n<\/table>\n<p>&nbsp;<\/p>\n","protected":false},"excerpt":{"rendered":"<p>DS Power SH Online UPS \u0161siskiria savo ergonomi\u0161ku dizainu, u\u017eima ma\u017eiau vietos. Jame yra naujausia DSP technologija, kuri suprogramuota taip, kad tikt\u0173 \u012fvairioms aplinkoms, nepakenkiant na\u0161umui.<\/p>\n","protected":false},"featured_media":1608,"menu_order":193,"comment_status":"closed","ping_status":"closed","template":"","meta":{"_acf_changed":false},"product_brand":[],"product_cat":[73],"product_tag":[],"class_list":{"0":"post-1584","1":"product","2":"type-product","3":"status-publish","4":"has-post-thumbnail","6":"product_cat-trifaziai-nepertraukiamo-maitinimo-saltiniai-tescom-nepertraukiamo-maitinimo-saltiniai","8":"first","9":"onbackorder","10":"shipping-taxable","11":"purchasable","12":"product-type-simple"},"acf":[],"_links":{"self":[{"href":"https:\/\/elicsgroup.com\/en\/wp-json\/wp\/v2\/product\/1584","targetHints":{"allow":["GET"]}}],"collection":[{"href":"https:\/\/elicsgroup.com\/en\/wp-json\/wp\/v2\/product"}],"about":[{"href":"https:\/\/elicsgroup.com\/en\/wp-json\/wp\/v2\/types\/product"}],"replies":[{"embeddable":true,"href":"https:\/\/elicsgroup.com\/en\/wp-json\/wp\/v2\/comments?post=1584"}],"wp:featuredmedia":[{"embeddable":true,"href":"https:\/\/elicsgroup.com\/en\/wp-json\/wp\/v2\/media\/1608"}],"wp:attachment":[{"href":"https:\/\/elicsgroup.com\/en\/wp-json\/wp\/v2\/media?parent=1584"}],"wp:term":[{"taxonomy":"product_brand","embeddable":true,"href":"https:\/\/elicsgroup.com\/en\/wp-json\/wp\/v2\/product_brand?post=1584"},{"taxonomy":"product_cat","embeddable":true,"href":"https:\/\/elicsgroup.com\/en\/wp-json\/wp\/v2\/product_cat?post=1584"},{"taxonomy":"product_tag","embeddable":true,"href":"https:\/\/elicsgroup.com\/en\/wp-json\/wp\/v2\/product_tag?post=1584"}],"curies":[{"name":"wp","href":"https:\/\/api.w.org\/{rel}","templated":true}]}}