{"id":1580,"date":"2025-03-24T09:18:05","date_gmt":"2025-03-24T07:18:05","guid":{"rendered":"https:\/\/elicsgroup.com\/?post_type=product&#038;p=1580"},"modified":"2025-07-31T17:16:25","modified_gmt":"2025-07-31T14:16:25","slug":"ups-6000va-6000w-online-tower-1f-230v-teos-106-12v-16x9ah","status":"publish","type":"product","link":"https:\/\/elicsgroup.com\/en\/produktas\/ups-6000va-6000w-online-tower-1f-230v-teos-106-12v-16x9ah\/","title":{"rendered":"UPS 6000VA\/6000W Online, Tower, 1F, 230V Teos+ 106, 12V \/ 16x9Ah"},"content":{"rendered":"<p>Pagrindin\u0117s funkcijos:<\/p>\n<p>Aktyviosios galios koeficiento korekcija (APFC), \u012f\u0117jimo galios koeficientas iki 0,99<\/p>\n<p>Didelis naudingumo koeficientas 95 % (iki 98 % ECO re\u017eimu)<\/p>\n<p>Platus \u012f\u0117jimo \u012ftampos (110 ~ 288 Vac) ir da\u017enio (40 ~ 70 Hz) diapazonas<\/p>\n<p>Skaitmeniniu b\u016bdu valdomas \u012fkroviklis<\/p>\n<p>Lanksti akumuliatori\u0173 konfig\u016bracija (galima nustatyti 16-20 vnt. akumuliatori\u0173)<\/p>\n<p>Skaitmeniniu b\u016bdu valdomas \u012fkroviklis<\/p>\n<p>\u012ekrovimo \u012ftampa ir srov\u0117 konfig\u016bruojama pagal poreikius<\/p>\n<p>Ventiliatoriaus greitis kei\u010diasi priklausomai nuo temperat\u016bros, tod\u0117l suma\u017e\u0117ja triuk\u0161mas ir pailg\u0117ja<br \/>\ntarnavimo laikas<\/p>\n<p>Komunikacijos: RS232, USB, RS485, SNMP ir saus\u0173 kontakt\u0173 ry\u0161io s\u0105sajos<\/p>\n<p><a href=\"https:\/\/www.tescom-ups.com\/en\/product\/teos-100-78\" target=\"_blank\" rel=\"noopener\">TEOS+ 100 (6 &#8211; 10kVA) &#8211; Online 1 Phase \/ 1 Phase UPS &#8211; Uninterruptible Power Supply (UPS) &#8211; Products | Tescom UPS (tescom-ups.com)<\/a><\/p>\n<p>&nbsp;<\/p>\n<table width=\"981\">\n<tbody>\n<tr>\n<td width=\"197\">MODEL<\/td>\n<td colspan=\"2\" width=\"784\">Teos+ 106<\/td>\n<\/tr>\n<tr>\n<td width=\"197\">Capacity<\/td>\n<td colspan=\"2\" width=\"784\">6 kVA \/ 6000 W<\/td>\n<\/tr>\n<tr>\n<td colspan=\"3\" width=\"981\">INPUT<\/td>\n<\/tr>\n<tr>\n<td width=\"197\">Input wiring<\/td>\n<td colspan=\"2\" width=\"784\">Single-phase three-wire (1\u03a6 + N + PE)<\/td>\n<\/tr>\n<tr>\n<td width=\"197\">Rated voltage<\/td>\n<td colspan=\"2\" width=\"784\">208 \/ 220 \/ 230 \/ 240 Vac<\/td>\n<\/tr>\n<tr>\n<td width=\"197\">Voltage range<\/td>\n<td colspan=\"2\" width=\"784\">110 ~ 176 Vac (linear derating between 50% and 100% load);<br \/>\n176 ~ 288 Vac (no derating)<\/td>\n<\/tr>\n<tr>\n<td width=\"197\">Rated frequency<\/td>\n<td colspan=\"2\" width=\"784\">50 \/ 60 Hz (auto-sensing)<\/td>\n<\/tr>\n<tr>\n<td width=\"197\">Frequency range<\/td>\n<td colspan=\"2\" width=\"784\">40 ~ 70 Hz<\/td>\n<\/tr>\n<tr>\n<td width=\"197\">Power factor<\/td>\n<td colspan=\"2\" width=\"784\">\u2265 0.99<\/td>\n<\/tr>\n<tr>\n<td width=\"197\">Bypass voltage range<\/td>\n<td colspan=\"2\" width=\"784\">&#8211; 40% ~ +15% (settable)<\/td>\n<\/tr>\n<tr>\n<td width=\"197\">Total harmonic distortion (THDi)<\/td>\n<td colspan=\"2\" width=\"784\">\u2264 5%<\/td>\n<\/tr>\n<tr>\n<td colspan=\"3\" width=\"981\">OUTPUT<\/td>\n<\/tr>\n<tr>\n<td width=\"197\">Output wiring<\/td>\n<td colspan=\"2\" width=\"784\">Single-phase three-wire (1\u03a6 + N + PE)<\/td>\n<\/tr>\n<tr>\n<td width=\"197\">Rated voltage<\/td>\n<td colspan=\"2\" width=\"784\">208 (PF=0.9) \/ 220 \/ 230 \/ 240 Vac<\/td>\n<\/tr>\n<tr>\n<td width=\"197\">Voltage regulation<\/td>\n<td colspan=\"2\" width=\"784\">\u00b1 1%<\/td>\n<\/tr>\n<tr>\n<td width=\"197\">Frequency<\/td>\n<td colspan=\"2\" width=\"784\">Synchronized to bypass in mains mode; 50 \/ 60 Hz \u00b1 0.1% Hz in battery mode<\/td>\n<\/tr>\n<tr>\n<td width=\"197\">Waveform<\/td>\n<td colspan=\"2\" width=\"784\">Sinusoidal<\/td>\n<\/tr>\n<tr>\n<td width=\"197\">Power factor<\/td>\n<td colspan=\"2\">1.0<\/td>\n<\/tr>\n<tr>\n<td width=\"197\">Total harmonic distortion (THDv)<\/td>\n<td colspan=\"2\" width=\"784\">\u2264 1% (linear load);<br \/>\n\u2264 4% (non-linear load)<\/td>\n<\/tr>\n<tr>\n<td width=\"197\">Crest factor<\/td>\n<td colspan=\"2\" width=\"784\">3:1<\/td>\n<\/tr>\n<tr>\n<td width=\"197\">Overload<\/td>\n<td colspan=\"2\" width=\"784\">105% ~ 110% for 10 min, 110% ~ 125% for 1 min,126% ~ 150% for 30s<\/td>\n<\/tr>\n<tr>\n<td colspan=\"3\" width=\"981\">BATTERIES<\/td>\n<\/tr>\n<tr>\n<td width=\"197\">DC voltage<\/td>\n<td colspan=\"2\" width=\"784\">192 Vdc (192 ~ 240 Vdc settable)<\/td>\n<\/tr>\n<tr>\n<td width=\"197\">Number of battery<\/td>\n<td colspan=\"2\" width=\"784\">16 pcs (16 ~ 20 settable)<\/td>\n<\/tr>\n<tr>\n<td width=\"197\">Inbuilt battery (standard model)<\/td>\n<td colspan=\"2\" width=\"784\">12V \/ 9Ah \u00d7 16<\/td>\n<\/tr>\n<tr>\n<td width=\"197\">Charging current<\/td>\n<td colspan=\"2\" width=\"784\">Standard model: 1 A;<br \/>\nLong time model: 5 A (default),1 ~ 5 A settable; 12 A (optional)<\/td>\n<\/tr>\n<tr>\n<td width=\"197\">Recharge time<\/td>\n<td colspan=\"2\" width=\"784\">Standard model: 90% capacity restored in 8 hours; Long time model: depend on the capacity of battery<\/td>\n<\/tr>\n<tr>\n<td colspan=\"3\" width=\"981\">SYSTEM<\/td>\n<\/tr>\n<tr>\n<td width=\"197\">Efficiency<\/td>\n<td colspan=\"2\" width=\"784\">\u2265 94% at 100% load, max. 95% at 60% load, \u2265 98% in ECO mode<\/td>\n<\/tr>\n<tr>\n<td width=\"197\">Transfer time<\/td>\n<td colspan=\"2\" width=\"784\">0 ms<\/td>\n<\/tr>\n<tr>\n<td width=\"197\">Protections<\/td>\n<td colspan=\"2\" width=\"784\">Short-circuit, overload, overtemperature, battery low voltage, overvoltage, undervoltage and fan failure<\/td>\n<\/tr>\n<tr>\n<td width=\"197\">Max. number of parallel connections<\/td>\n<td colspan=\"2\">4<\/td>\n<\/tr>\n<tr>\n<td width=\"197\">Communications<\/td>\n<td colspan=\"2\" width=\"784\">RS232 (standard), USB \/ RS485 \/ dry contacts \/ SNMP \/ battery temperature compensation (optional)<\/td>\n<\/tr>\n<tr>\n<td width=\"197\">Display<\/td>\n<td colspan=\"2\" width=\"784\">LCD + LED<\/td>\n<\/tr>\n<tr>\n<td colspan=\"3\" width=\"981\">OTHERS<\/td>\n<\/tr>\n<tr>\n<td width=\"197\">Operating temperature<\/td>\n<td colspan=\"2\" width=\"784\">0\u00b0C ~ 40\u00b0C<\/td>\n<\/tr>\n<tr>\n<td width=\"197\">Storage temperature<\/td>\n<td colspan=\"2\" width=\"784\">\u2212 25\u00b0C ~ 55\u00b0C (without battery)<\/td>\n<\/tr>\n<tr>\n<td width=\"197\">Relative humidity<\/td>\n<td colspan=\"2\" width=\"784\">0 ~ 95% (non-condensing)<\/td>\n<\/tr>\n<tr>\n<td width=\"197\">Altitude<\/td>\n<td colspan=\"2\" width=\"784\">\u2264 1000 m, derating 1% for each additional 100 m<\/td>\n<\/tr>\n<tr>\n<td width=\"197\">IP rating<\/td>\n<td colspan=\"2\" width=\"784\">IP 20<\/td>\n<\/tr>\n<tr>\n<td width=\"197\">Noise level at 1m<\/td>\n<td colspan=\"2\" width=\"784\">\u2264 55 dB<\/td>\n<\/tr>\n<tr>\n<td width=\"197\">Dimensions (HxWxD) (mm)<\/td>\n<td colspan=\"2\" width=\"784\">711x191x465 (S), 350x191x465 (XL)<\/td>\n<\/tr>\n<tr>\n<td width=\"197\">Packaged dimensions (HxWxD) (mm)<\/td>\n<td colspan=\"2\" width=\"784\">941x310x654 (S), 475x 318&#215;595 (XL)<\/td>\n<\/tr>\n<tr>\n<td width=\"197\">Net weight (kg)<\/td>\n<td colspan=\"2\" width=\"784\">53 (S), 14.5 (XL)<\/td>\n<\/tr>\n<tr>\n<td width=\"197\">Gross weight (kg)<\/td>\n<td colspan=\"2\" width=\"784\">61 (S), 16 (XL)<\/td>\n<\/tr>\n<\/tbody>\n<\/table>\n<p>&nbsp;<\/p>\n","protected":false},"excerpt":{"rendered":"<p>TEOS+ 100 Online UPS yra nepertraukiamo maitinimo \u0161altinis, sukurtas naudojant tikr\u0105 dvigubos konversijos technologij\u0105 ir DSP (skaitmenini\u0173 signal\u0173 procesori\u0173). Didelis efektyvumas, i\u0161\u0117jimo galios koeficientas yra 1, o \u012f\u0117jimo galios koeficientas \u2265 0,99. D\u0117l tylaus veikimo jis ypa\u010d tinkamas naudoti namuose ir biure.<\/p>\n","protected":false},"featured_media":1607,"menu_order":202,"comment_status":"closed","ping_status":"closed","template":"","meta":{"_acf_changed":false},"product_brand":[],"product_cat":[72],"product_tag":[],"class_list":{"0":"post-1580","1":"product","2":"type-product","3":"status-publish","4":"has-post-thumbnail","6":"product_cat-vienfaziai-nepertraukiamo-maitinimo-saltiniai-tescom-nepertraukiamo-maitinimo-saltiniai","8":"first","9":"outofstock","10":"shipping-taxable","11":"purchasable","12":"product-type-simple"},"acf":[],"_links":{"self":[{"href":"https:\/\/elicsgroup.com\/en\/wp-json\/wp\/v2\/product\/1580","targetHints":{"allow":["GET"]}}],"collection":[{"href":"https:\/\/elicsgroup.com\/en\/wp-json\/wp\/v2\/product"}],"about":[{"href":"https:\/\/elicsgroup.com\/en\/wp-json\/wp\/v2\/types\/product"}],"replies":[{"embeddable":true,"href":"https:\/\/elicsgroup.com\/en\/wp-json\/wp\/v2\/comments?post=1580"}],"wp:featuredmedia":[{"embeddable":true,"href":"https:\/\/elicsgroup.com\/en\/wp-json\/wp\/v2\/media\/1607"}],"wp:attachment":[{"href":"https:\/\/elicsgroup.com\/en\/wp-json\/wp\/v2\/media?parent=1580"}],"wp:term":[{"taxonomy":"product_brand","embeddable":true,"href":"https:\/\/elicsgroup.com\/en\/wp-json\/wp\/v2\/product_brand?post=1580"},{"taxonomy":"product_cat","embeddable":true,"href":"https:\/\/elicsgroup.com\/en\/wp-json\/wp\/v2\/product_cat?post=1580"},{"taxonomy":"product_tag","embeddable":true,"href":"https:\/\/elicsgroup.com\/en\/wp-json\/wp\/v2\/product_tag?post=1580"}],"curies":[{"name":"wp","href":"https:\/\/api.w.org\/{rel}","templated":true}]}}