{"id":1574,"date":"2025-03-24T09:18:05","date_gmt":"2025-03-24T07:18:05","guid":{"rendered":"https:\/\/elicsgroup.com\/?post_type=product&#038;p=1574"},"modified":"2025-07-31T17:16:24","modified_gmt":"2025-07-31T14:16:24","slug":"ups-10000va-10000w-online-tower-rack-1f-230v-teos-110rt-12v-16x9ah","status":"publish","type":"product","link":"https:\/\/elicsgroup.com\/en\/produktas\/ups-10000va-10000w-online-tower-rack-1f-230v-teos-110rt-12v-16x9ah\/","title":{"rendered":"UPS 10000VA\/10000W Online, Tower\/Rack, 1F, 230V Teos+ 110RT, 12V \/ 16x9Ah"},"content":{"rendered":"<p>Pagrindin\u0117s funkcijos:<\/p>\n<p>Didelio da\u017enio dvigubos konversijos on-line technologija<\/p>\n<p>DSP (skaitmenini\u0173 signal\u0173 procesori\u0173) valdymo technologija<\/p>\n<p>Aktyvioji galios koeficiento korekcija (APFC), \u012f\u0117jimo galios koeficientas iki 0,99<\/p>\n<p>I\u0161\u0117jimo galios koeficientas 0,9<\/p>\n<p>Platus \u012f\u0117jimo \u012ftampos (110 V ~ 300 Vac) ir da\u017enio (40 ~ 70 Hz) diapazonas<\/p>\n<p>\u0160altasis paleidimas<\/p>\n<p>Galinio v\u0117dinimo konstrukcija ir kintamo grei\u010dio ventiliatorius<\/p>\n<p>Greitas ir stabilus \u012fkrovimas, 90 % talpos atkuriama per 4 val. (standartinis UPS modelis)<\/p>\n<p>Nustatomas atid\u0117tas paleidimas, kai atkuriamas maitinimas<\/p>\n<p>Pa\u017eangus akumuliatoriaus valdymas (ABM)<\/p>\n<p>Pasirinktinai USB, RS485 kortel\u0117, AS400 sausieji kontaktai, SNMP kortel\u0117, SMS pavojaus signalai, EPO<br \/>\nfunkcija, MBS (i\u0161orinis technin\u0117s prie\u017ei\u016bros ap\u0117jimo jungiklis)<\/p>\n<p><a href=\"https:\/\/www.tescom-ups.com\/en\/product\/teos-100rt-81\" target=\"_blank\" rel=\"noopener\">TEOS+ 100RT (6-10 kVA) &#8211; Products | Tescom UPS (tescom-ups.com)<\/a><\/p>\n<p>&nbsp;<\/p>\n<table width=\"982\">\n<tbody>\n<tr>\n<td width=\"216\">MODEL<\/td>\n<td colspan=\"2\" width=\"766\">Teos+ 110RT<\/td>\n<\/tr>\n<tr>\n<td width=\"216\">Capacity<\/td>\n<td colspan=\"2\" width=\"766\">10 kVA \/ 10 kW<\/td>\n<\/tr>\n<tr>\n<td colspan=\"3\" width=\"982\">INPUT<\/td>\n<\/tr>\n<tr>\n<td width=\"216\">Input wiring<\/td>\n<td colspan=\"2\" width=\"766\">Single-phase three-wire (L + N + PE)<\/td>\n<\/tr>\n<tr>\n<td width=\"216\">Rated voltage<\/td>\n<td colspan=\"2\" width=\"766\">208 \/ 220 \/ 230 \/ 240 Vac<\/td>\n<\/tr>\n<tr>\n<td width=\"216\">Voltage range<\/td>\n<td colspan=\"2\" width=\"766\">110 &#8211; 176 Vac (linear derating between 50% and 100% load); 176 &#8211; 288 Vac (no derating)<\/td>\n<\/tr>\n<tr>\n<td width=\"216\">Rated frequency<\/td>\n<td colspan=\"2\" width=\"766\">50\/60Hz (auto-sensing)<\/td>\n<\/tr>\n<tr>\n<td width=\"216\">Frequency range<\/td>\n<td colspan=\"2\" width=\"766\">40 &#8211; 70 Hz<\/td>\n<\/tr>\n<tr>\n<td width=\"216\">Power factor<\/td>\n<td colspan=\"2\">0.99<\/td>\n<\/tr>\n<tr>\n<td width=\"216\">Bypass voltage range<\/td>\n<td colspan=\"2\" width=\"766\">&#8211; 40% ~ +15% (settable)<\/td>\n<\/tr>\n<tr>\n<td width=\"216\">Total harmonic distortion (THDi)<\/td>\n<td colspan=\"2\" width=\"766\">\u2264 5%<\/td>\n<\/tr>\n<tr>\n<td colspan=\"3\" width=\"982\">OUTPUT<\/td>\n<\/tr>\n<tr>\n<td width=\"216\">Output wiring<\/td>\n<td colspan=\"2\" width=\"766\">Single-phase (L- N)<\/td>\n<\/tr>\n<tr>\n<td width=\"216\">Rated voltage<\/td>\n<td colspan=\"2\" width=\"766\">208 (PF= 0.9) \/ 220 \/ 230 \/ 240 Vac<\/td>\n<\/tr>\n<tr>\n<td width=\"216\">Voltage reguIation<\/td>\n<td colspan=\"2\" width=\"766\">\u00b1 1%<\/td>\n<\/tr>\n<tr>\n<td width=\"216\">Frequency<\/td>\n<td colspan=\"2\" width=\"766\">Synchronized to bypas s in mains mode; 50\/60 Hz + 0.1%Hz in battery mode<\/td>\n<\/tr>\n<tr>\n<td width=\"216\">Waveform<\/td>\n<td colspan=\"2\" width=\"766\">Sinusoidal<\/td>\n<\/tr>\n<tr>\n<td width=\"216\">Power factor<\/td>\n<td colspan=\"2\">1.0<\/td>\n<\/tr>\n<tr>\n<td width=\"216\">Total harmonic distortion (THDv)<\/td>\n<td colspan=\"2\" width=\"766\">\u2264 1% (linear load); \u2264 4% (non-linear load);<\/td>\n<\/tr>\n<tr>\n<td width=\"216\">Crest factor<\/td>\n<td colspan=\"2\" width=\"766\">3:1<\/td>\n<\/tr>\n<tr>\n<td width=\"216\">Overload<\/td>\n<td colspan=\"2\" width=\"766\">105% &#8211; 110% for 10 min, 110% &#8211; 125% for 1 min, 126% &#8211; 150% for 30 s<\/td>\n<\/tr>\n<tr>\n<td colspan=\"3\" width=\"982\">BATTERIES<\/td>\n<\/tr>\n<tr>\n<td width=\"216\">DC voltage<\/td>\n<td colspan=\"2\" width=\"766\">192 Vdc (192-240 Vdc settable)<\/td>\n<\/tr>\n<tr>\n<td width=\"216\">Number of battery<\/td>\n<td colspan=\"2\" width=\"766\">16 pcs (16 &#8211; 20 settable)<\/td>\n<\/tr>\n<tr>\n<td width=\"216\">Inbuilt battery (standard model)<\/td>\n<td colspan=\"2\" width=\"766\">12 V \/ 9 Ah x 16<\/td>\n<\/tr>\n<tr>\n<td width=\"216\">Charging current<\/td>\n<td colspan=\"2\" width=\"766\">Standard model: 1 A; Long time model: 5 A (default), 1 &#8211; 5 A settable, 12 A (optional; PF 0.9)<\/td>\n<\/tr>\n<tr>\n<td width=\"216\">Recharge time<\/td>\n<td colspan=\"2\" width=\"766\">Standard model: 90% capacity restored in 8 hours; Long time model: depend on the capacity of battery<\/td>\n<\/tr>\n<tr>\n<td colspan=\"3\" width=\"982\">SYSTEM<\/td>\n<\/tr>\n<tr>\n<td width=\"216\">Efficiency<\/td>\n<td colspan=\"2\" width=\"766\">94% at 100% load, max. 94.5% at 60% load, a 98% in ECO mode<\/td>\n<\/tr>\n<tr>\n<td width=\"216\">Transfer time<\/td>\n<td colspan=\"2\" width=\"766\">0 ms<\/td>\n<\/tr>\n<tr>\n<td width=\"216\">Protections<\/td>\n<td colspan=\"2\" width=\"766\">Short-circuit, overload, overtemperature, battery low voltage, overvoltage, undervoltage and fan failure<\/td>\n<\/tr>\n<tr>\n<td width=\"216\">Max. number of parallel connections<\/td>\n<td colspan=\"2\">4<\/td>\n<\/tr>\n<tr>\n<td width=\"216\">Communications<\/td>\n<td colspan=\"2\" width=\"766\">RS232 (standard), USB \/ RS485 \/ dry contacts \/ SNMP\/ battery temperature compensation (optional)<\/td>\n<\/tr>\n<tr>\n<td width=\"216\">Display<\/td>\n<td colspan=\"2\" width=\"766\">LCD + LED<\/td>\n<\/tr>\n<tr>\n<td colspan=\"3\" width=\"982\">GENERAL<\/td>\n<\/tr>\n<tr>\n<td width=\"216\">Operating temperature<\/td>\n<td colspan=\"2\" width=\"766\">0\u00b0C ~ 40\u00b0C<\/td>\n<\/tr>\n<tr>\n<td width=\"216\">Storage temperature<\/td>\n<td colspan=\"2\" width=\"766\">-25\u00b0C ~ 55\u00b0C (without battery)<\/td>\n<\/tr>\n<tr>\n<td width=\"216\">Relative humidity<\/td>\n<td colspan=\"2\" width=\"766\">0 &#8211; 95% (non-condensing)<\/td>\n<\/tr>\n<tr>\n<td width=\"216\">Altitude<\/td>\n<td colspan=\"2\" width=\"766\">\u2264 1000 m, debating 1% for each additional 100 m<\/td>\n<\/tr>\n<tr>\n<td width=\"216\">IP rating<\/td>\n<td colspan=\"2\" width=\"766\">IP 20<\/td>\n<\/tr>\n<tr>\n<td width=\"216\">Noise level at 1 m<\/td>\n<td colspan=\"2\" width=\"766\">\u2264 58 dB<\/td>\n<\/tr>\n<tr>\n<td width=\"216\">Dimensions (HxWxD) (mm) (*)<\/td>\n<td colspan=\"2\" width=\"766\">88x440x580 ( H)<br \/>\n176x440x660 (S)<\/td>\n<\/tr>\n<tr>\n<td width=\"216\">Packaged dimensions (HxWxD) (mm) (*)<\/td>\n<td colspan=\"2\" width=\"766\">168x514x696\u00a0 (H)<br \/>\n418x554x792 (S)<\/td>\n<\/tr>\n<tr>\n<td width=\"216\">Net weight (kg) (*)<\/td>\n<td width=\"384\">12 (H), 58 (S)<\/td>\n<td width=\"382\">14 (H), 63 (S)<\/td>\n<\/tr>\n<tr>\n<td width=\"216\">Gross weight (kg) (*)<\/td>\n<td width=\"384\">14 (H), 68 (S)<\/td>\n<td width=\"382\">16 (H), 73 (S)<\/td>\n<\/tr>\n<tr>\n<td colspan=\"3\" width=\"982\">(*) S means standard model; H means long time model.<\/td>\n<\/tr>\n<\/tbody>\n<\/table>\n<p>&nbsp;<\/p>\n","protected":false},"excerpt":{"rendered":"<p>\u201eTEOS+ 100RT Online UPS\u201c yra DSP valdomas nepertraukiamo maitinimo \u0161altinis, sukurtas naudojant dvigubos konversijos technologij\u0105. Jis yra efektyvus d\u0117l i\u0161\u0117jimo galios koeficiento (PF=1) ir \u012f\u0117jimo galios koeficiento korekcijos. Jis ypa\u010d tinka naudoti nam\u0173 biure ir duomen\u0173 centruose.<\/p>\n","protected":false},"featured_media":1605,"menu_order":187,"comment_status":"closed","ping_status":"closed","template":"","meta":{"_acf_changed":false},"product_brand":[],"product_cat":[72],"product_tag":[],"class_list":{"0":"post-1574","1":"product","2":"type-product","3":"status-publish","4":"has-post-thumbnail","6":"product_cat-vienfaziai-nepertraukiamo-maitinimo-saltiniai-tescom-nepertraukiamo-maitinimo-saltiniai","8":"first","9":"onbackorder","10":"shipping-taxable","11":"purchasable","12":"product-type-simple"},"acf":[],"_links":{"self":[{"href":"https:\/\/elicsgroup.com\/en\/wp-json\/wp\/v2\/product\/1574","targetHints":{"allow":["GET"]}}],"collection":[{"href":"https:\/\/elicsgroup.com\/en\/wp-json\/wp\/v2\/product"}],"about":[{"href":"https:\/\/elicsgroup.com\/en\/wp-json\/wp\/v2\/types\/product"}],"replies":[{"embeddable":true,"href":"https:\/\/elicsgroup.com\/en\/wp-json\/wp\/v2\/comments?post=1574"}],"wp:featuredmedia":[{"embeddable":true,"href":"https:\/\/elicsgroup.com\/en\/wp-json\/wp\/v2\/media\/1605"}],"wp:attachment":[{"href":"https:\/\/elicsgroup.com\/en\/wp-json\/wp\/v2\/media?parent=1574"}],"wp:term":[{"taxonomy":"product_brand","embeddable":true,"href":"https:\/\/elicsgroup.com\/en\/wp-json\/wp\/v2\/product_brand?post=1574"},{"taxonomy":"product_cat","embeddable":true,"href":"https:\/\/elicsgroup.com\/en\/wp-json\/wp\/v2\/product_cat?post=1574"},{"taxonomy":"product_tag","embeddable":true,"href":"https:\/\/elicsgroup.com\/en\/wp-json\/wp\/v2\/product_tag?post=1574"}],"curies":[{"name":"wp","href":"https:\/\/api.w.org\/{rel}","templated":true}]}}