{"id":1572,"date":"2025-03-24T09:18:05","date_gmt":"2025-03-24T07:18:05","guid":{"rendered":"https:\/\/elicsgroup.com\/?post_type=product&#038;p=1572"},"modified":"2025-07-31T17:16:26","modified_gmt":"2025-07-31T14:16:26","slug":"ups-teos-100pro-rt-1-3-kva-su-licio-baterijomis-tower-rack","status":"publish","type":"product","link":"https:\/\/elicsgroup.com\/en\/produktas\/ups-teos-100pro-rt-1-3-kva-su-licio-baterijomis-tower-rack\/","title":{"rendered":"UPS TEOS+ 100PRO RT 1-3 kVA su li\u010dio baterijomis, Tower\/Rack"},"content":{"rendered":"<p>Pagrindin\u0117s funkcijos:<\/p>\n<p>Didelio da\u017enio dvigubos konversijos on-line technologija<\/p>\n<p>DSP (skaitmenini\u0173 signal\u0173 procesori\u0173) valdymo technologija<\/p>\n<p>Aktyvioji galios koeficiento korekcija (APFC), \u012f\u0117jimo galios koeficientas iki 0,99<\/p>\n<p>I\u0161\u0117jimo galios koeficientas 0,9<\/p>\n<p>Platus \u012f\u0117jimo \u012ftampos (110 V ~ 300 Vac) ir da\u017enio (40 ~ 70 Hz) diapazonas<\/p>\n<p>\u0160altasis paleidimas<\/p>\n<p>Ventiliatoriaus greitis kei\u010diasi priklausomai nuo temperat\u016bros, tod\u0117l suma\u017e\u0117ja triuk\u0161mas ir pailg\u0117ja jo tarnavimo laikas<\/p>\n<p>Naudojamas li\u010dio akumuliatorius<\/p>\n<p>U\u017etikrina didesn\u0119 autonomij\u0105 (15 min., kai UPS standartinis modelis veikia visa apkrova)<\/p>\n<p>Ilga cikl\u0173 trukm\u0117 (\u2265 2000 cikl\u0173)<\/p>\n<p><a href=\"https:\/\/www.tescom-ups.com\/en\/product\/teos-100pro-rt-129\" target=\"_blank\" rel=\"noopener\">TEOS+ 100PRO RT (1-3 kVA) &#8211; Online 1 Phase \/ 1 Phase UPS &#8211; Uninterruptible Power Supply (UPS) &#8211; Products | Tescom UPS (tescom-ups.com)<\/a><\/p>\n<p>&nbsp;<\/p>\n<table width=\"974\">\n<tbody>\n<tr>\n<td rowspan=\"2\" width=\"216\">MODEL<\/td>\n<td colspan=\"2\" width=\"252\">Teos+ 101PRO RT<\/td>\n<td colspan=\"2\" width=\"254\">Teos+ 102PRO RT<\/td>\n<td colspan=\"2\" width=\"252\">Teos+ 103PRO RT<\/td>\n<\/tr>\n<tr>\n<td width=\"126\">Standard Model<\/td>\n<td width=\"126\">Long Time Model<\/td>\n<td width=\"126\">Standard Model<\/td>\n<td width=\"128\">Long Time Model<\/td>\n<td width=\"126\">Standard Model<\/td>\n<td width=\"126\">Long Time Model<\/td>\n<\/tr>\n<tr>\n<td width=\"216\">Capacity<\/td>\n<td colspan=\"2\" width=\"252\">1 kVA \/ 900 W<\/td>\n<td colspan=\"2\" width=\"254\">2 kVA \/ 1800 W<\/td>\n<td colspan=\"2\" width=\"252\">3 kVA \/ 2700 W<\/td>\n<\/tr>\n<tr>\n<td colspan=\"7\" width=\"974\">INPUT<\/td>\n<\/tr>\n<tr>\n<td width=\"216\">Rated voltage<\/td>\n<td colspan=\"6\" width=\"758\">208 \/ 220 \/ 230 \/ 240 Vac<\/td>\n<\/tr>\n<tr>\n<td width=\"216\">Voltage range<\/td>\n<td colspan=\"6\" width=\"758\">110 ~ 176 Vac (linear derating between 50% and 100% load); 176 ~ 280 Vac (no derating); 280 ~ 300 Vac (derating 50%)<\/td>\n<\/tr>\n<tr>\n<td width=\"216\">Frequency<\/td>\n<td colspan=\"6\" width=\"758\">40 ~ 70 Hz (auto-sensing)<\/td>\n<\/tr>\n<tr>\n<td width=\"216\">Power factor<\/td>\n<td colspan=\"6\" width=\"758\">\u2265 0.99<\/td>\n<\/tr>\n<tr>\n<td width=\"216\">Bypass voltage range<\/td>\n<td colspan=\"6\" width=\"758\">-25% ~ +15% (settable)<\/td>\n<\/tr>\n<tr>\n<td width=\"216\">Total harmonic distortion (THDi)<\/td>\n<td colspan=\"6\" width=\"758\">\u2264 6%<\/td>\n<\/tr>\n<tr>\n<td colspan=\"7\" width=\"974\">OUTPUT<\/td>\n<\/tr>\n<tr>\n<td width=\"216\">Voltage<\/td>\n<td colspan=\"6\" width=\"758\">208 \/ 220 \/ 230 \/ 240 Vac (settable via LCD)<\/td>\n<\/tr>\n<tr>\n<td width=\"216\">Voltage regulation<\/td>\n<td colspan=\"6\" width=\"758\">\u00b1 1%<\/td>\n<\/tr>\n<tr>\n<td width=\"216\">Frequency<\/td>\n<td colspan=\"6\" width=\"758\">45 ~ 55 Hz or 55 ~ 65 Hz (synchronized range); 50 \/ 60 Hz \u00b1 0.1 Hz (battery mode)<\/td>\n<\/tr>\n<tr>\n<td width=\"216\">Waveform<\/td>\n<td colspan=\"6\" width=\"758\">Sinusoidal<\/td>\n<\/tr>\n<tr>\n<td width=\"216\">Power factor<\/td>\n<td colspan=\"6\">0.9<\/td>\n<\/tr>\n<tr>\n<td width=\"216\">Total harmonic distortion (THDv)<\/td>\n<td colspan=\"6\" width=\"758\">\u2264 2% (linear load); \u2264 5% (non-linear load)<\/td>\n<\/tr>\n<tr>\n<td width=\"216\">Crest factor<\/td>\n<td colspan=\"6\" width=\"758\">3:1<\/td>\n<\/tr>\n<tr>\n<td width=\"216\">Overload<\/td>\n<td colspan=\"6\" width=\"758\">105% ~ 125% for 1 min, 125% ~ 150% for 30 s, &gt; 150% for 300 ms<\/td>\n<\/tr>\n<tr>\n<td colspan=\"7\" width=\"974\">BATTERIES<\/td>\n<\/tr>\n<tr>\n<td width=\"216\">Battery type<\/td>\n<td colspan=\"6\" width=\"758\">Lithium iron phosphate Battery<\/td>\n<\/tr>\n<tr>\n<td width=\"216\">DC voltage<\/td>\n<td width=\"126\">25.6V<\/td>\n<td width=\"126\">48V<\/td>\n<td width=\"126\">51.2V<\/td>\n<td width=\"128\">48V<\/td>\n<td width=\"126\">76.8V<\/td>\n<td width=\"126\">48V<\/td>\n<\/tr>\n<tr>\n<td width=\"216\">Inbuilt battery<\/td>\n<td width=\"126\">8\u00d73.2 V \/ 12 Ah<\/td>\n<td width=\"126\">\/<\/td>\n<td width=\"126\">16\u00d73.2 V \/ 12 Ah<\/td>\n<td width=\"128\">\/<\/td>\n<td width=\"126\">24\u00d73.2 V \/ 12 Ah<\/td>\n<td width=\"126\">\/<\/td>\n<\/tr>\n<tr>\n<td width=\"216\">Charging current (max.)<\/td>\n<td width=\"126\">1 A<\/td>\n<td width=\"126\">6 A<\/td>\n<td width=\"126\">1 A<\/td>\n<td width=\"128\">6 A<\/td>\n<td width=\"126\">1 A<\/td>\n<td width=\"126\">6 A<\/td>\n<\/tr>\n<tr>\n<td width=\"216\">Recharger time<\/td>\n<td colspan=\"6\" width=\"758\">Standard model: 90% capacity restored in 11 hours; Long time model: depend on the capacity of battery<\/td>\n<\/tr>\n<tr>\n<td colspan=\"7\" width=\"974\">SYSTEM<\/td>\n<\/tr>\n<tr>\n<td rowspan=\"3\" width=\"216\">Efficiency<\/td>\n<td colspan=\"2\" width=\"252\">\u2265 90% (Mains mode)<\/td>\n<td colspan=\"2\" width=\"254\">\u2265 91% (Mains mode)<\/td>\n<td colspan=\"2\" width=\"252\">\u2265 92% (Mains mode)<\/td>\n<\/tr>\n<tr>\n<td colspan=\"2\" width=\"252\">\u2265 85% (Battery mode)<\/td>\n<td colspan=\"2\" width=\"254\">\u2265 86% (Battery mode)<\/td>\n<td colspan=\"2\" width=\"252\">\u2265 87% (Battery mode)<\/td>\n<\/tr>\n<tr>\n<td colspan=\"2\" width=\"252\">\u2265 95% (ECO mode)<\/td>\n<td colspan=\"2\" width=\"254\">\u2265 96% (ECO mode)<\/td>\n<td colspan=\"2\" width=\"252\">\u2265 97% (ECO mode)<\/td>\n<\/tr>\n<tr>\n<td width=\"216\">Transfer time<\/td>\n<td colspan=\"6\" width=\"758\">Mains mode to battery mode: 0 ms Inverter mode to bypass mode: 4 ms (typical)<\/td>\n<\/tr>\n<tr>\n<td width=\"216\">Protections<\/td>\n<td colspan=\"6\" width=\"758\">Short-circuit, overload, overtemperature, battery discharge protection and fan testing protection<\/td>\n<\/tr>\n<tr>\n<td width=\"216\">Communications<\/td>\n<td colspan=\"6\" width=\"758\">RS232 (standard), USB \/ RS485 \/ dry contacts \/ SNMP (optional)<\/td>\n<\/tr>\n<tr>\n<td width=\"216\">Display<\/td>\n<td colspan=\"6\" width=\"758\">LCD + LED<\/td>\n<\/tr>\n<tr>\n<td width=\"216\">Standards<\/td>\n<td colspan=\"6\" width=\"758\">EN 62040-1, EN 62040-2, EN 61000-3-2, EN 61000-3-3, IEC 61000-4-2, IEC 61000-4-3,<br \/>\nIEC 61000-4-4, IEC 61000-4-5, IEC 61000-4-6, IEC 61000-4-8, IEC 61000-4-11, IEC 61000-2-2, IEC 62040-2, IEC 62040-1<\/td>\n<\/tr>\n<tr>\n<td colspan=\"7\" width=\"974\">OTHERS<\/td>\n<\/tr>\n<tr>\n<td width=\"216\">Operating temperature<\/td>\n<td colspan=\"6\" width=\"758\">0\u00b0C ~ 40\u00b0C<\/td>\n<\/tr>\n<tr>\n<td width=\"216\">Storage temperature<\/td>\n<td colspan=\"6\" width=\"758\">-25\u00b0C ~ 55\u00b0C (without batteries)<\/td>\n<\/tr>\n<tr>\n<td width=\"216\">Relative humidity<\/td>\n<td colspan=\"6\" width=\"758\">0 &#8211; 95% (non-condensing)<\/td>\n<\/tr>\n<tr>\n<td width=\"216\">Altitude<\/td>\n<td colspan=\"6\" width=\"758\">&lt;1000m, derating 1% for each additional 100 m<\/td>\n<\/tr>\n<tr>\n<td width=\"216\">IP rating<\/td>\n<td colspan=\"6\" width=\"758\">IP 20<\/td>\n<\/tr>\n<tr>\n<td width=\"216\">Noise level at 1m<\/td>\n<td colspan=\"6\" width=\"758\">\u2264 50 dB<\/td>\n<\/tr>\n<tr>\n<td width=\"216\">Dimensions (HxWxD) (mm)<\/td>\n<td colspan=\"2\" width=\"252\">88x440x468<\/td>\n<td width=\"126\">88x440x583<\/td>\n<td width=\"128\">88x440x468<\/td>\n<td width=\"126\">88x440x683<\/td>\n<td width=\"126\">88x440x468<\/td>\n<\/tr>\n<tr>\n<td width=\"216\">Packaged dimensions (HxWxD) (mm)<\/td>\n<td width=\"126\">198x545x598<\/td>\n<td width=\"126\">198x545x598<\/td>\n<td width=\"126\">201x545x707<\/td>\n<td width=\"128\">198x545x598<\/td>\n<td width=\"126\">201x545x807<\/td>\n<td width=\"126\">198x545x598<\/td>\n<\/tr>\n<tr>\n<td width=\"216\">Net weight (kg)<\/td>\n<td>10.6<\/td>\n<td>7.6<\/td>\n<td>19<\/td>\n<td>9.7<\/td>\n<td>25<\/td>\n<td>10.6<\/td>\n<\/tr>\n<tr>\n<td width=\"216\">Gross weight (kg)<\/td>\n<td>13.6<\/td>\n<td>10.6<\/td>\n<td>23<\/td>\n<td>14<\/td>\n<td>29<\/td>\n<td>14.6<\/td>\n<\/tr>\n<\/tbody>\n<\/table>\n<p>&nbsp;<\/p>\n","protected":false},"excerpt":{"rendered":"<p>TEOS+ 100PRO RT yra auk\u0161\u010diausios kokyb\u0117s nepertraukiamo maitinimo \u0161altiniai, kuriuose yra integruotos li\u010dio baterijos. D\u0117l konsultacijos ir kainos pra\u0161ome susisiekite su m\u016bs\u0173 vadybininku.<\/p>\n","protected":false},"featured_media":1604,"menu_order":205,"comment_status":"closed","ping_status":"closed","template":"","meta":{"_acf_changed":false},"product_brand":[],"product_cat":[72],"product_tag":[],"class_list":{"0":"post-1572","1":"product","2":"type-product","3":"status-publish","4":"has-post-thumbnail","6":"product_cat-vienfaziai-nepertraukiamo-maitinimo-saltiniai-tescom-nepertraukiamo-maitinimo-saltiniai","8":"first","9":"onbackorder","10":"shipping-taxable","11":"product-type-simple"},"acf":[],"_links":{"self":[{"href":"https:\/\/elicsgroup.com\/en\/wp-json\/wp\/v2\/product\/1572","targetHints":{"allow":["GET"]}}],"collection":[{"href":"https:\/\/elicsgroup.com\/en\/wp-json\/wp\/v2\/product"}],"about":[{"href":"https:\/\/elicsgroup.com\/en\/wp-json\/wp\/v2\/types\/product"}],"replies":[{"embeddable":true,"href":"https:\/\/elicsgroup.com\/en\/wp-json\/wp\/v2\/comments?post=1572"}],"wp:featuredmedia":[{"embeddable":true,"href":"https:\/\/elicsgroup.com\/en\/wp-json\/wp\/v2\/media\/1604"}],"wp:attachment":[{"href":"https:\/\/elicsgroup.com\/en\/wp-json\/wp\/v2\/media?parent=1572"}],"wp:term":[{"taxonomy":"product_brand","embeddable":true,"href":"https:\/\/elicsgroup.com\/en\/wp-json\/wp\/v2\/product_brand?post=1572"},{"taxonomy":"product_cat","embeddable":true,"href":"https:\/\/elicsgroup.com\/en\/wp-json\/wp\/v2\/product_cat?post=1572"},{"taxonomy":"product_tag","embeddable":true,"href":"https:\/\/elicsgroup.com\/en\/wp-json\/wp\/v2\/product_tag?post=1572"}],"curies":[{"name":"wp","href":"https:\/\/api.w.org\/{rel}","templated":true}]}}