{"id":1570,"date":"2025-03-24T09:18:05","date_gmt":"2025-03-24T07:18:05","guid":{"rendered":"https:\/\/elicsgroup.com\/?post_type=product&#038;p=1570"},"modified":"2025-07-31T17:16:25","modified_gmt":"2025-07-31T14:16:25","slug":"ups-2000va-1800w-online-tower-rack-1f-230v-teos-102rt-4-x-9ah","status":"publish","type":"product","link":"https:\/\/elicsgroup.com\/en\/produktas\/ups-2000va-1800w-online-tower-rack-1f-230v-teos-102rt-4-x-9ah\/","title":{"rendered":"UPS 2000VA\/1800W Online, Tower\/Rack, 1F, 230V Teos+ 102RT, 4 x 9Ah"},"content":{"rendered":"<p>Pagrindin\u0117s funkcijos:<\/p>\n<p>Didelio da\u017enio dvigubos konversijos on-line technologija<\/p>\n<p>DSP (skaitmenini\u0173 signal\u0173 procesori\u0173) valdymo technologija<\/p>\n<p>Aktyvioji galios koeficiento korekcija (APFC), \u012f\u0117jimo galios koeficientas iki 0,99<\/p>\n<p>I\u0161\u0117jimo galios koeficientas 0,9<\/p>\n<p>Platus \u012f\u0117jimo \u012ftampos (110 V ~ 300 Vac) ir da\u017enio (40 ~ 70 Hz) diapazonas<\/p>\n<p>\u0160altasis paleidimas<\/p>\n<p>Galinio v\u0117dinimo konstrukcija ir kintamo grei\u010dio ventiliatorius<\/p>\n<p>Greitas ir stabilus \u012fkrovimas, 90 % talpos atkuriama per 4 val. (standartinis UPS modelis)<\/p>\n<p>Nustatomas atid\u0117tas paleidimas, kai atkuriamas maitinimas<\/p>\n<p>Pa\u017eangus akumuliatoriaus valdymas (ABM)<\/p>\n<p>Pasirinktinai USB, RS485 kortel\u0117, AS400 sausieji kontaktai, SNMP kortel\u0117, SMS pavojaus signalai, EPO<br \/>\nfunkcija, MBS (i\u0161orinis technin\u0117s prie\u017ei\u016bros ap\u0117jimo jungiklis)<\/p>\n<p><a href=\"https:\/\/www.tescom-ups.com\/en\/product\/teos-100rt-80\" target=\"_blank\" rel=\"noopener\">TEOS+ 100RT (1-3 kVA) &#8211; Online 1 Phase \/ 1 Phase UPS &#8211; Uninterruptible Power Supply (UPS) &#8211; Products | Tescom UPS (tescom-ups.com)<\/a><\/p>\n<p>&nbsp;<\/p>\n<table width=\"978\">\n<tbody>\n<tr>\n<td width=\"216\">MODEL<\/td>\n<td colspan=\"4\" width=\"762\">Teos+ 102RT<\/td>\n<\/tr>\n<tr>\n<td width=\"216\">Power<\/td>\n<td colspan=\"3\" width=\"636\">\u00a0\u00a0\u00a0\u00a0\u00a0\u00a0\u00a0\u00a0\u00a0\u00a0\u00a0\u00a0\u00a0\u00a0\u00a0\u00a0\u00a0\u00a0\u00a0\u00a0\u00a0\u00a0\u00a0\u00a0\u00a0\u00a0\u00a0\u00a0\u00a0\u00a0\u00a0\u00a0\u00a0\u00a0\u00a0\u00a0\u00a0\u00a0\u00a0 2 kVA \/ 1800 W<\/td>\n<td width=\"126\"><\/td>\n<\/tr>\n<tr>\n<td colspan=\"5\" width=\"978\">INPUT<\/td>\n<\/tr>\n<tr>\n<td width=\"216\">Rated voltage<\/td>\n<td colspan=\"4\" width=\"762\">208 \/ 220 \/ 230 \/ 240 Vac (settable via LCD)<\/td>\n<\/tr>\n<tr>\n<td width=\"216\">Voltage range<\/td>\n<td colspan=\"4\" width=\"762\">110 ~ 176 Vac (linear derating between 50% and 100% load); 176 ~ 280 Vac (no derating); 280 ~ 300 Vac (derating 50%)<\/td>\n<\/tr>\n<tr>\n<td width=\"216\">Frequency<\/td>\n<td colspan=\"4\" width=\"762\">40 ~ 70 Hz (auto-sensing)<\/td>\n<\/tr>\n<tr>\n<td width=\"216\">Power factor<\/td>\n<td colspan=\"4\" width=\"762\">\u2265 0.99<\/td>\n<\/tr>\n<tr>\n<td width=\"216\">Bypass voltage range<\/td>\n<td colspan=\"4\" width=\"762\">-25% ~ +15% (settable)<\/td>\n<\/tr>\n<tr>\n<td width=\"216\">Total harmonic distortion (THDi)<\/td>\n<td colspan=\"4\" width=\"762\">\u2264 6%<\/td>\n<\/tr>\n<tr>\n<td colspan=\"5\" width=\"978\">OUTPUT<\/td>\n<\/tr>\n<tr>\n<td width=\"216\">Voltage<\/td>\n<td colspan=\"4\" width=\"762\">208 \/ 220 \/ 230 \/ 240 Vac (settable via LCD)<\/td>\n<\/tr>\n<tr>\n<td width=\"216\">Voltage regulation<\/td>\n<td colspan=\"4\" width=\"762\">\u00b1 1%<\/td>\n<\/tr>\n<tr>\n<td width=\"216\">Frequency<\/td>\n<td colspan=\"4\" width=\"762\">45 ~ 55 Hz or 55 ~ 65 Hz (synchronized range); 50 \/ 60 Hz \u00b1 0.1 Hz (battery mode)<\/td>\n<\/tr>\n<tr>\n<td width=\"216\">Waveform<\/td>\n<td colspan=\"4\" width=\"762\">Sinusoidal<\/td>\n<\/tr>\n<tr>\n<td width=\"216\">Power factor<\/td>\n<td colspan=\"4\">0.9<\/td>\n<\/tr>\n<tr>\n<td width=\"216\">Total harmonic distortion (THDv)<\/td>\n<td colspan=\"4\" width=\"762\">\u2264 2% (linear load); \u2264 5% (non-linear load)<\/td>\n<\/tr>\n<tr>\n<td width=\"216\">Crest factor<\/td>\n<td colspan=\"4\" width=\"762\">3:1<\/td>\n<\/tr>\n<tr>\n<td width=\"216\">Overload<\/td>\n<td colspan=\"4\" width=\"762\">105% ~ 125% for 1 min, 125% ~ 150% for 30 s, &gt; 150% for 300 ms<\/td>\n<\/tr>\n<tr>\n<td colspan=\"5\" width=\"978\">BATTERY<\/td>\n<\/tr>\n<tr>\n<td width=\"216\">DC voltage<\/td>\n<td colspan=\"4\" width=\"762\">48V<\/td>\n<\/tr>\n<tr>\n<td width=\"216\">Inbuilt battery<\/td>\n<td colspan=\"4\" width=\"762\">4x12V\/9Ah<\/td>\n<\/tr>\n<tr>\n<td width=\"216\">Charging current (max.)<\/td>\n<td colspan=\"4\" width=\"762\">1A<\/td>\n<\/tr>\n<tr>\n<td width=\"216\">Recharge time<\/td>\n<td colspan=\"4\" width=\"762\">Standard model: 90% capacity restored in 3 hours Long time model: depend on the capacity of battery<\/td>\n<\/tr>\n<tr>\n<td colspan=\"5\" width=\"978\">SYSTEM<\/td>\n<\/tr>\n<tr>\n<td rowspan=\"3\" width=\"216\">Efficiency<\/td>\n<td colspan=\"4\" width=\"762\">\u2265 91% (Mains mode)<\/td>\n<\/tr>\n<tr>\n<td colspan=\"4\" width=\"762\">\u2265 86% (Battery mode)<\/td>\n<\/tr>\n<tr>\n<td colspan=\"4\" width=\"762\">\u2265 96% (ECO mode)<\/td>\n<\/tr>\n<tr>\n<td width=\"216\">Transfer time<\/td>\n<td colspan=\"4\" width=\"762\">Mains mode to battery mode: 0 ms Inverter mode to bypass mode: 4 ms (typical)<\/td>\n<\/tr>\n<tr>\n<td width=\"216\">Protections<\/td>\n<td colspan=\"4\" width=\"762\">Short-circuit, overload, overtemperature, battery discharge protection and fan testing protection<\/td>\n<\/tr>\n<tr>\n<td width=\"216\">Communications<\/td>\n<td colspan=\"4\" width=\"762\">RS232 (standard), USB \/ RS485 \/ dry contacts \/ SNMP (optional)<\/td>\n<\/tr>\n<tr>\n<td width=\"216\">Display<\/td>\n<td colspan=\"4\" width=\"762\">LCD + LED<\/td>\n<\/tr>\n<tr>\n<td width=\"216\">Standards<\/td>\n<td colspan=\"4\" width=\"762\">EN 62040-1, EN 62040-2, EN 61000-3-2, EN 61000-3-3, IEC 61000-4-2, IEC 61000-4-3, IEC 61000-4-4, IEC 61000-4-5,<br \/>\nIEC 61000-4-6, IEC 61000-4-8, IEC 61000-4-11, IEC 61000-2-2, IEC 62040-2, IEC 62040-1<\/td>\n<\/tr>\n<tr>\n<td colspan=\"5\" width=\"978\">GENERAL<\/td>\n<\/tr>\n<tr>\n<td width=\"216\">Operating temperature<\/td>\n<td colspan=\"4\" width=\"762\">0\u00b0C ~ 40\u00b0C<\/td>\n<\/tr>\n<tr>\n<td width=\"216\">Storage temperature<\/td>\n<td colspan=\"4\" width=\"762\">\u2212 25\u00b0C ~ 55\u00b0C (without battery)<\/td>\n<\/tr>\n<tr>\n<td width=\"216\">Relative humidity<\/td>\n<td colspan=\"4\" width=\"762\">0 ~ 95% (non-condensing)<\/td>\n<\/tr>\n<tr>\n<td width=\"216\">Altitude<\/td>\n<td colspan=\"4\" width=\"762\">\u2264 1000 m, derating 1% for each additional 100 m<\/td>\n<\/tr>\n<tr>\n<td width=\"216\">IP rating<\/td>\n<td colspan=\"4\" width=\"762\">IP 20<\/td>\n<\/tr>\n<tr>\n<td width=\"216\">Noise level at 1m<\/td>\n<td colspan=\"4\" width=\"762\">\u2264 50 dB<\/td>\n<\/tr>\n<\/tbody>\n<\/table>\n<p>&nbsp;<\/p>\n","protected":false},"excerpt":{"rendered":"<p>\u201eTEOS+ 100RT Online UPS\u201c yra DSP valdomas nepertraukiamo maitinimo \u0161altinis, sukurtas naudojant dvigubos konversijos technologij\u0105. Jis yra efektyvus d\u0117l i\u0161\u0117jimo galios koeficiento (PF:0,9) ir \u012f\u0117jimo galios koeficiento korekcijos. Jis ypa\u010d tinkamas naudoti biuruose ir duomen\u0173 centruose.<\/p>\n","protected":false},"featured_media":1603,"menu_order":196,"comment_status":"closed","ping_status":"closed","template":"","meta":{"_acf_changed":false},"product_brand":[],"product_cat":[72],"product_tag":[],"class_list":{"0":"post-1570","1":"product","2":"type-product","3":"status-publish","4":"has-post-thumbnail","6":"product_cat-vienfaziai-nepertraukiamo-maitinimo-saltiniai-tescom-nepertraukiamo-maitinimo-saltiniai","8":"first","9":"outofstock","10":"shipping-taxable","11":"purchasable","12":"product-type-simple"},"acf":[],"_links":{"self":[{"href":"https:\/\/elicsgroup.com\/en\/wp-json\/wp\/v2\/product\/1570","targetHints":{"allow":["GET"]}}],"collection":[{"href":"https:\/\/elicsgroup.com\/en\/wp-json\/wp\/v2\/product"}],"about":[{"href":"https:\/\/elicsgroup.com\/en\/wp-json\/wp\/v2\/types\/product"}],"replies":[{"embeddable":true,"href":"https:\/\/elicsgroup.com\/en\/wp-json\/wp\/v2\/comments?post=1570"}],"wp:featuredmedia":[{"embeddable":true,"href":"https:\/\/elicsgroup.com\/en\/wp-json\/wp\/v2\/media\/1603"}],"wp:attachment":[{"href":"https:\/\/elicsgroup.com\/en\/wp-json\/wp\/v2\/media?parent=1570"}],"wp:term":[{"taxonomy":"product_brand","embeddable":true,"href":"https:\/\/elicsgroup.com\/en\/wp-json\/wp\/v2\/product_brand?post=1570"},{"taxonomy":"product_cat","embeddable":true,"href":"https:\/\/elicsgroup.com\/en\/wp-json\/wp\/v2\/product_cat?post=1570"},{"taxonomy":"product_tag","embeddable":true,"href":"https:\/\/elicsgroup.com\/en\/wp-json\/wp\/v2\/product_tag?post=1570"}],"curies":[{"name":"wp","href":"https:\/\/api.w.org\/{rel}","templated":true}]}}