{"id":1566,"date":"2025-03-24T09:18:05","date_gmt":"2025-03-24T07:18:05","guid":{"rendered":"https:\/\/elicsgroup.com\/?post_type=product&#038;p=1566"},"modified":"2025-07-31T17:16:23","modified_gmt":"2025-07-31T14:16:23","slug":"trifaziai-itampos-lygintuvai-trd-3","status":"publish","type":"product","link":"https:\/\/elicsgroup.com\/en\/produktas\/trifaziai-itampos-lygintuvai-trd-3\/","title":{"rendered":"Trifaziai \u012ftampos lygintuvai TRD 3"},"content":{"rendered":"<p>Specifikacija:<\/p>\n<ul>\n<li>Vidin\u0117s izoliacijos transformatorius \u012f\u0117jime<\/li>\n<li>I\u0161manus valdymas ir didelis patikimumas naudojant DSP (skaitmenin\u012f signal\u0173 procesori\u0173)<\/li>\n<li>Automatinis ir rankinis \u012fkrovimo re\u017eimai<\/li>\n<li>\u017demas i\u0161\u0117jimo \u012ftampos pulsavimas ir didelis patikimumas<\/li>\n<li>\u0160viesos diod\u0173 ekranai, leid\u017eiantys lengvai steb\u0117ti lygintuvo b\u016bsen\u0105<\/li>\n<li>Garsinis signalas<\/li>\n<li>Programuojamas srov\u0117s apribojimas<\/li>\n<li>Veikimas kaip \u012ftampos \u0161altinio arba srov\u0117s \u0161altinio<\/li>\n<li>DC \u017eema \/ auk\u0161ta, linijos gedimas, perkaitimas, trumpojo jungimo apsauga<\/li>\n<li>Programuojami aliarmo reli\u0173 kontakt\u0173 i\u0161\u0117jimai (4 standartiniai, galimi prapl\u0117timi iki 16)<\/li>\n<li>Valdymo galimyb\u0117 per RS232-RS485<\/li>\n<li>Modbus komunikacija<\/li>\n<li>\u012era\u0161ai su datos ir laiko \u017eyma iki 200 \u012fvyki\u0173<\/li>\n<li>24V \/ 48V \/ 110V \/ 125V \/ 220V i\u0161vesties parinktys<\/li>\n<\/ul>\n<p>Produkt\u0173 katalogas ir technin\u0117 informacija: <a href=\"https:\/\/eshop.elicsgroup.com\/wp-content\/uploads\/TRDSeries3PhaseRectifier.pdf\">TRDSeries3PhaseRectifier<\/a><\/p>\n","protected":false},"excerpt":{"rendered":"<p>Specifikacija: Vidin\u0117s izoliacijos transformatorius \u012f\u0117jime I\u0161manus valdymas ir didelis patikimumas naudojant DSP (skaitmenin\u012f signal\u0173 procesori\u0173) Automatinis ir rankinis \u012fkrovimo re\u017eimai \u017demas i\u0161\u0117jimo \u012ftampos pulsavimas ir didelis patikimumas \u0160viesos diod\u0173 ekranai, leid\u017eiantys lengvai steb\u0117ti lygintuvo b\u016bsen\u0105 Garsinis signalas Programuojamas srov\u0117s apribojimas Veikimas kaip \u012ftampos \u0161altinio arba srov\u0117s \u0161altinio DC \u017eema \/ auk\u0161ta, linijos gedimas, perkaitimas, trumpojo [&hellip;]<\/p>\n","protected":false},"featured_media":1595,"menu_order":182,"comment_status":"closed","ping_status":"closed","template":"","meta":{"_acf_changed":false},"product_brand":[],"product_cat":[69],"product_tag":[],"class_list":{"0":"post-1566","1":"product","2":"type-product","3":"status-publish","4":"has-post-thumbnail","6":"product_cat-itampos-lygintuvai","8":"first","9":"onbackorder","10":"shipping-taxable","11":"product-type-simple"},"acf":[],"_links":{"self":[{"href":"https:\/\/elicsgroup.com\/en\/wp-json\/wp\/v2\/product\/1566","targetHints":{"allow":["GET"]}}],"collection":[{"href":"https:\/\/elicsgroup.com\/en\/wp-json\/wp\/v2\/product"}],"about":[{"href":"https:\/\/elicsgroup.com\/en\/wp-json\/wp\/v2\/types\/product"}],"replies":[{"embeddable":true,"href":"https:\/\/elicsgroup.com\/en\/wp-json\/wp\/v2\/comments?post=1566"}],"wp:featuredmedia":[{"embeddable":true,"href":"https:\/\/elicsgroup.com\/en\/wp-json\/wp\/v2\/media\/1595"}],"wp:attachment":[{"href":"https:\/\/elicsgroup.com\/en\/wp-json\/wp\/v2\/media?parent=1566"}],"wp:term":[{"taxonomy":"product_brand","embeddable":true,"href":"https:\/\/elicsgroup.com\/en\/wp-json\/wp\/v2\/product_brand?post=1566"},{"taxonomy":"product_cat","embeddable":true,"href":"https:\/\/elicsgroup.com\/en\/wp-json\/wp\/v2\/product_cat?post=1566"},{"taxonomy":"product_tag","embeddable":true,"href":"https:\/\/elicsgroup.com\/en\/wp-json\/wp\/v2\/product_tag?post=1566"}],"curies":[{"name":"wp","href":"https:\/\/api.w.org\/{rel}","templated":true}]}}