{"id":1563,"date":"2025-03-24T09:18:05","date_gmt":"2025-03-24T07:18:05","guid":{"rendered":"https:\/\/elicsgroup.com\/?post_type=product&#038;p=1563"},"modified":"2025-07-31T17:16:26","modified_gmt":"2025-07-31T14:16:26","slug":"vienfaziai-automatiniai-itampos-reguliatoriai-3-50-kva-tvr11","status":"publish","type":"product","link":"https:\/\/elicsgroup.com\/en\/produktas\/vienfaziai-automatiniai-itampos-reguliatoriai-3-50-kva-tvr11\/","title":{"rendered":"Vienfaziai automatiniai \u012ftampos reguliatoriai 3-50 kVA (TVR11)"},"content":{"rendered":"<p>Specifikacija:<\/p>\n<ul>\n<li>1 faz\u0117s \u012f\u0117jimas &#8211; 1 faz\u0117s i\u0161\u0117jimas<\/li>\n<li>Platus galios ir \u012ftampos intervalas<\/li>\n<li>Greitas reguliavimas<\/li>\n<li>Didelis efektyvumas<\/li>\n<li>Apsauga nuo vir\u0161srovi\u0173 ir perkrov\u0173<\/li>\n<li>Skaitmeninis b\u016bsenos, \u012fvesties ir i\u0161vesties matavim\u0173 rodmuo<\/li>\n<li>Bypass funkcija<\/li>\n<\/ul>\n<p>Produkt\u0173 katalogas ir technin\u0117 specifikacija: <a href=\"https:\/\/eshop.elicsgroup.com\/wp-content\/uploads\/TVR11-PF1.0.pdf\">TVR11-PF1.0<\/a><\/p>\n","protected":false},"excerpt":{"rendered":"<p>Tescom TVR 11 serijos servo \u012ftampos reguliatoriai u\u017etikrina saugi\u0105 energij\u0105 j\u016bs\u0173 apkrovoms tose vietose, kur j\u016bs\u0173 tinklas yra nereguliarus arba kur maitinimo \u012ftampa nestabili, pavyzd\u017eiui, generatorius. Laikydamas \u012ftamp\u0105 tam tikr\u0173 leistin\u0173 nuokrypi\u0173 ribose, jis u\u017etikrina visi\u0161k\u0105 apsaug\u0105 nuo \u017ealos, kuri\u0105 sukelia pernelyg dideli \u012ftampos svyravimai.<\/p>\n","protected":false},"featured_media":1593,"menu_order":206,"comment_status":"closed","ping_status":"closed","template":"","meta":{"_acf_changed":false},"product_brand":[],"product_cat":[68],"product_tag":[],"class_list":{"0":"post-1563","1":"product","2":"type-product","3":"status-publish","4":"has-post-thumbnail","6":"product_cat-automatiniai-itampos-reguliatoriai","8":"first","9":"onbackorder","10":"shipping-taxable","11":"product-type-simple"},"acf":[],"_links":{"self":[{"href":"https:\/\/elicsgroup.com\/en\/wp-json\/wp\/v2\/product\/1563","targetHints":{"allow":["GET"]}}],"collection":[{"href":"https:\/\/elicsgroup.com\/en\/wp-json\/wp\/v2\/product"}],"about":[{"href":"https:\/\/elicsgroup.com\/en\/wp-json\/wp\/v2\/types\/product"}],"replies":[{"embeddable":true,"href":"https:\/\/elicsgroup.com\/en\/wp-json\/wp\/v2\/comments?post=1563"}],"wp:featuredmedia":[{"embeddable":true,"href":"https:\/\/elicsgroup.com\/en\/wp-json\/wp\/v2\/media\/1593"}],"wp:attachment":[{"href":"https:\/\/elicsgroup.com\/en\/wp-json\/wp\/v2\/media?parent=1563"}],"wp:term":[{"taxonomy":"product_brand","embeddable":true,"href":"https:\/\/elicsgroup.com\/en\/wp-json\/wp\/v2\/product_brand?post=1563"},{"taxonomy":"product_cat","embeddable":true,"href":"https:\/\/elicsgroup.com\/en\/wp-json\/wp\/v2\/product_cat?post=1563"},{"taxonomy":"product_tag","embeddable":true,"href":"https:\/\/elicsgroup.com\/en\/wp-json\/wp\/v2\/product_tag?post=1563"}],"curies":[{"name":"wp","href":"https:\/\/api.w.org\/{rel}","templated":true}]}}