{"id":1532,"date":"2025-03-24T09:17:55","date_gmt":"2025-03-24T07:17:55","guid":{"rendered":"https:\/\/elicsgroup.com\/?post_type=product&#038;p=1532"},"modified":"2026-04-22T14:53:47","modified_gmt":"2026-04-22T11:53:47","slug":"appleton-upr-serijos-125a-kistukai-ir-kistukiniai-lizdai","status":"publish","type":"product","link":"https:\/\/elicsgroup.com\/en\/produktas\/appleton-upr-serijos-125a-kistukai-ir-kistukiniai-lizdai\/","title":{"rendered":"Appleton\u2122 UPR serijos 125A ki\u0161tukai ir ki\u0161tukiniai lizdai"},"content":{"rendered":"<p>Klasifikavimo zonos: 1 ir 2 \u2013 21 ir 22; IP66; IK10<\/p>\n<p>Med\u017eiagos ir apdaila: ner\u016bdijan\u010dio plieno sieninis lizdas, poliamido ki\u0161tukas<\/p>\n<p>Ki\u0161tuko negalima \u012fki\u0161ti arba i\u0161imti, nebent jungiklis yra OFF pad\u0117tyje<\/p>\n<p>Jungiklio valdymo ranken\u0117l\u0119 galima u\u017erakinti pad\u0117tyje OFF<\/p>\n<p>&nbsp;<\/p>\n<table dir=\"ltr\" border=\"1\" cellspacing=\"0\" cellpadding=\"0\" data-sheets-root=\"1\">\n<colgroup>\n<col width=\"194\" \/>\n<col width=\"293\" \/><\/colgroup>\n<tbody>\n<tr>\n<td data-sheets-value=\"{&quot;1&quot;:2,&quot;2&quot;:&quot;Features &quot;}\">Features<\/td>\n<td data-sheets-value=\"{&quot;1&quot;:2,&quot;2&quot;:&quot;Specifications&quot;}\">Specifications<\/td>\n<\/tr>\n<tr>\n<td data-sheets-value=\"{&quot;1&quot;:2,&quot;2&quot;:&quot;Voltage&quot;}\">Voltage:<\/td>\n<td data-sheets-value=\"{&quot;1&quot;:2,&quot;2&quot;:&quot;380\/415 Vca (Red \u2013 R)rn480\/500 Vca (Black \u2013 N)rn440\/460 Vca (Red \u2013 R1)rn600\/690 Vca (Black \u2013 N1)&quot;}\">380\/415 Vac (Red \u2013 R)<br \/>\n480\/500 Vac (Black \u2013 N)<br \/>\n440\/460 Vac (Red \u2013 R1)<br \/>\n600\/690 Vac (Black \u2013 N1)<\/td>\n<\/tr>\n<tr>\n<td data-sheets-value=\"{&quot;1&quot;:2,&quot;2&quot;:&quot;Class temperature:&quot;}\">Class temperature:<\/td>\n<td data-sheets-value=\"{&quot;1&quot;:2,&quot;2&quot;:&quot;T5 for Ta +55\u00b0C and T70\u00b0CrnT6 for Ta +40\u00b0C and T55\u00b0C&quot;}\">T5 for Ta +55\u00b0C and T70\u00b0C<br \/>\nT6 for Ta +40\u00b0C and T55\u00b0C<\/td>\n<\/tr>\n<tr>\n<td data-sheets-value=\"{&quot;1&quot;:2,&quot;2&quot;:&quot;Surface temperature:&quot;}\">Surface temperature:<\/td>\n<td data-sheets-value=\"{&quot;1&quot;:2,&quot;2&quot;:&quot;T55\u00b0C \u2013 T70\u00b0C&quot;}\">T55\u00b0C \u2013 T70\u00b0C<\/td>\n<\/tr>\n<tr>\n<td data-sheets-value=\"{&quot;1&quot;:2,&quot;2&quot;:&quot;Ambient temperature:&quot;}\">Ambient temperature:<\/td>\n<td data-sheets-value=\"{&quot;1&quot;:2,&quot;2&quot;:&quot;-30 \u00b0C up to +40 \u00b0C rn(T6\/T55\u00b0C)\/rn+55 \u00b0C (T5\/T70\u00b0C)rn(depending on temperature rnclass T)&quot;}\">-30 \u00b0C up to +40 \u00b0C<br \/>\n(T6\/T55\u00b0C)\/<br \/>\n+55 \u00b0C (T5\/T70\u00b0C)<br \/>\n(depending on temperature<br \/>\nclass T)<\/td>\n<\/tr>\n<tr>\n<td data-sheets-value=\"{&quot;1&quot;:2,&quot;2&quot;:&quot;Impact resistance&quot;}\">Impact resistance:<\/td>\n<td data-sheets-value=\"{&quot;1&quot;:2,&quot;2&quot;:&quot;IK10&quot;}\">IK10<\/td>\n<\/tr>\n<tr>\n<td data-sheets-value=\"{&quot;1&quot;:2,&quot;2&quot;:&quot;Certification&quot;}\">Certification:<\/td>\n<td data-sheets-value=\"{&quot;1&quot;:2,&quot;2&quot;:&quot;ATEX\/IECEX, UKEX, INMETRO&quot;}\">ATEX\/IECEX, UKEX, INMETRO<\/td>\n<\/tr>\n<\/tbody>\n<\/table>\n<p>Produkt\u0173 katalogas:\u00a0<a href=\"https:\/\/ability-innovation-1183.my.salesforce.com\/sfc\/p\/#Hr00000788to\/a\/V5000000zG1R\/CxDh56dd.Lfy5.xIPNZTCbJnx8aE7APfq8qmPEY1l3E\" target=\"_blank\" rel=\"noopener\">https:\/\/ability-innovation-1183.my.salesforce.com\/sfc\/p\/#Hr00000788to\/a\/V5000000zG1R\/CxDh56dd.Lfy5.xIPNZTCbJnx8aE7APfq8qmPEY1l3E<\/a><\/p>\n","protected":false},"excerpt":{"rendered":"<p>Klasifikavimo zonos: 1 ir 2 \u2013 21 ir 22; IP66; IK10 Med\u017eiagos ir apdaila: ner\u016bdijan\u010dio plieno sieninis lizdas, poliamido ki\u0161tukas Ki\u0161tuko negalima \u012fki\u0161ti arba i\u0161imti, nebent jungiklis yra OFF pad\u0117tyje Jungiklio valdymo ranken\u0117l\u0119 galima u\u017erakinti pad\u0117tyje OFF &nbsp; Features Specifications Voltage: 380\/415 Vac (Red \u2013 R) 480\/500 Vac (Black \u2013 N) 440\/460 Vac (Red \u2013 [&hellip;]<\/p>\n","protected":false},"featured_media":1551,"menu_order":7,"comment_status":"closed","ping_status":"closed","template":"","meta":{"_acf_changed":false},"product_brand":[],"product_cat":[63],"product_tag":[],"class_list":{"0":"post-1532","1":"product","2":"type-product","3":"status-publish","4":"has-post-thumbnail","6":"product_cat-kistukai-ir-kistukiniai-lizdai","8":"first","9":"onbackorder","10":"shipping-taxable","11":"product-type-simple"},"acf":[],"_links":{"self":[{"href":"https:\/\/elicsgroup.com\/en\/wp-json\/wp\/v2\/product\/1532","targetHints":{"allow":["GET"]}}],"collection":[{"href":"https:\/\/elicsgroup.com\/en\/wp-json\/wp\/v2\/product"}],"about":[{"href":"https:\/\/elicsgroup.com\/en\/wp-json\/wp\/v2\/types\/product"}],"replies":[{"embeddable":true,"href":"https:\/\/elicsgroup.com\/en\/wp-json\/wp\/v2\/comments?post=1532"}],"wp:featuredmedia":[{"embeddable":true,"href":"https:\/\/elicsgroup.com\/en\/wp-json\/wp\/v2\/media\/1551"}],"wp:attachment":[{"href":"https:\/\/elicsgroup.com\/en\/wp-json\/wp\/v2\/media?parent=1532"}],"wp:term":[{"taxonomy":"product_brand","embeddable":true,"href":"https:\/\/elicsgroup.com\/en\/wp-json\/wp\/v2\/product_brand?post=1532"},{"taxonomy":"product_cat","embeddable":true,"href":"https:\/\/elicsgroup.com\/en\/wp-json\/wp\/v2\/product_cat?post=1532"},{"taxonomy":"product_tag","embeddable":true,"href":"https:\/\/elicsgroup.com\/en\/wp-json\/wp\/v2\/product_tag?post=1532"}],"curies":[{"name":"wp","href":"https:\/\/api.w.org\/{rel}","templated":true}]}}