{"id":1531,"date":"2025-03-24T09:17:55","date_gmt":"2025-03-24T07:17:55","guid":{"rendered":"https:\/\/elicsgroup.com\/?post_type=product&#038;p=1531"},"modified":"2026-04-22T15:30:22","modified_gmt":"2026-04-22T12:30:22","slug":"appleton-upr-serijos-63a-kistukai-ir-kistukiniai-lizdai","status":"publish","type":"product","link":"https:\/\/elicsgroup.com\/en\/produktas\/appleton-upr-serijos-63a-kistukai-ir-kistukiniai-lizdai\/","title":{"rendered":"Appleton\u2122 UPR serijos 63A ki\u0161tukai ir ki\u0161tukiniai lizdai"},"content":{"rendered":"<p>Klasifikavimo zonos: 1 ir 2 \u2013 21 ir 22; IP66; IK10<\/p>\n<p>Med\u017eiagos ir apdaila: stiklo pluo\u0161tu sustiprintas poliesterio lizdas ir poliamido\u00a0 dangtelis,\u00a0 ki\u0161tukas<\/p>\n<p>Ki\u0161tuko negalima \u012fki\u0161ti arba i\u0161imti, nebent jungiklis yra OFF pad\u0117tyje<\/p>\n<p>Jungiklio valdymo ranken\u0117l\u0119 galima u\u017erakinti pad\u0117tyje OFF<\/p>\n<p>&nbsp;<\/p>\n<table dir=\"ltr\" border=\"1\" cellspacing=\"0\" cellpadding=\"0\" data-sheets-root=\"1\">\n<colgroup>\n<col width=\"194\" \/>\n<col width=\"293\" \/><\/colgroup>\n<tbody>\n<tr>\n<td data-sheets-value=\"{&quot;1&quot;:2,&quot;2&quot;:&quot;Features &quot;}\">Features<\/td>\n<td data-sheets-value=\"{&quot;1&quot;:2,&quot;2&quot;:&quot;Specifications&quot;}\">Specifications<\/td>\n<\/tr>\n<tr>\n<td data-sheets-value=\"{&quot;1&quot;:2,&quot;2&quot;:&quot;Voltage&quot;}\">Voltage<\/td>\n<td data-sheets-value=\"{&quot;1&quot;:2,&quot;2&quot;:&quot;200\/250 Vac ; 380\/415 Vac; &quot;}\">200\/250 Vac ; 380\/415 Vac;<\/td>\n<\/tr>\n<tr>\n<td data-sheets-value=\"{&quot;1&quot;:2,&quot;2&quot;:&quot;Ingress protection&quot;}\">Ingress protection<\/td>\n<td data-sheets-value=\"{&quot;1&quot;:2,&quot;2&quot;:&quot;IP 66&quot;}\">IP 66<\/td>\n<\/tr>\n<tr>\n<td data-sheets-value=\"{&quot;1&quot;:2,&quot;2&quot;:&quot;Class temperature&quot;}\">Class temperature<\/td>\n<td data-sheets-value=\"{&quot;1&quot;:2,&quot;2&quot;:&quot;T4&quot;}\">T4<\/td>\n<\/tr>\n<tr>\n<td data-sheets-value=\"{&quot;1&quot;:2,&quot;2&quot;:&quot;Surface temperature &quot;}\">Surface temperature<\/td>\n<td data-sheets-value=\"{&quot;1&quot;:2,&quot;2&quot;:&quot;T80 \u00b0C&quot;}\">T80 \u00b0C<\/td>\n<\/tr>\n<tr>\n<td data-sheets-value=\"{&quot;1&quot;:2,&quot;2&quot;:&quot;Ambient temperature&quot;}\">Ambient temperature<\/td>\n<td data-sheets-value=\"{&quot;1&quot;:2,&quot;2&quot;:&quot;-30 \u00b0C up to +55 \u00b0C&quot;}\">-30 \u00b0C up to +55 \u00b0C<\/td>\n<\/tr>\n<tr>\n<td data-sheets-value=\"{&quot;1&quot;:2,&quot;2&quot;:&quot;Impact resistance&quot;}\">Impact resistance<\/td>\n<td data-sheets-value=\"{&quot;1&quot;:2,&quot;2&quot;:&quot;IK10&quot;}\">IK10<\/td>\n<\/tr>\n<tr>\n<td data-sheets-value=\"{&quot;1&quot;:2,&quot;2&quot;:&quot;Certification&quot;}\">Certification<\/td>\n<td data-sheets-value=\"{&quot;1&quot;:2,&quot;2&quot;:&quot;ATEX\/IECEX, UKEX, INMETRO&quot;}\">ATEX\/IECEX, UKEX, INMETRO<\/td>\n<\/tr>\n<\/tbody>\n<\/table>\n<p>Produkt\u0173 katalogas: <a href=\"https:\/\/ability-innovation-1183.my.salesforce.com\/sfc\/p\/#Hr00000788to\/a\/V5000000zGKn\/P1JPHt5VvnEa0FlmJTWG1VBr5uubcGLkHEQgJPzggTY\" target=\"_blank\" rel=\"noopener\">https:\/\/ability-innovation-1183.my.salesforce.com\/sfc\/p\/#Hr00000788to\/a\/V5000000zGKn\/P1JPHt5VvnEa0FlmJTWG1VBr5uubcGLkHEQgJPzggTY<\/a><\/p>\n","protected":false},"excerpt":{"rendered":"<p>Klasifikavimo zonos: 1 ir 2 \u2013 21 ir 22; IP66; IK10 Med\u017eiagos ir apdaila: stiklo pluo\u0161tu sustiprintas poliesterio lizdas ir poliamido\u00a0 dangtelis,\u00a0 ki\u0161tukas Ki\u0161tuko negalima \u012fki\u0161ti arba i\u0161imti, nebent jungiklis yra OFF pad\u0117tyje Jungiklio valdymo ranken\u0117l\u0119 galima u\u017erakinti pad\u0117tyje OFF &nbsp; Features Specifications Voltage 200\/250 Vac ; 380\/415 Vac; Ingress protection IP 66 Class temperature [&hellip;]<\/p>\n","protected":false},"featured_media":1551,"menu_order":6,"comment_status":"closed","ping_status":"closed","template":"","meta":{"_acf_changed":false},"product_brand":[],"product_cat":[63],"product_tag":[],"class_list":{"0":"post-1531","1":"product","2":"type-product","3":"status-publish","4":"has-post-thumbnail","6":"product_cat-kistukai-ir-kistukiniai-lizdai","8":"first","9":"onbackorder","10":"shipping-taxable","11":"product-type-simple"},"acf":[],"_links":{"self":[{"href":"https:\/\/elicsgroup.com\/en\/wp-json\/wp\/v2\/product\/1531","targetHints":{"allow":["GET"]}}],"collection":[{"href":"https:\/\/elicsgroup.com\/en\/wp-json\/wp\/v2\/product"}],"about":[{"href":"https:\/\/elicsgroup.com\/en\/wp-json\/wp\/v2\/types\/product"}],"replies":[{"embeddable":true,"href":"https:\/\/elicsgroup.com\/en\/wp-json\/wp\/v2\/comments?post=1531"}],"wp:featuredmedia":[{"embeddable":true,"href":"https:\/\/elicsgroup.com\/en\/wp-json\/wp\/v2\/media\/1551"}],"wp:attachment":[{"href":"https:\/\/elicsgroup.com\/en\/wp-json\/wp\/v2\/media?parent=1531"}],"wp:term":[{"taxonomy":"product_brand","embeddable":true,"href":"https:\/\/elicsgroup.com\/en\/wp-json\/wp\/v2\/product_brand?post=1531"},{"taxonomy":"product_cat","embeddable":true,"href":"https:\/\/elicsgroup.com\/en\/wp-json\/wp\/v2\/product_cat?post=1531"},{"taxonomy":"product_tag","embeddable":true,"href":"https:\/\/elicsgroup.com\/en\/wp-json\/wp\/v2\/product_tag?post=1531"}],"curies":[{"name":"wp","href":"https:\/\/api.w.org\/{rel}","templated":true}]}}