{"id":1529,"date":"2025-03-24T09:17:55","date_gmt":"2025-03-24T07:17:55","guid":{"rendered":"https:\/\/elicsgroup.com\/?post_type=product&#038;p=1529"},"modified":"2026-04-22T15:52:11","modified_gmt":"2026-04-22T12:52:11","slug":"appleton-atx-16a-kistukas-3pne-380-415-vac","status":"publish","type":"product","link":"https:\/\/elicsgroup.com\/en\/produktas\/appleton-atx-16a-kistukas-3pne-380-415-vac\/","title":{"rendered":"Appleton\u2122 ATX 16A ki\u0161tukas 3P+N+E 380\/415 Vac"},"content":{"rendered":"<p>Klasifikavimo zonos: 1 ir 2 \u2013 21 ir 22; Ex II 2 GD arba II 2 G; IP66 arba IP55; IK10<\/p>\n<p>Ki\u0161tukai \u2013 16 A: 1 kabelio \u012fvadas per integruot\u0105 M25 kabelio riebok\u0161l\u012f. 15\u201317 mm\u00a0 skersmuo 3P+N+E ki\u0161tukui.<\/p>\n<p>&nbsp;<\/p>\n<table dir=\"ltr\" border=\"1\" cellspacing=\"0\" cellpadding=\"0\" data-sheets-root=\"1\">\n<colgroup>\n<col width=\"194\" \/>\n<col width=\"293\" \/><\/colgroup>\n<tbody>\n<tr>\n<td data-sheets-value=\"{&quot;1&quot;:2,&quot;2&quot;:&quot;Features &quot;}\">Features<\/td>\n<td data-sheets-value=\"{&quot;1&quot;:2,&quot;2&quot;:&quot;Specifications&quot;}\">Specifications<\/td>\n<\/tr>\n<tr>\n<td data-sheets-value=\"{&quot;1&quot;:2,&quot;2&quot;:&quot;Voltage&quot;}\">Voltage<\/td>\n<td data-sheets-value=\"{&quot;1&quot;:2,&quot;2&quot;:&quot;380\/415 Vac 50\/60 Hz &quot;}\">380\/415 Vac 50\/60 Hz<\/td>\n<\/tr>\n<tr>\n<td data-sheets-value=\"{&quot;1&quot;:2,&quot;2&quot;:&quot;Class Temperature&quot;}\">Class Temperature<\/td>\n<td data-sheets-value=\"{&quot;1&quot;:2,&quot;2&quot;:&quot;T6 for Ta \u2264 + 50\u00b0C; T5 for Ta \u2264 + 55\u00b0C&quot;}\">T6 for Ta \u2264 + 50\u00b0C; T5 for Ta \u2264 + 55\u00b0C<\/td>\n<\/tr>\n<tr>\n<td data-sheets-value=\"{&quot;1&quot;:2,&quot;2&quot;:&quot;Surface Temperature&quot;}\">Surface Temperature<\/td>\n<td data-sheets-value=\"{&quot;1&quot;:2,&quot;2&quot;:&quot;T85 \u00b0C \/ 100 \u00b0C&quot;}\">T85 \u00b0C \/ 100 \u00b0C<\/td>\n<\/tr>\n<tr>\n<td data-sheets-value=\"{&quot;1&quot;:2,&quot;2&quot;:&quot;Ambient Temperature&quot;}\">Ambient Temperature<\/td>\n<td data-sheets-value=\"{&quot;1&quot;:2,&quot;2&quot;:&quot;-55 \u00b0C up to 50 \u00b0C \/ +55 \u00b0C ( depending on temperature class T)&quot;}\">-55 \u00b0C up to 50 \u00b0C \/ +55 \u00b0C (depending on temperature class T)<\/td>\n<\/tr>\n<tr>\n<td data-sheets-value=\"{&quot;1&quot;:2,&quot;2&quot;:&quot;Impact resistance&quot;}\">Impact resistance<\/td>\n<td data-sheets-value=\"{&quot;1&quot;:2,&quot;2&quot;:&quot;IK10&quot;}\">IK10<\/td>\n<\/tr>\n<tr>\n<td data-sheets-value=\"{&quot;1&quot;:2,&quot;2&quot;:&quot;Certification&quot;}\">Certification<\/td>\n<td data-sheets-value=\"{&quot;1&quot;:2,&quot;2&quot;:&quot;ATEX\/IECEX, UKEX&quot;}\">ATEX\/IECEX, UKEX<\/td>\n<\/tr>\n<\/tbody>\n<\/table>\n<p>Produkt\u0173 katalogas:\u00a0<a href=\"https:\/\/ability-innovation-1183.my.salesforce.com\/sfc\/p\/#Hr00000788to\/a\/V5000000zGXh\/qX8efopK_n9rjueTrl12Ten68fz4yDi2MX8MDv3jl6Y\" target=\"_blank\" rel=\"noopener\">https:\/\/ability-innovation-1183.my.salesforce.com\/sfc\/p\/#Hr00000788to\/a\/V5000000zGXh\/qX8efopK_n9rjueTrl12Ten68fz4yDi2MX8MDv3jl6Y<\/a><\/p>\n","protected":false},"excerpt":{"rendered":"<p>Klasifikavimo zonos: 1 ir 2 \u2013 21 ir 22; Ex II 2 GD arba II 2 G; IP66 arba IP55; IK10 Ki\u0161tukai \u2013 16 A: 1 kabelio \u012fvadas per integruot\u0105 M25 kabelio riebok\u0161l\u012f. 15\u201317 mm\u00a0 skersmuo 3P+N+E ki\u0161tukui. &nbsp; Features Specifications Voltage 380\/415 Vac 50\/60 Hz Class Temperature T6 for Ta \u2264 + 50\u00b0C; T5 [&hellip;]<\/p>\n","protected":false},"featured_media":1549,"menu_order":22,"comment_status":"closed","ping_status":"closed","template":"","meta":{"_acf_changed":false},"product_brand":[],"product_cat":[63],"product_tag":[],"class_list":{"0":"post-1529","1":"product","2":"type-product","3":"status-publish","4":"has-post-thumbnail","6":"product_cat-kistukai-ir-kistukiniai-lizdai","8":"first","9":"onbackorder","10":"shipping-taxable","11":"product-type-simple"},"acf":[],"_links":{"self":[{"href":"https:\/\/elicsgroup.com\/en\/wp-json\/wp\/v2\/product\/1529","targetHints":{"allow":["GET"]}}],"collection":[{"href":"https:\/\/elicsgroup.com\/en\/wp-json\/wp\/v2\/product"}],"about":[{"href":"https:\/\/elicsgroup.com\/en\/wp-json\/wp\/v2\/types\/product"}],"replies":[{"embeddable":true,"href":"https:\/\/elicsgroup.com\/en\/wp-json\/wp\/v2\/comments?post=1529"}],"wp:featuredmedia":[{"embeddable":true,"href":"https:\/\/elicsgroup.com\/en\/wp-json\/wp\/v2\/media\/1549"}],"wp:attachment":[{"href":"https:\/\/elicsgroup.com\/en\/wp-json\/wp\/v2\/media?parent=1529"}],"wp:term":[{"taxonomy":"product_brand","embeddable":true,"href":"https:\/\/elicsgroup.com\/en\/wp-json\/wp\/v2\/product_brand?post=1529"},{"taxonomy":"product_cat","embeddable":true,"href":"https:\/\/elicsgroup.com\/en\/wp-json\/wp\/v2\/product_cat?post=1529"},{"taxonomy":"product_tag","embeddable":true,"href":"https:\/\/elicsgroup.com\/en\/wp-json\/wp\/v2\/product_tag?post=1529"}],"curies":[{"name":"wp","href":"https:\/\/api.w.org\/{rel}","templated":true}]}}