{"id":1520,"date":"2025-03-24T09:17:55","date_gmt":"2025-03-24T07:17:55","guid":{"rendered":"https:\/\/elicsgroup.com\/?post_type=product&#038;p=1520"},"modified":"2026-04-22T15:33:38","modified_gmt":"2026-04-22T12:33:38","slug":"appleton-areamaster-2-kartos-led-prozektorius-1-zonai","status":"publish","type":"product","link":"https:\/\/elicsgroup.com\/en\/produktas\/appleton-areamaster-2-kartos-led-prozektorius-1-zonai\/","title":{"rendered":"Appleton\u2122 Areamaster\u2122 2 kartos LED pro\u017eektorius (1 zonai)"},"content":{"rendered":"<p>Specifikacijos:<\/p>\n<p><span class=\"jCAhz JxVs2d ChMk0b\"><span class=\"ryNqvb\">ATEX\/IECEx sertifikatai ir atitikties zonos: zona 1, 2, 21, 22; Ex II 2GD; Ex eb mb op is llC T6 to T3; IP66\/67; IK08<\/span><\/span><\/p>\n<p>Aplinkos temperat\u016bra: -40 \u00b0C iki +65 \u00b0C<\/p>\n<p>Standartin\u0117s med\u017eiagos: aliuminio korpusas ir objektyvo durel\u0117s; silikonin\u0117s gumin\u0117s tarpin\u0117s;\u00a0 ner\u016bdijan\u010dio plieno var\u017etai, apsauga ir apsauginis trosas; ; aliuminio skydelis ir (1) u\u017edaras ki\u0161tukas (pridedamas)<\/p>\n<p>Tvirtas ir kompakti\u0161kas korpusas su puikia \u0161ilumine konstrukcija u\u017etikrina ilg\u0105 \u0161viestuvo tarnavimo laik\u0105<\/p>\n<p>Sm\u016bgiams atsparus skaidraus arba matinio stiklo l\u0119\u0161is su tvirta tvirtinimo detale.<\/p>\n<p>Standartin\u0117 apdaila: architekt\u016brinis bronzinis poliesterio korpusas, objektyvo dangtelis<\/p>\n<p>Garantija: 10 met\u0173<\/p>\n<p>&nbsp;<\/p>\n<table dir=\"ltr\" border=\"1\" cellspacing=\"0\" cellpadding=\"0\" data-sheets-root=\"1\">\n<colgroup>\n<col width=\"217\" \/>\n<col width=\"284\" \/><\/colgroup>\n<tbody>\n<tr>\n<td data-sheets-value=\"{&quot;1&quot;:2,&quot;2&quot;:&quot;Features &quot;}\">Features<\/td>\n<td data-sheets-value=\"{&quot;1&quot;:2,&quot;2&quot;:&quot;Specifications&quot;}\">Specifications<\/td>\n<\/tr>\n<tr>\n<td data-sheets-value=\"{&quot;1&quot;:2,&quot;2&quot;:&quot;Voltage&quot;}\">Voltage<\/td>\n<td data-sheets-value=\"{&quot;1&quot;:2,&quot;2&quot;:&quot;100-277Vac; 170-300 Vdc; 347-480 Vac; 50\/60 Hz&quot;}\">100-277Vac; 170-300 Vdc; 347-480 Vac; 50\/60 Hz<\/td>\n<\/tr>\n<tr>\n<td data-sheets-value=\"{&quot;1&quot;:2,&quot;2&quot;:&quot;Retrofit Equivalents&quot;}\">Retrofit Equivalents<\/td>\n<td data-sheets-value=\"{&quot;1&quot;:2,&quot;2&quot;:&quot;175 - 1500W HID&quot;}\">175 &#8211; 1500W HID<\/td>\n<\/tr>\n<tr>\n<td data-sheets-value=\"{&quot;1&quot;:2,&quot;2&quot;:&quot;Lumens&quot;}\">Lumens<\/td>\n<td data-sheets-value=\"{&quot;1&quot;:2,&quot;2&quot;:&quot;9500 - 38000&quot;}\">9500 &#8211; 38000<\/td>\n<\/tr>\n<tr>\n<td data-sheets-value=\"{&quot;1&quot;:2,&quot;2&quot;:&quot;Efficacy&quot;}\">Efficacy<\/td>\n<td data-sheets-value=\"{&quot;1&quot;:2,&quot;2&quot;:&quot;140 lm\/W&quot;}\">140 lm\/W<\/td>\n<\/tr>\n<tr>\n<td data-sheets-value=\"{&quot;1&quot;:2,&quot;2&quot;:&quot;Color Temperatures&quot;}\">Color Temperatures<\/td>\n<td data-sheets-value=\"{&quot;1&quot;:2,&quot;2&quot;:&quot;5000K, 4000K, 3000K, 1800K, Green&quot;}\">5000K, 4000K, 3000K, 1800K, Green<\/td>\n<\/tr>\n<tr>\n<td data-sheets-value=\"{&quot;1&quot;:2,&quot;2&quot;:&quot;CRI&quot;}\">CRI<\/td>\n<td data-sheets-value=\"{&quot;1&quot;:2,&quot;2&quot;:&quot;70+ ; 80+&quot;}\">70+ ; 80+<\/td>\n<\/tr>\n<tr>\n<td data-sheets-value=\"{&quot;1&quot;:2,&quot;2&quot;:&quot;Ambient Temperature: &quot;}\">Ambient Temperature:<\/td>\n<td data-sheets-value=\"{&quot;1&quot;:2,&quot;2&quot;:&quot;-50\u00b0C or - 40\u00b0C to +65\u00b0C&quot;}\">-55\u00b0C or &#8211; 40\u00b0C to +65\u00b0C<\/td>\n<\/tr>\n<tr>\n<td data-sheets-value=\"{&quot;1&quot;:2,&quot;2&quot;:&quot;LED Lumen depreciation (L70)&quot;}\">LED Lumen depreciation (L70)<\/td>\n<td data-sheets-value=\"{&quot;1&quot;:2,&quot;2&quot;:&quot;108000+ hours&quot;}\">108000+ hours<\/td>\n<\/tr>\n<tr>\n<td data-sheets-value=\"{&quot;1&quot;:2,&quot;2&quot;:&quot;LED Driver Lifetime&quot;}\">LED Driver Lifetime<\/td>\n<td data-sheets-value=\"{&quot;1&quot;:2,&quot;2&quot;:&quot;200000+ hours&quot;}\">200000+ hours<\/td>\n<\/tr>\n<tr>\n<td data-sheets-value=\"{&quot;1&quot;:2,&quot;2&quot;:&quot;Repleceable components &quot;}\">Repleceable components<\/td>\n<td data-sheets-value=\"{&quot;1&quot;:2,&quot;2&quot;:&quot;LED Driver, Lens cover&quot;}\">LED Driver, Lens cover<\/td>\n<\/tr>\n<\/tbody>\n<\/table>\n<p>Produkt\u0173 katalogas:\u00a0<a href=\"https:\/\/ability-innovation-1183.my.salesforce.com\/sfc\/p\/#Hr00000788to\/a\/V5000000ygxF\/DCF533wkeMY2BhUja877l93orRziyEHpEmqUHyUxwJI\" target=\"_blank\" rel=\"noopener\">https:\/\/ability-innovation-1183.my.salesforce.com\/sfc\/p\/#Hr00000788to\/a\/V5000000ygxF\/DCF533wkeMY2BhUja877l93orRziyEHpEmqUHyUxwJI<\/a><\/p>\n","protected":false},"excerpt":{"rendered":"<p>Specifikacijos: ATEX\/IECEx sertifikatai ir atitikties zonos: zona 1, 2, 21, 22; Ex II 2GD; Ex eb mb op is llC T6 to T3; IP66\/67; IK08 Aplinkos temperat\u016bra: -40 \u00b0C iki +65 \u00b0C Standartin\u0117s med\u017eiagos: aliuminio korpusas ir objektyvo durel\u0117s; silikonin\u0117s gumin\u0117s tarpin\u0117s;\u00a0 ner\u016bdijan\u010dio plieno var\u017etai, apsauga ir apsauginis trosas; ; aliuminio skydelis ir (1) u\u017edaras [&hellip;]<\/p>\n","protected":false},"featured_media":1548,"menu_order":15,"comment_status":"closed","ping_status":"closed","template":"","meta":{"_acf_changed":false},"product_brand":[],"product_cat":[62],"product_tag":[],"class_list":{"0":"post-1520","1":"product","2":"type-product","3":"status-publish","4":"has-post-thumbnail","6":"product_cat-sviestuvai","8":"first","9":"onbackorder","10":"shipping-taxable","11":"product-type-simple"},"acf":[],"_links":{"self":[{"href":"https:\/\/elicsgroup.com\/en\/wp-json\/wp\/v2\/product\/1520","targetHints":{"allow":["GET"]}}],"collection":[{"href":"https:\/\/elicsgroup.com\/en\/wp-json\/wp\/v2\/product"}],"about":[{"href":"https:\/\/elicsgroup.com\/en\/wp-json\/wp\/v2\/types\/product"}],"replies":[{"embeddable":true,"href":"https:\/\/elicsgroup.com\/en\/wp-json\/wp\/v2\/comments?post=1520"}],"wp:featuredmedia":[{"embeddable":true,"href":"https:\/\/elicsgroup.com\/en\/wp-json\/wp\/v2\/media\/1548"}],"wp:attachment":[{"href":"https:\/\/elicsgroup.com\/en\/wp-json\/wp\/v2\/media?parent=1520"}],"wp:term":[{"taxonomy":"product_brand","embeddable":true,"href":"https:\/\/elicsgroup.com\/en\/wp-json\/wp\/v2\/product_brand?post=1520"},{"taxonomy":"product_cat","embeddable":true,"href":"https:\/\/elicsgroup.com\/en\/wp-json\/wp\/v2\/product_cat?post=1520"},{"taxonomy":"product_tag","embeddable":true,"href":"https:\/\/elicsgroup.com\/en\/wp-json\/wp\/v2\/product_tag?post=1520"}],"curies":[{"name":"wp","href":"https:\/\/api.w.org\/{rel}","templated":true}]}}