{"id":1518,"date":"2025-03-24T09:17:55","date_gmt":"2025-03-24T07:17:55","guid":{"rendered":"https:\/\/elicsgroup.com\/?post_type=product&#038;p=1518"},"modified":"2026-04-22T15:34:17","modified_gmt":"2026-04-22T12:34:17","slug":"hb-multilens-led-bulkhead-serija","status":"publish","type":"product","link":"https:\/\/elicsgroup.com\/en\/produktas\/hb-multilens-led-bulkhead-serija\/","title":{"rendered":"HB Multilens LED Bulkhead serija"},"content":{"rendered":"<p>Specifikacijos:<\/p>\n<p><span class=\"jCAhz JxVs2d ChMk0b\"><span class=\"ryNqvb\">ATEXsertifikatai ir atitikties zonos: 2 zona ir 21-22 | II 2D| II 3GD | UKEx<\/span><\/span><\/p>\n<p>Aplinkos temperat\u016bra: -50 \u00b0C iki +65 \u00b0C<\/p>\n<p>Standartin\u0117s med\u017eiagos ir apdaila: tvirtinimo gaubtai, korpusas i\u0161lieti be vario (4\/10 1% maks.), aliuminis elektrostatiniu b\u016bdu padengtas pilka epoksidine danga. Gaubliai yra polikarbonato arba stiklo. Apkaustai, gaubt\u0173 mazgai, apsaugos yra ner\u016bdijan\u010dio plieno.<\/p>\n<p>Akumuliatoriaus parinktis: 3 valand\u0173 avarin\u0117 versija visiems modeliams iki 12000 liumen\u0173<\/p>\n<p>Garantija: 5 metai<\/p>\n<p>&nbsp;<\/p>\n<table dir=\"ltr\" border=\"1\" cellspacing=\"0\" cellpadding=\"0\" data-sheets-root=\"1\">\n<colgroup>\n<col width=\"204\" \/>\n<col width=\"286\" \/><\/colgroup>\n<tbody>\n<tr>\n<td data-sheets-value=\"{&quot;1&quot;:2,&quot;2&quot;:&quot;Features &quot;}\">Features<\/td>\n<td data-sheets-value=\"{&quot;1&quot;:2,&quot;2&quot;:&quot;Specifications&quot;}\">Specifications<\/td>\n<\/tr>\n<tr>\n<td data-sheets-value=\"{&quot;1&quot;:2,&quot;2&quot;:&quot;Voltage&quot;}\">Voltage<\/td>\n<td data-sheets-value=\"{&quot;1&quot;:2,&quot;2&quot;:&quot;100-277Vac; 24-48Vdc; 24-48 Vdc, 50\/60 Hz&quot;}\">100-277Vac; 24-48Vdc; 50\/60 Hz<\/td>\n<\/tr>\n<tr>\n<td data-sheets-value=\"{&quot;1&quot;:2,&quot;2&quot;:&quot;Retrofit Equivalents&quot;}\">Retrofit Equivalents<\/td>\n<td data-sheets-value=\"{&quot;1&quot;:2,&quot;2&quot;:&quot;70 - 250W HID&quot;}\">70 &#8211; 250W HID<\/td>\n<\/tr>\n<tr>\n<td data-sheets-value=\"{&quot;1&quot;:2,&quot;2&quot;:&quot;Lumens&quot;}\">Lumens<\/td>\n<td data-sheets-value=\"{&quot;1&quot;:2,&quot;2&quot;:&quot;3300 \u2013 7500 &quot;}\">3300 \u2013 7500<\/td>\n<\/tr>\n<tr>\n<td data-sheets-value=\"{&quot;1&quot;:2,&quot;2&quot;:&quot;Efficacy&quot;}\">Efficacy<\/td>\n<td data-sheets-value=\"{&quot;1&quot;:2,&quot;2&quot;:&quot;115 - 133 lm\/W&quot;}\">133 lm\/W<\/td>\n<\/tr>\n<tr>\n<td data-sheets-value=\"{&quot;1&quot;:2,&quot;2&quot;:&quot;Color Temperatures&quot;}\">Color Temperatures<\/td>\n<td data-sheets-value=\"{&quot;1&quot;:2,&quot;2&quot;:&quot;5000K, 4000K, 3000K, 1800K, Green&quot;}\">5000K, 4000K, 3000K, 1800K, Green<\/td>\n<\/tr>\n<tr>\n<td data-sheets-value=\"{&quot;1&quot;:2,&quot;2&quot;:&quot;CRI&quot;}\">CRI<\/td>\n<td data-sheets-value=\"{&quot;1&quot;:2,&quot;2&quot;:&quot;70+&quot;}\">70+<\/td>\n<\/tr>\n<tr>\n<td data-sheets-value=\"{&quot;1&quot;:2,&quot;2&quot;:&quot;Ambient Temperature: &quot;}\">Ambient Temperature:<\/td>\n<td data-sheets-value=\"{&quot;1&quot;:2,&quot;2&quot;:&quot;-50\u00b0C to +65\u00b0C &quot;}\">-50\u00b0C to +65\u00b0C<\/td>\n<\/tr>\n<tr>\n<td data-sheets-value=\"{&quot;1&quot;:2,&quot;2&quot;:&quot;LED Lumen depreciation (L70)&quot;}\">LED Lumen depreciation (L70)<\/td>\n<td data-sheets-value=\"{&quot;1&quot;:2,&quot;2&quot;:&quot;60000 + hours (reported); &gt; 200000 hours (calculated)&quot;}\">60000 + hours (reported); &gt; 200000 hours (calculated)<\/td>\n<\/tr>\n<tr>\n<td data-sheets-value=\"{&quot;1&quot;:2,&quot;2&quot;:&quot;Repleceable components &quot;}\">Replaceable components<\/td>\n<td data-sheets-value=\"{&quot;1&quot;:2,&quot;2&quot;:&quot;LED Driver, Globe, Guard&quot;}\">LED Driver, Globe, Guard<\/td>\n<\/tr>\n<\/tbody>\n<\/table>\n<p>Produkt\u0173 katalogas: <a href=\"https:\/\/ability-innovation-1183.my.salesforce.com\/sfc\/p\/#Hr00000788to\/a\/V5000000y98W\/kcy1OF3fFCKNR06pLMgB7ddeuGfcmWeWGtvbuT3EHvA\" target=\"_blank\" rel=\"noopener\">https:\/\/ability-innovation-1183.my.salesforce.com\/sfc\/p\/#Hr00000788to\/a\/V5000000y98W\/kcy1OF3fFCKNR06pLMgB7ddeuGfcmWeWGtvbuT3EHvA<\/a><\/p>\n","protected":false},"excerpt":{"rendered":"<p>Specifikacijos: ATEXsertifikatai ir atitikties zonos: 2 zona ir 21-22 | II 2D| II 3GD | UKEx Aplinkos temperat\u016bra: -50 \u00b0C iki +65 \u00b0C Standartin\u0117s med\u017eiagos ir apdaila: tvirtinimo gaubtai, korpusas i\u0161lieti be vario (4\/10 1% maks.), aliuminis elektrostatiniu b\u016bdu padengtas pilka epoksidine danga. Gaubliai yra polikarbonato arba stiklo. Apkaustai, gaubt\u0173 mazgai, apsaugos yra ner\u016bdijan\u010dio plieno. [&hellip;]<\/p>\n","protected":false},"featured_media":1547,"menu_order":12,"comment_status":"closed","ping_status":"closed","template":"","meta":{"_acf_changed":false},"product_brand":[],"product_cat":[62],"product_tag":[],"class_list":{"0":"post-1518","1":"product","2":"type-product","3":"status-publish","4":"has-post-thumbnail","6":"product_cat-sviestuvai","8":"first","9":"onbackorder","10":"shipping-taxable","11":"product-type-simple"},"acf":[],"_links":{"self":[{"href":"https:\/\/elicsgroup.com\/en\/wp-json\/wp\/v2\/product\/1518","targetHints":{"allow":["GET"]}}],"collection":[{"href":"https:\/\/elicsgroup.com\/en\/wp-json\/wp\/v2\/product"}],"about":[{"href":"https:\/\/elicsgroup.com\/en\/wp-json\/wp\/v2\/types\/product"}],"replies":[{"embeddable":true,"href":"https:\/\/elicsgroup.com\/en\/wp-json\/wp\/v2\/comments?post=1518"}],"wp:featuredmedia":[{"embeddable":true,"href":"https:\/\/elicsgroup.com\/en\/wp-json\/wp\/v2\/media\/1547"}],"wp:attachment":[{"href":"https:\/\/elicsgroup.com\/en\/wp-json\/wp\/v2\/media?parent=1518"}],"wp:term":[{"taxonomy":"product_brand","embeddable":true,"href":"https:\/\/elicsgroup.com\/en\/wp-json\/wp\/v2\/product_brand?post=1518"},{"taxonomy":"product_cat","embeddable":true,"href":"https:\/\/elicsgroup.com\/en\/wp-json\/wp\/v2\/product_cat?post=1518"},{"taxonomy":"product_tag","embeddable":true,"href":"https:\/\/elicsgroup.com\/en\/wp-json\/wp\/v2\/product_tag?post=1518"}],"curies":[{"name":"wp","href":"https:\/\/api.w.org\/{rel}","templated":true}]}}