{"id":1517,"date":"2025-03-24T09:17:55","date_gmt":"2025-03-24T07:17:55","guid":{"rendered":"https:\/\/elicsgroup.com\/?post_type=product&#038;p=1517"},"modified":"2026-04-22T15:35:09","modified_gmt":"2026-04-22T12:35:09","slug":"appleton-mercmaster-led-zemo-profilio-sviestuvai","status":"publish","type":"product","link":"https:\/\/elicsgroup.com\/en\/produktas\/appleton-mercmaster-led-zemo-profilio-sviestuvai\/","title":{"rendered":"Appleton\u2122 Mercmaster\u2122 LED \u017eemo profilio \u0161viestuvai"},"content":{"rendered":"<p>Specifikacijos:<\/p>\n<p><span class=\"jCAhz JxVs2d ChMk0b\"><span class=\"ryNqvb\">ATEX\/IECEx sertifikatai ir atitikties zonos: standartin\u0117 versija &#8211; 2 zona ir 21-22; Ex II 2 D; Ex II 3 GD; IP66; IK08<\/span><\/span><\/p>\n<p>Aplinkos temperat\u016bra: Standartin\u0117 versija: nuo -40 \u00b0C iki +65 \u00b0C. Avarin\u0117 parinktis: nuo -20 \u00b0C iki +55 \u00b0C<\/p>\n<p>Standartin\u0117s med\u017eiagos ir apdaila: Tvirtinimo gaubtai, korpusas i\u0161lieti be vario (4\/10 1% maks.) aliuminis elektrostatiniu b\u016bdu padengtas pilka epoksidine danga. Gaubliai yra polikarbonato arba stiklo. Apkaustai, gaubt\u0173 mazgai, apsaugos yra ner\u016bdijan\u010dio plieno. Refraktoriai yra kar\u0161\u010diui atsparus prizminis stiklas<\/p>\n<p>Pritemdymo funkcija: 0-10 V<\/p>\n<p>Garantija: 5 metai<\/p>\n<p>&nbsp;<\/p>\n<table dir=\"ltr\" border=\"1\" cellspacing=\"0\" cellpadding=\"0\" data-sheets-root=\"1\">\n<colgroup>\n<col width=\"224\" \/>\n<col width=\"293\" \/><\/colgroup>\n<tbody>\n<tr>\n<td data-sheets-value=\"{&quot;1&quot;:2,&quot;2&quot;:&quot;Features &quot;}\">Features<\/td>\n<td data-sheets-value=\"{&quot;1&quot;:2,&quot;2&quot;:&quot;Specifications&quot;}\">Specifications<\/td>\n<\/tr>\n<tr>\n<td data-sheets-value=\"{&quot;1&quot;:2,&quot;2&quot;:&quot;Voltage&quot;}\">Voltage<\/td>\n<td data-sheets-value=\"{&quot;1&quot;:2,&quot;2&quot;:&quot;100-277Vac; 24-48Vdc; 125-300VDC, 347-480Vac; 24-48Vdc 50\/60 Hz&quot;}\">100-277Vac; 24-48Vdc; 125-300VDC, 347-480Vac; 24-48Vdc 50\/60 Hz<\/td>\n<\/tr>\n<tr>\n<td data-sheets-value=\"{&quot;1&quot;:2,&quot;2&quot;:&quot;Retrofit Equivalents&quot;}\">Retrofit Equivalents<\/td>\n<td data-sheets-value=\"{&quot;1&quot;:2,&quot;2&quot;:&quot;70 - 250W HID&quot;}\">70 &#8211; 250W HID<\/td>\n<\/tr>\n<tr>\n<td data-sheets-value=\"{&quot;1&quot;:2,&quot;2&quot;:&quot;Lumens&quot;}\">Lumens<\/td>\n<td data-sheets-value=\"{&quot;1&quot;:2,&quot;2&quot;:&quot;3300 - 7500 (Std\/EMR)&quot;}\">3300 &#8211; 7500 (Std\/EMR)<\/td>\n<\/tr>\n<tr>\n<td data-sheets-value=\"{&quot;1&quot;:2,&quot;2&quot;:&quot;Efficacy&quot;}\">Efficacy<\/td>\n<td data-sheets-value=\"{&quot;1&quot;:2,&quot;2&quot;:&quot;115 - 146 lm\/w&quot;}\">115 &#8211; 146 lm\/w<\/td>\n<\/tr>\n<tr>\n<td data-sheets-value=\"{&quot;1&quot;:2,&quot;2&quot;:&quot;Color Temperatures&quot;}\">Color Temperatures<\/td>\n<td data-sheets-value=\"{&quot;1&quot;:2,&quot;2&quot;:&quot;5000K, 4000K, 3000K, 1800K, Amber&quot;}\">5000K, 4000K, 3000K, 1800K, Amber<\/td>\n<\/tr>\n<tr>\n<td data-sheets-value=\"{&quot;1&quot;:2,&quot;2&quot;:&quot;CRI&quot;}\">CRI<\/td>\n<td data-sheets-value=\"{&quot;1&quot;:2,&quot;2&quot;:&quot;70+&quot;}\">70+<\/td>\n<\/tr>\n<tr>\n<td data-sheets-value=\"{&quot;1&quot;:2,&quot;2&quot;:&quot;Ambient Temperature: &quot;}\">Ambient Temperature:<\/td>\n<td data-sheets-value=\"{&quot;1&quot;:2,&quot;2&quot;:&quot;-50\u00b0C or -40\u00b0C to +55\u00b0C &quot;}\">-50\u00b0C or -40\u00b0C to +55\u00b0C<\/td>\n<\/tr>\n<tr>\n<td data-sheets-value=\"{&quot;1&quot;:2,&quot;2&quot;:&quot;LED Lumen depreciation (L70)&quot;}\">LED Lumen depreciation (L70)<\/td>\n<td data-sheets-value=\"{&quot;1&quot;:2,&quot;2&quot;:&quot;109000+ hours&quot;}\">109000+ hours<\/td>\n<\/tr>\n<tr>\n<td data-sheets-value=\"{&quot;1&quot;:2,&quot;2&quot;:&quot;Led Driver Lifetime&quot;}\">Led Driver Lifetime<\/td>\n<td data-sheets-value=\"{&quot;1&quot;:2,&quot;2&quot;:&quot;100000 + hours&quot;}\">100000 + hours<\/td>\n<\/tr>\n<tr>\n<td data-sheets-value=\"{&quot;1&quot;:2,&quot;2&quot;:&quot;Replaceable Components&quot;}\">Replaceable Components<\/td>\n<td data-sheets-value=\"{&quot;1&quot;:2,&quot;2&quot;:&quot;LED Driver, Globe, Battery, BMM&quot;}\">LED Driver, Globe, Battery, BMM<\/td>\n<\/tr>\n<tr>\n<td data-sheets-value=\"{&quot;1&quot;:2,&quot;2&quot;:&quot;Emergency Battery Backup&quot;}\">Emergency Battery Backup<\/td>\n<td data-sheets-value=\"{&quot;1&quot;:2,&quot;2&quot;:&quot;90 min &amp; 180 min&quot;}\">90 min &amp; 180 min<\/td>\n<\/tr>\n<tr>\n<td data-sheets-value=\"{&quot;1&quot;:2,&quot;2&quot;:&quot;Refrofit adapters&quot;}\">Refrofit adapters<\/td>\n<td data-sheets-value=\"{&quot;1&quot;:2,&quot;2&quot;:&quot;Crouse-Hinds VMV, Killark Certilite V, Mercmaster II HID&quot;}\">Crouse-Hinds VMV, Killark Certilite V, Mercmaster II HID<\/td>\n<\/tr>\n<\/tbody>\n<\/table>\n<p>Produkt\u0173 katalogas: <a href=\"https:\/\/ability-innovation-1183.my.salesforce.com\/sfc\/p\/#Hr00000788to\/a\/V5000001X70X\/_85Li6GHu53CZgKFd.jywaNWG3IVVPcFVYaxPuu2ox0\" target=\"_blank\" rel=\"noopener\">https:\/\/ability-innovation-1183.my.salesforce.com\/sfc\/p\/#Hr00000788to\/a\/V5000001X70X\/_85Li6GHu53CZgKFd.jywaNWG3IVVPcFVYaxPuu2ox0<\/a><\/p>\n","protected":false},"excerpt":{"rendered":"<p>Specifikacijos: ATEX\/IECEx sertifikatai ir atitikties zonos: standartin\u0117 versija &#8211; 2 zona ir 21-22; Ex II 2 D; Ex II 3 GD; IP66; IK08 Aplinkos temperat\u016bra: Standartin\u0117 versija: nuo -40 \u00b0C iki +65 \u00b0C. Avarin\u0117 parinktis: nuo -20 \u00b0C iki +55 \u00b0C Standartin\u0117s med\u017eiagos ir apdaila: Tvirtinimo gaubtai, korpusas i\u0161lieti be vario (4\/10 1% maks.) aliuminis [&hellip;]<\/p>\n","protected":false},"featured_media":1546,"menu_order":13,"comment_status":"closed","ping_status":"closed","template":"","meta":{"_acf_changed":false},"product_brand":[],"product_cat":[62],"product_tag":[],"class_list":{"0":"post-1517","1":"product","2":"type-product","3":"status-publish","4":"has-post-thumbnail","6":"product_cat-sviestuvai","8":"first","9":"onbackorder","10":"shipping-taxable","11":"product-type-simple"},"acf":[],"_links":{"self":[{"href":"https:\/\/elicsgroup.com\/en\/wp-json\/wp\/v2\/product\/1517","targetHints":{"allow":["GET"]}}],"collection":[{"href":"https:\/\/elicsgroup.com\/en\/wp-json\/wp\/v2\/product"}],"about":[{"href":"https:\/\/elicsgroup.com\/en\/wp-json\/wp\/v2\/types\/product"}],"replies":[{"embeddable":true,"href":"https:\/\/elicsgroup.com\/en\/wp-json\/wp\/v2\/comments?post=1517"}],"wp:featuredmedia":[{"embeddable":true,"href":"https:\/\/elicsgroup.com\/en\/wp-json\/wp\/v2\/media\/1546"}],"wp:attachment":[{"href":"https:\/\/elicsgroup.com\/en\/wp-json\/wp\/v2\/media?parent=1517"}],"wp:term":[{"taxonomy":"product_brand","embeddable":true,"href":"https:\/\/elicsgroup.com\/en\/wp-json\/wp\/v2\/product_brand?post=1517"},{"taxonomy":"product_cat","embeddable":true,"href":"https:\/\/elicsgroup.com\/en\/wp-json\/wp\/v2\/product_cat?post=1517"},{"taxonomy":"product_tag","embeddable":true,"href":"https:\/\/elicsgroup.com\/en\/wp-json\/wp\/v2\/product_tag?post=1517"}],"curies":[{"name":"wp","href":"https:\/\/api.w.org\/{rel}","templated":true}]}}