{"id":1516,"date":"2025-03-24T09:17:55","date_gmt":"2025-03-24T07:17:55","guid":{"rendered":"https:\/\/elicsgroup.com\/?post_type=product&#038;p=1516"},"modified":"2026-04-22T15:32:29","modified_gmt":"2026-04-22T12:32:29","slug":"cled-serijos-ugniai-atsparus-sviestuvai","status":"publish","type":"product","link":"https:\/\/elicsgroup.com\/en\/produktas\/cled-serijos-ugniai-atsparus-sviestuvai\/","title":{"rendered":"CLED serijos ugniai atspar\u016bs \u0161viestuvai"},"content":{"rendered":"<p>Specifikacijos:<\/p>\n<p><span class=\"jCAhz JxVs2d ChMk0b\"><span class=\"ryNqvb\">ATEX\/IECEx sertifikatai ir atitikties zonos: CLED &#8211; Dujos: 1 ir 2 zonos, Apsaugos tipas: Ex db eb IIC T4 Gb &#8211; Dulk\u0117s: 21 ir 22 zonos: II 2D, Apsaugos tipas: Ex tb IIIC T135\u00b0 C Db IP66 &#8211; Pavir\u0161iaus temperat\u016bra: Dujos (T4) ir dulk\u0117s (T135 %deg; C)<\/span><\/span><\/p>\n<p>Aplinkos temperat\u016bra: -40 \u00b0C iki +55 \u00b0C<\/p>\n<p>Standartin\u0117s med\u017eiagos ir apdaila: tvirtinimo korpusas, driverio korpusas ir stiklo mazgas: pilka epoksidin\u0117 miltelinio da\u017eymo danga, padengta elektrostatiniu b\u016bdu, kad b\u016bt\u0173 visi\u0161kai vienoda apsauga<\/p>\n<p>Akumuliatoriaus parinktis: 3 valand\u0173 avarin\u0117 versija visiems modeliams iki 12000 liumen\u0173<\/p>\n<p>Garantija: 5 metai<\/p>\n<table dir=\"ltr\" border=\"1\" cellspacing=\"0\" cellpadding=\"0\" data-sheets-root=\"1\">\n<colgroup>\n<col width=\"200\" \/>\n<col width=\"319\" \/><\/colgroup>\n<tbody>\n<tr>\n<td data-sheets-value=\"{&quot;1&quot;:2,&quot;2&quot;:&quot;Features &quot;}\">Features<\/td>\n<td data-sheets-value=\"{&quot;1&quot;:2,&quot;2&quot;:&quot;Specifications&quot;}\">Specifications<\/td>\n<\/tr>\n<tr>\n<td data-sheets-value=\"{&quot;1&quot;:2,&quot;2&quot;:&quot;Voltage&quot;}\">Voltage<\/td>\n<td data-sheets-value=\"{&quot;1&quot;:2,&quot;2&quot;:&quot;100-277Vac; 24-48Vdc; 125-300VDC, 50\/60 Hz&quot;}\">100-277Vac; 24-48Vdc; 125-300VDC, 50\/60 Hz<\/td>\n<\/tr>\n<tr>\n<td data-sheets-value=\"{&quot;1&quot;:2,&quot;2&quot;:&quot;Retrofit Equivalents&quot;}\">Retrofit Equivalents<\/td>\n<td data-sheets-value=\"{&quot;1&quot;:2,&quot;2&quot;:&quot;70 - 1000W HID&quot;}\">70 &#8211; 1000W HID<\/td>\n<\/tr>\n<tr>\n<td data-sheets-value=\"{&quot;1&quot;:2,&quot;2&quot;:&quot;Lumens&quot;}\">Lumens<\/td>\n<td data-sheets-value=\"{&quot;1&quot;:2,&quot;2&quot;:&quot;2900 \u2013 24000&quot;}\">2900 \u2013 24000<\/td>\n<\/tr>\n<tr>\n<td data-sheets-value=\"{&quot;1&quot;:2,&quot;2&quot;:&quot;Efficacy&quot;}\">Efficacy<\/td>\n<td data-sheets-value=\"{&quot;1&quot;:2,&quot;2&quot;:&quot;Up to 108 lm\/w&quot;}\">Up to 108 lm\/w<\/td>\n<\/tr>\n<tr>\n<td data-sheets-value=\"{&quot;1&quot;:2,&quot;2&quot;:&quot;Color Temperatures&quot;}\">Color Temperatures<\/td>\n<td data-sheets-value=\"{&quot;1&quot;:2,&quot;2&quot;:&quot;5000K, 4000K, 3000K, Green&quot;}\">5000K, 4000K, 3000K, Green<\/td>\n<\/tr>\n<tr>\n<td data-sheets-value=\"{&quot;1&quot;:2,&quot;2&quot;:&quot;CRI&quot;}\">CRI<\/td>\n<td data-sheets-value=\"{&quot;1&quot;:2,&quot;2&quot;:&quot;70+&quot;}\">70+<\/td>\n<\/tr>\n<tr>\n<td data-sheets-value=\"{&quot;1&quot;:2,&quot;2&quot;:&quot;Ambient Temperature: &quot;}\">Ambient Temperature:<\/td>\n<td data-sheets-value=\"{&quot;1&quot;:2,&quot;2&quot;:&quot;-40\u00b0C to +55\u00b0C &quot;}\">-40\u00b0C to +55\u00b0C<\/td>\n<\/tr>\n<tr>\n<td data-sheets-value=\"{&quot;1&quot;:2,&quot;2&quot;:&quot;LED Lumen depreciation (L70)&quot;}\">LED Lumen depreciation (L70)<\/td>\n<td data-sheets-value=\"{&quot;1&quot;:2,&quot;2&quot;:&quot;60000 + hours&quot;}\">60000 + hours<\/td>\n<\/tr>\n<tr>\n<td data-sheets-value=\"{&quot;1&quot;:2,&quot;2&quot;:&quot;Led Driver Lifetime&quot;}\">Led Driver Lifetime<\/td>\n<td data-sheets-value=\"{&quot;1&quot;:2,&quot;2&quot;:&quot;100000 + hours&quot;}\">100000 + hours<\/td>\n<\/tr>\n<tr>\n<td data-sheets-value=\"{&quot;1&quot;:2,&quot;2&quot;:&quot;Replaceable Components&quot;}\">Replaceable Components<\/td>\n<td data-sheets-value=\"{&quot;1&quot;:2,&quot;2&quot;:&quot;LED Driver, Globe, Battery, BMM&quot;}\">LED Driver, Globe, Battery, BMM<\/td>\n<\/tr>\n<tr>\n<td data-sheets-value=\"{&quot;1&quot;:2,&quot;2&quot;:&quot;Emergency Battery Backup&quot;}\">Emergency Battery Backup<\/td>\n<td data-sheets-value=\"{&quot;1&quot;:2,&quot;2&quot;:&quot;90 min &amp; 180 min&quot;}\">90 min &amp; 180 min<\/td>\n<\/tr>\n<tr>\n<td data-sheets-value=\"{&quot;1&quot;:2,&quot;2&quot;:&quot;Photobiological Safety&quot;}\">Photobiological Safety<\/td>\n<td data-sheets-value=\"{&quot;1&quot;:2,&quot;2&quot;:&quot;RG0 with Diffuser, RG1 with clear glass&quot;}\">RG0 with Diffuser, RG1 with clear glass<\/td>\n<\/tr>\n<tr>\n<td data-sheets-value=\"{&quot;1&quot;:2,&quot;2&quot;:&quot;Light Distribution Patterns&quot;}\">Light Distribution Patterns<\/td>\n<td data-sheets-value=\"{&quot;1&quot;:2,&quot;2&quot;:&quot;Type V, Medium (55\u00b0) or Narrow (25\u00b0)&quot;}\">Type V, Medium (55\u00b0) or Narrow (25\u00b0)<\/td>\n<\/tr>\n<\/tbody>\n<\/table>\n<p>Produkt\u0173 katalogas: <a href=\"https:\/\/ability-innovation-1183.my.salesforce.com\/sfc\/p\/#Hr00000788to\/a\/V5000000y6c2\/SXvTFOBuaDq.1h0fLyys9KiCzZ_VTWLgBI0sXZlC8Mg\" target=\"_blank\" rel=\"noopener\">https:\/\/ability-innovation-1183.my.salesforce.com\/sfc\/p\/#Hr00000788to\/a\/V5000000y6c2\/SXvTFOBuaDq.1h0fLyys9KiCzZ_VTWLgBI0sXZlC8Mg<\/a><\/p>\n","protected":false},"excerpt":{"rendered":"<p>Specifikacijos: ATEX\/IECEx sertifikatai ir atitikties zonos: CLED &#8211; Dujos: 1 ir 2 zonos, Apsaugos tipas: Ex db eb IIC T4 Gb &#8211; Dulk\u0117s: 21 ir 22 zonos: II 2D, Apsaugos tipas: Ex tb IIIC T135\u00b0 C Db IP66 &#8211; Pavir\u0161iaus temperat\u016bra: Dujos (T4) ir dulk\u0117s (T135 %deg; C) Aplinkos temperat\u016bra: -40 \u00b0C iki +55 \u00b0C [&hellip;]<\/p>\n","protected":false},"featured_media":1545,"menu_order":11,"comment_status":"closed","ping_status":"closed","template":"","meta":{"_acf_changed":false},"product_brand":[],"product_cat":[62],"product_tag":[],"class_list":{"0":"post-1516","1":"product","2":"type-product","3":"status-publish","4":"has-post-thumbnail","6":"product_cat-sviestuvai","8":"first","9":"onbackorder","10":"shipping-taxable","11":"product-type-simple"},"acf":[],"_links":{"self":[{"href":"https:\/\/elicsgroup.com\/en\/wp-json\/wp\/v2\/product\/1516","targetHints":{"allow":["GET"]}}],"collection":[{"href":"https:\/\/elicsgroup.com\/en\/wp-json\/wp\/v2\/product"}],"about":[{"href":"https:\/\/elicsgroup.com\/en\/wp-json\/wp\/v2\/types\/product"}],"replies":[{"embeddable":true,"href":"https:\/\/elicsgroup.com\/en\/wp-json\/wp\/v2\/comments?post=1516"}],"wp:featuredmedia":[{"embeddable":true,"href":"https:\/\/elicsgroup.com\/en\/wp-json\/wp\/v2\/media\/1545"}],"wp:attachment":[{"href":"https:\/\/elicsgroup.com\/en\/wp-json\/wp\/v2\/media?parent=1516"}],"wp:term":[{"taxonomy":"product_brand","embeddable":true,"href":"https:\/\/elicsgroup.com\/en\/wp-json\/wp\/v2\/product_brand?post=1516"},{"taxonomy":"product_cat","embeddable":true,"href":"https:\/\/elicsgroup.com\/en\/wp-json\/wp\/v2\/product_cat?post=1516"},{"taxonomy":"product_tag","embeddable":true,"href":"https:\/\/elicsgroup.com\/en\/wp-json\/wp\/v2\/product_tag?post=1516"}],"curies":[{"name":"wp","href":"https:\/\/api.w.org\/{rel}","templated":true}]}}