{"id":1515,"date":"2025-03-24T09:17:55","date_gmt":"2025-03-24T07:17:55","guid":{"rendered":"https:\/\/elicsgroup.com\/?post_type=product&#038;p=1515"},"modified":"2026-04-22T15:19:14","modified_gmt":"2026-04-22T12:19:14","slug":"appleton-atx-limaster-led-serijos-sviestuvai","status":"publish","type":"product","link":"https:\/\/elicsgroup.com\/en\/produktas\/appleton-atx-limaster-led-serijos-sviestuvai\/","title":{"rendered":"Appleton\u2122 ATX\u2122 Linmaster\u2122 LED serijos \u0161viestuvai"},"content":{"rendered":"<p>Specifikacijos:<\/p>\n<p><span class=\"jCAhz JxVs2d ChMk0b\"><span class=\"ryNqvb\">ATEX\/IECEx sertifikatai ir atitikties zonos 1-2; 21\u201322;<\/span><\/span> <span class=\"jCAhz JxVs2d ChMk0b\"><span class=\"ryNqvb\">Ex II 3 GD;<\/span><\/span> <span class=\"jCAhz JxVs2d ChMk0b\"><span class=\"ryNqvb\">IP66;<\/span><\/span> <span class=\"jCAhz JxVs2d ChMk0b\"><span class=\"ryNqvb\">IK10<\/span><\/span><\/p>\n<p>Aplinkos temperat\u016bra: standartin\u0117s versijos: -40 \u00b0C iki +55 \u00b0C avarin\u0117s versijos: -20 \u00b0C iki +60 \u00b0C<\/p>\n<p>Standartin\u0117s med\u017eiagos ir apdaila: stiklo pluo\u0161tu sustiprintas poliesterio (FRP) korpusas su polikarbonato l\u0119\u0161iu.<\/p>\n<p>Akumuliatoriaus parinktis: 3 valand\u0173 avarin\u0117 versija su 6 V \u2013 7 Ah tik 5K versijoms<\/p>\n<p>Garantija: 10 met\u0173<\/p>\n<table dir=\"ltr\" border=\"1\" cellspacing=\"0\" cellpadding=\"0\" data-sheets-root=\"1\">\n<colgroup>\n<col width=\"188\" \/>\n<col width=\"322\" \/><\/colgroup>\n<tbody>\n<tr>\n<td data-sheets-value=\"{&quot;1&quot;:2,&quot;2&quot;:&quot;Features &quot;}\">Features<\/td>\n<td data-sheets-value=\"{&quot;1&quot;:2,&quot;2&quot;:&quot;Specifications&quot;}\">Specifications<\/td>\n<\/tr>\n<tr>\n<td data-sheets-value=\"{&quot;1&quot;:2,&quot;2&quot;:&quot;Voltage&quot;}\">Voltage<\/td>\n<td data-sheets-value=\"{&quot;1&quot;:2,&quot;2&quot;:&quot;100-277Vac; 24-48Vdc; 125-300VDC, 50\/60 Hz&quot;}\">100-277Vac; 24-48Vdc; 125-300VDC, 50\/60 Hz<\/td>\n<\/tr>\n<tr>\n<td data-sheets-value=\"{&quot;1&quot;:2,&quot;2&quot;:&quot;Retrofit Equivalents&quot;}\">Retrofit Equivalents<\/td>\n<td data-sheets-value=\"{&quot;1&quot;:2,&quot;2&quot;:&quot;1x18W to 3x58W Fluorescent&quot;}\">1x18W to 3x58W Fluorescent<\/td>\n<\/tr>\n<tr>\n<td data-sheets-value=\"{&quot;1&quot;:2,&quot;2&quot;:&quot;Lumens&quot;}\">Lumens<\/td>\n<td data-sheets-value=\"{&quot;1&quot;:2,&quot;2&quot;:&quot;3,300 \u2013 7,500&quot;}\">3,300 \u2013 7,500<\/td>\n<\/tr>\n<tr>\n<td data-sheets-value=\"{&quot;1&quot;:2,&quot;2&quot;:&quot;Efficacy&quot;}\">Efficacy<\/td>\n<td data-sheets-value=\"{&quot;1&quot;:2,&quot;2&quot;:&quot;Up to 140 lm\/w&quot;}\">Up to 140 lm\/w<\/td>\n<\/tr>\n<tr>\n<td data-sheets-value=\"{&quot;1&quot;:2,&quot;2&quot;:&quot;Color Temperatures&quot;}\">Color Temperatures<\/td>\n<td data-sheets-value=\"{&quot;1&quot;:2,&quot;2&quot;:&quot;5000K, 4000K, 3000K, 2200K, Green&quot;}\">5000K, 4000K, 3000K, 2200K, Green<\/td>\n<\/tr>\n<tr>\n<td data-sheets-value=\"{&quot;1&quot;:2,&quot;2&quot;:&quot;CRI&quot;}\">CRI<\/td>\n<td data-sheets-value=\"{&quot;1&quot;:2,&quot;2&quot;:&quot;80+&quot;}\">80+<\/td>\n<\/tr>\n<tr>\n<td data-sheets-value=\"{&quot;1&quot;:2,&quot;2&quot;:&quot;Ambient Temperature: &quot;}\">Ambient Temperature:<\/td>\n<td data-sheets-value=\"{&quot;1&quot;:2,&quot;2&quot;:&quot;-40\u00b0C to +55\u00b0C or 65\u00b0C&quot;}\">-40\u00b0C to +55\u00b0C or 65\u00b0C<\/td>\n<\/tr>\n<tr>\n<td data-sheets-value=\"{&quot;1&quot;:2,&quot;2&quot;:&quot;Reported L70 &quot;}\">Reported L70<\/td>\n<td data-sheets-value=\"{&quot;1&quot;:2,&quot;2&quot;:&quot; &gt;100,000 hours at 30\u00b0C&quot;}\">&gt;100,000 hours at 30\u00b0C<\/td>\n<\/tr>\n<tr>\n<td data-sheets-value=\"{&quot;1&quot;:2,&quot;2&quot;:&quot;Surge protection&quot;}\">Surge protection<\/td>\n<td data-sheets-value=\"{&quot;1&quot;:2,&quot;2&quot;:&quot;6kV&quot;}\">6kV<\/td>\n<\/tr>\n<tr>\n<td data-sheets-value=\"{&quot;1&quot;:2,&quot;2&quot;:&quot;Replaceable Components&quot;}\">Replaceable Components<\/td>\n<td data-sheets-value=\"{&quot;1&quot;:2,&quot;2&quot;:&quot;Dimmable LED Driver, Clear or diffused LENS, REM&quot;}\">Dimmable LED Driver, Clear or diffused LENS, REM<\/td>\n<\/tr>\n<\/tbody>\n<\/table>\n<p>Produkt\u0173 katalogai: <a href=\"https:\/\/ability-innovation-1183.my.salesforce.com\/sfc\/p\/#Hr00000788to\/a\/V5000000yOFZ\/e2sR_AnepHB9QhBAB1EKeJDAi9p5f7FtRhvZWhZIJhw\" target=\"_blank\" rel=\"noopener\">https:\/\/ability-innovation-1183.my.salesforce.com\/sfc\/p\/#Hr00000788to\/a\/V5000000yOFZ\/e2sR_AnepHB9QhBAB1EKeJDAi9p5f7FtRhvZWhZIJhw<\/a>\u00a0<\/p>\n<p><a href=\"https:\/\/ability-innovation-1183.my.salesforce.com\/sfc\/p\/#Hr00000788to\/a\/V5000000yOqf\/wl0AVjaj9ATOtXtOtIrf7zIKu3Az4leJ9zAjJNIPijA\" target=\"_blank\" rel=\"noopener\">https:\/\/ability-innovation-1183.my.salesforce.com\/sfc\/p\/#Hr00000788to\/a\/V5000000yOqf\/wl0AVjaj9ATOtXtOtIrf7zIKu3Az4leJ9zAjJNIPijA<\/a><\/p>\n","protected":false},"excerpt":{"rendered":"<p>Appleton\u2122 ATX\u2122 Linmaster\u2122 Zone 1 serijos nemetaliniai LED \u0161viestuvai yra auk\u0161\u010diausios klas\u0117s linijinio ap\u0161vietimo sprendimas, pasi\u017eymintis tvirtu, korozijai atspariu korpusu. Jie gali b\u016bti tiekiami kaip standartiniai modeliai arba su avarinio maitinimo baterija, atitinkan\u010dia \u012fvairius pavojing\u0173 zon\u0173 reikalavimus.<\/p>\n","protected":false},"featured_media":1544,"menu_order":8,"comment_status":"closed","ping_status":"closed","template":"","meta":{"_acf_changed":false},"product_brand":[],"product_cat":[62],"product_tag":[],"class_list":{"0":"post-1515","1":"product","2":"type-product","3":"status-publish","4":"has-post-thumbnail","6":"product_cat-sviestuvai","8":"first","9":"onbackorder","10":"shipping-taxable","11":"product-type-simple"},"acf":[],"_links":{"self":[{"href":"https:\/\/elicsgroup.com\/en\/wp-json\/wp\/v2\/product\/1515","targetHints":{"allow":["GET"]}}],"collection":[{"href":"https:\/\/elicsgroup.com\/en\/wp-json\/wp\/v2\/product"}],"about":[{"href":"https:\/\/elicsgroup.com\/en\/wp-json\/wp\/v2\/types\/product"}],"replies":[{"embeddable":true,"href":"https:\/\/elicsgroup.com\/en\/wp-json\/wp\/v2\/comments?post=1515"}],"wp:featuredmedia":[{"embeddable":true,"href":"https:\/\/elicsgroup.com\/en\/wp-json\/wp\/v2\/media\/1544"}],"wp:attachment":[{"href":"https:\/\/elicsgroup.com\/en\/wp-json\/wp\/v2\/media?parent=1515"}],"wp:term":[{"taxonomy":"product_brand","embeddable":true,"href":"https:\/\/elicsgroup.com\/en\/wp-json\/wp\/v2\/product_brand?post=1515"},{"taxonomy":"product_cat","embeddable":true,"href":"https:\/\/elicsgroup.com\/en\/wp-json\/wp\/v2\/product_cat?post=1515"},{"taxonomy":"product_tag","embeddable":true,"href":"https:\/\/elicsgroup.com\/en\/wp-json\/wp\/v2\/product_tag?post=1515"}],"curies":[{"name":"wp","href":"https:\/\/api.w.org\/{rel}","templated":true}]}}