{"id":1490,"date":"2025-03-24T09:17:46","date_gmt":"2025-03-24T07:17:46","guid":{"rendered":"https:\/\/elicsgroup.com\/?post_type=product&#038;p=1490"},"modified":"2025-07-31T17:16:20","modified_gmt":"2025-07-31T14:16:20","slug":"sinamics-g120-control-unit-cu240e-2-e-type-safety-integrated-sto-rs485-interface-uss-protocol-6di-3do-2ai-2ao-max-1f-di-ptc-kty-interface-usb-and-sd-mmc-interface-protection-ip20-ambient-temp-0","status":"publish","type":"product","link":"https:\/\/elicsgroup.com\/en\/produktas\/sinamics-g120-control-unit-cu240e-2-e-type-safety-integrated-sto-rs485-interface-uss-protocol-6di-3do-2ai-2ao-max-1f-di-ptc-kty-interface-usb-and-sd-mmc-interface-protection-ip20-ambient-temp-0\/","title":{"rendered":"SINAMICS G120 CONTROL UNIT CU240E-2 E-TYPE SAFETY INTEGRATED STO RS485-INTERFACE, USS-PROTOCOL 6DI, 3DO, 2AI, 2AO, MAX 1F-DI PTC\/KTY INTERFACE USB- AND SD\/MMC-INTERFACE PROTECTION IP20 AMBIENT TEMP 0 TO +50 DEG C WITHOUT POWER MODULE AND PANEL 6SL3244-0BB12-1BA1"},"content":{"rendered":"<p>D\u0117l kainos kreipkit\u0117s vytautas.jencius@elicsgroup.com ir pateiksime Jums geriausi\u0105 kainos pasi\u016blym\u0105.<\/p>\n","protected":false},"excerpt":{"rendered":"<p>D\u0117l kainos kreipkit\u0117s vytautas.jencius@elicsgroup.com ir pateiksime Jums geriausi\u0105 kainos pasi\u016blym\u0105.<\/p>\n","protected":false},"featured_media":1507,"menu_order":152,"comment_status":"closed","ping_status":"closed","template":"","meta":{"_acf_changed":false},"product_brand":[],"product_cat":[60],"product_tag":[],"class_list":{"0":"post-1490","1":"product","2":"type-product","3":"status-publish","4":"has-post-thumbnail","6":"product_cat-daznio-keitikliai-sinamics","8":"first","9":"onbackorder","10":"shipping-taxable","11":"product-type-simple"},"acf":[],"_links":{"self":[{"href":"https:\/\/elicsgroup.com\/en\/wp-json\/wp\/v2\/product\/1490","targetHints":{"allow":["GET"]}}],"collection":[{"href":"https:\/\/elicsgroup.com\/en\/wp-json\/wp\/v2\/product"}],"about":[{"href":"https:\/\/elicsgroup.com\/en\/wp-json\/wp\/v2\/types\/product"}],"replies":[{"embeddable":true,"href":"https:\/\/elicsgroup.com\/en\/wp-json\/wp\/v2\/comments?post=1490"}],"wp:featuredmedia":[{"embeddable":true,"href":"https:\/\/elicsgroup.com\/en\/wp-json\/wp\/v2\/media\/1507"}],"wp:attachment":[{"href":"https:\/\/elicsgroup.com\/en\/wp-json\/wp\/v2\/media?parent=1490"}],"wp:term":[{"taxonomy":"product_brand","embeddable":true,"href":"https:\/\/elicsgroup.com\/en\/wp-json\/wp\/v2\/product_brand?post=1490"},{"taxonomy":"product_cat","embeddable":true,"href":"https:\/\/elicsgroup.com\/en\/wp-json\/wp\/v2\/product_cat?post=1490"},{"taxonomy":"product_tag","embeddable":true,"href":"https:\/\/elicsgroup.com\/en\/wp-json\/wp\/v2\/product_tag?post=1490"}],"curies":[{"name":"wp","href":"https:\/\/api.w.org\/{rel}","templated":true}]}}