{"id":1460,"date":"2025-03-24T09:17:38","date_gmt":"2025-03-24T07:17:38","guid":{"rendered":"https:\/\/elicsgroup.com\/?post_type=product&#038;p=1460"},"modified":"2025-07-31T17:16:09","modified_gmt":"2025-07-31T14:16:09","slug":"communications-module-cm-1542-1-for-connection-of-s7-1500-to-profinet-as-io-controller-or-io-device-tcp-ip-iso-on-tcp-udp-s7-communication-ip-broadcast-multicast-snmpv1-time-of-day-synchronizat","status":"publish","type":"product","link":"https:\/\/elicsgroup.com\/en\/produktas\/communications-module-cm-1542-1-for-connection-of-s7-1500-to-profinet-as-io-controller-or-io-device-tcp-ip-iso-on-tcp-udp-s7-communication-ip-broadcast-multicast-snmpv1-time-of-day-synchronizat\/","title":{"rendered":"Communications module CM 1542-1 for connection of S7-1500 to PROFINET as IO Controller or IO Device: TCP\/IP, ISO-on-TCP, UDP, S7 communication, IP broadcast multicast, SNMPV1, time-of-day synchronization via NTP, 2xRJ45 (10\/100 Mbit) 6GK7542-1AX00-0XE0"},"content":{"rendered":"<p>D\u0117l kainos kreipkit\u0117s vytautas.jencius@elicsgroup.com ir pateiksime Jums geriausi\u0105 kainos pasi\u016blym\u0105.<\/p>\n","protected":false},"excerpt":{"rendered":"<p>D\u0117l kainos kreipkit\u0117s vytautas.jencius@elicsgroup.com ir pateiksime Jums geriausi\u0105 kainos pasi\u016blym\u0105.<\/p>\n","protected":false},"featured_media":1388,"menu_order":48,"comment_status":"closed","ping_status":"closed","template":"","meta":{"_acf_changed":false},"product_brand":[],"product_cat":[58],"product_tag":[],"class_list":{"0":"post-1460","1":"product","2":"type-product","3":"status-publish","4":"has-post-thumbnail","6":"product_cat-s-1500","8":"first","9":"onbackorder","10":"shipping-taxable","11":"product-type-simple"},"acf":[],"_links":{"self":[{"href":"https:\/\/elicsgroup.com\/en\/wp-json\/wp\/v2\/product\/1460","targetHints":{"allow":["GET"]}}],"collection":[{"href":"https:\/\/elicsgroup.com\/en\/wp-json\/wp\/v2\/product"}],"about":[{"href":"https:\/\/elicsgroup.com\/en\/wp-json\/wp\/v2\/types\/product"}],"replies":[{"embeddable":true,"href":"https:\/\/elicsgroup.com\/en\/wp-json\/wp\/v2\/comments?post=1460"}],"wp:featuredmedia":[{"embeddable":true,"href":"https:\/\/elicsgroup.com\/en\/wp-json\/wp\/v2\/media\/1388"}],"wp:attachment":[{"href":"https:\/\/elicsgroup.com\/en\/wp-json\/wp\/v2\/media?parent=1460"}],"wp:term":[{"taxonomy":"product_brand","embeddable":true,"href":"https:\/\/elicsgroup.com\/en\/wp-json\/wp\/v2\/product_brand?post=1460"},{"taxonomy":"product_cat","embeddable":true,"href":"https:\/\/elicsgroup.com\/en\/wp-json\/wp\/v2\/product_cat?post=1460"},{"taxonomy":"product_tag","embeddable":true,"href":"https:\/\/elicsgroup.com\/en\/wp-json\/wp\/v2\/product_tag?post=1460"}],"curies":[{"name":"wp","href":"https:\/\/api.w.org\/{rel}","templated":true}]}}