{"id":1451,"date":"2025-03-24T09:17:38","date_gmt":"2025-03-24T07:17:38","guid":{"rendered":"https:\/\/elicsgroup.com\/?post_type=product&#038;p=1451"},"modified":"2025-07-31T17:16:16","modified_gmt":"2025-07-31T14:16:16","slug":"simatic-s7-1200-digital-output-sm-1222-16-do-relay-2-a-6es7222-1hh32-0xb0","status":"publish","type":"product","link":"https:\/\/elicsgroup.com\/en\/produktas\/simatic-s7-1200-digital-output-sm-1222-16-do-relay-2-a-6es7222-1hh32-0xb0\/","title":{"rendered":"SIMATIC S7-1200, Digital output SM 1222, 16 DO, relay 2 A 6ES7222-1HH32-0XB0"},"content":{"rendered":"<p>D\u0117l kainos kreipkit\u0117s vytautas.jencius@elicsgroup.com ir pateiksime Jums geriausi\u0105 kainos pasi\u016blym\u0105.<\/p>\n","protected":false},"excerpt":{"rendered":"<p>D\u0117l kainos kreipkit\u0117s vytautas.jencius@elicsgroup.com ir pateiksime Jums geriausi\u0105 kainos pasi\u016blym\u0105.<\/p>\n","protected":false},"featured_media":1465,"menu_order":117,"comment_status":"closed","ping_status":"closed","template":"","meta":{"_acf_changed":false},"product_brand":[],"product_cat":[59],"product_tag":[],"class_list":{"0":"post-1451","1":"product","2":"type-product","3":"status-publish","4":"has-post-thumbnail","6":"product_cat-s-1200","8":"first","9":"onbackorder","10":"shipping-taxable","11":"product-type-simple"},"acf":[],"_links":{"self":[{"href":"https:\/\/elicsgroup.com\/en\/wp-json\/wp\/v2\/product\/1451","targetHints":{"allow":["GET"]}}],"collection":[{"href":"https:\/\/elicsgroup.com\/en\/wp-json\/wp\/v2\/product"}],"about":[{"href":"https:\/\/elicsgroup.com\/en\/wp-json\/wp\/v2\/types\/product"}],"replies":[{"embeddable":true,"href":"https:\/\/elicsgroup.com\/en\/wp-json\/wp\/v2\/comments?post=1451"}],"wp:featuredmedia":[{"embeddable":true,"href":"https:\/\/elicsgroup.com\/en\/wp-json\/wp\/v2\/media\/1465"}],"wp:attachment":[{"href":"https:\/\/elicsgroup.com\/en\/wp-json\/wp\/v2\/media?parent=1451"}],"wp:term":[{"taxonomy":"product_brand","embeddable":true,"href":"https:\/\/elicsgroup.com\/en\/wp-json\/wp\/v2\/product_brand?post=1451"},{"taxonomy":"product_cat","embeddable":true,"href":"https:\/\/elicsgroup.com\/en\/wp-json\/wp\/v2\/product_cat?post=1451"},{"taxonomy":"product_tag","embeddable":true,"href":"https:\/\/elicsgroup.com\/en\/wp-json\/wp\/v2\/product_tag?post=1451"}],"curies":[{"name":"wp","href":"https:\/\/api.w.org\/{rel}","templated":true}]}}