{"id":1422,"date":"2025-03-24T09:17:30","date_gmt":"2025-03-24T07:17:30","guid":{"rendered":"https:\/\/elicsgroup.com\/?post_type=product&#038;p=1422"},"modified":"2025-07-31T17:16:15","modified_gmt":"2025-07-31T14:16:15","slug":"simatic-s7-1200-cpu-1217c-compact-cpu-dc-dc-dc-2-profinet-ports-onboard-i-o-10-di-24-v-dc-4-di-rs-422-485-6-do-24-v-dc-0-5-a-4-do-rs-422-485-2-ai-0-10-v-dc-2-ao-0-20-ma-power-supply-dc-20","status":"publish","type":"product","link":"https:\/\/elicsgroup.com\/en\/produktas\/simatic-s7-1200-cpu-1217c-compact-cpu-dc-dc-dc-2-profinet-ports-onboard-i-o-10-di-24-v-dc-4-di-rs-422-485-6-do-24-v-dc-0-5-a-4-do-rs-422-485-2-ai-0-10-v-dc-2-ao-0-20-ma-power-supply-dc-20\/","title":{"rendered":"SIMATIC S7-1200, CPU 1217C, compact CPU, DC\/DC\/DC, 2 PROFINET ports onboard I\/O: 10 DI 24 V DC; 4 DI RS-422\/485; 6 DO 24 V DC; 0.5 A; 4 DO RS-422\/485; 2 AI 0-10 V DC, 2 AO 0-20 mA power supply: DC 20.4-28.8 V DC 6ES7217-1AG40-0XB0"},"content":{"rendered":"<p>D\u0117l kainos kreipkit\u0117s vytautas.jencius@elicsgroup.com ir pateiksime Jums geriausi\u0105 kainos pasi\u016blym\u0105.<\/p>\n","protected":false},"excerpt":{"rendered":"<p>D\u0117l kainos kreipkit\u0117s vytautas.jencius@elicsgroup.com ir pateiksime Jums geriausi\u0105 kainos pasi\u016blym\u0105.<\/p>\n","protected":false},"featured_media":1432,"menu_order":109,"comment_status":"closed","ping_status":"closed","template":"","meta":{"_acf_changed":false},"product_brand":[],"product_cat":[59],"product_tag":[],"class_list":{"0":"post-1422","1":"product","2":"type-product","3":"status-publish","4":"has-post-thumbnail","6":"product_cat-s-1200","8":"first","9":"onbackorder","10":"shipping-taxable","11":"product-type-simple"},"acf":[],"_links":{"self":[{"href":"https:\/\/elicsgroup.com\/en\/wp-json\/wp\/v2\/product\/1422","targetHints":{"allow":["GET"]}}],"collection":[{"href":"https:\/\/elicsgroup.com\/en\/wp-json\/wp\/v2\/product"}],"about":[{"href":"https:\/\/elicsgroup.com\/en\/wp-json\/wp\/v2\/types\/product"}],"replies":[{"embeddable":true,"href":"https:\/\/elicsgroup.com\/en\/wp-json\/wp\/v2\/comments?post=1422"}],"wp:featuredmedia":[{"embeddable":true,"href":"https:\/\/elicsgroup.com\/en\/wp-json\/wp\/v2\/media\/1432"}],"wp:attachment":[{"href":"https:\/\/elicsgroup.com\/en\/wp-json\/wp\/v2\/media?parent=1422"}],"wp:term":[{"taxonomy":"product_brand","embeddable":true,"href":"https:\/\/elicsgroup.com\/en\/wp-json\/wp\/v2\/product_brand?post=1422"},{"taxonomy":"product_cat","embeddable":true,"href":"https:\/\/elicsgroup.com\/en\/wp-json\/wp\/v2\/product_cat?post=1422"},{"taxonomy":"product_tag","embeddable":true,"href":"https:\/\/elicsgroup.com\/en\/wp-json\/wp\/v2\/product_tag?post=1422"}],"curies":[{"name":"wp","href":"https:\/\/api.w.org\/{rel}","templated":true}]}}