{"id":1420,"date":"2025-03-24T09:17:30","date_gmt":"2025-03-24T07:17:30","guid":{"rendered":"https:\/\/elicsgroup.com\/?post_type=product&#038;p=1420"},"modified":"2025-07-31T17:16:14","modified_gmt":"2025-07-31T14:16:14","slug":"simatic-s7-1200-cpu-1212c-compact-cpu-ac-dc-relay-onboard-i-o-8-di-24-v-dc-6-do-relay-2-a-2-ai-0-10-v-dc-power-supply-ac-85-264-v-ac-at-47-63-hz-6es7212-1be40-0xb0","status":"publish","type":"product","link":"https:\/\/elicsgroup.com\/en\/produktas\/simatic-s7-1200-cpu-1212c-compact-cpu-ac-dc-relay-onboard-i-o-8-di-24-v-dc-6-do-relay-2-a-2-ai-0-10-v-dc-power-supply-ac-85-264-v-ac-at-47-63-hz-6es7212-1be40-0xb0\/","title":{"rendered":"SIMATIC S7-1200, CPU 1212C, compact CPU, AC\/DC\/relay, onboard I\/O: 8 DI 24 V DC; 6 DO relay 2 A; 2 AI 0-10 V DC, power supply: AC 85-264 V AC at 47-63 Hz 6ES7212-1BE40-0XB0"},"content":{"rendered":"<p>D\u0117l kainos kreipkit\u0117s vytautas.jencius@elicsgroup.com ir pateiksime Jums geriausi\u0105 kainos pasi\u016blym\u0105.<\/p>\n","protected":false},"excerpt":{"rendered":"<p>D\u0117l kainos kreipkit\u0117s vytautas.jencius@elicsgroup.com ir pateiksime Jums geriausi\u0105 kainos pasi\u016blym\u0105.<\/p>\n","protected":false},"featured_media":1430,"menu_order":100,"comment_status":"closed","ping_status":"closed","template":"","meta":{"_acf_changed":false},"product_brand":[],"product_cat":[59],"product_tag":[],"class_list":{"0":"post-1420","1":"product","2":"type-product","3":"status-publish","4":"has-post-thumbnail","6":"product_cat-s-1200","8":"first","9":"onbackorder","10":"shipping-taxable","11":"product-type-simple"},"acf":[],"_links":{"self":[{"href":"https:\/\/elicsgroup.com\/en\/wp-json\/wp\/v2\/product\/1420","targetHints":{"allow":["GET"]}}],"collection":[{"href":"https:\/\/elicsgroup.com\/en\/wp-json\/wp\/v2\/product"}],"about":[{"href":"https:\/\/elicsgroup.com\/en\/wp-json\/wp\/v2\/types\/product"}],"replies":[{"embeddable":true,"href":"https:\/\/elicsgroup.com\/en\/wp-json\/wp\/v2\/comments?post=1420"}],"wp:featuredmedia":[{"embeddable":true,"href":"https:\/\/elicsgroup.com\/en\/wp-json\/wp\/v2\/media\/1430"}],"wp:attachment":[{"href":"https:\/\/elicsgroup.com\/en\/wp-json\/wp\/v2\/media?parent=1420"}],"wp:term":[{"taxonomy":"product_brand","embeddable":true,"href":"https:\/\/elicsgroup.com\/en\/wp-json\/wp\/v2\/product_brand?post=1420"},{"taxonomy":"product_cat","embeddable":true,"href":"https:\/\/elicsgroup.com\/en\/wp-json\/wp\/v2\/product_cat?post=1420"},{"taxonomy":"product_tag","embeddable":true,"href":"https:\/\/elicsgroup.com\/en\/wp-json\/wp\/v2\/product_tag?post=1420"}],"curies":[{"name":"wp","href":"https:\/\/api.w.org\/{rel}","templated":true}]}}