{"id":1409,"date":"2025-03-24T09:17:29","date_gmt":"2025-03-24T07:17:29","guid":{"rendered":"https:\/\/elicsgroup.com\/?post_type=product&#038;p=1409"},"modified":"2025-07-31T17:16:18","modified_gmt":"2025-07-31T14:16:18","slug":"simatic-s7-1500-cm-ptp-rs422-485-hf-communication-module-for-serial-connection-rs422-and-rs485-freeport-3964-r-uss-modbus-rtu-master-slave-115200-kbit-s-15-pin-d-sub-socket-6es7541-1ab00-0ab","status":"publish","type":"product","link":"https:\/\/elicsgroup.com\/en\/produktas\/simatic-s7-1500-cm-ptp-rs422-485-hf-communication-module-for-serial-connection-rs422-and-rs485-freeport-3964-r-uss-modbus-rtu-master-slave-115200-kbit-s-15-pin-d-sub-socket-6es7541-1ab00-0ab\/","title":{"rendered":"SIMATIC S7-1500, CM PTP RS422\/485 HF Communication module for Serial connection RS422 and RS485, Freeport, 3964 (R), USS, MODBUS RTU Master, Slave, 115200 Kbit\/s, 15-Pin D-sub socket 6ES7541-1AB00-0AB0"},"content":{"rendered":"<p>D\u0117l kainos kreipkit\u0117s vytautas.jencius@elicsgroup.com ir pateiksime Jums geriausi\u0105 kainos pasi\u016blym\u0105.<\/p>\n","protected":false},"excerpt":{"rendered":"<p>D\u0117l kainos kreipkit\u0117s vytautas.jencius@elicsgroup.com ir pateiksime Jums geriausi\u0105 kainos pasi\u016blym\u0105.<\/p>\n","protected":false},"featured_media":1388,"menu_order":133,"comment_status":"closed","ping_status":"closed","template":"","meta":{"_acf_changed":false},"product_brand":[],"product_cat":[58],"product_tag":[],"class_list":{"0":"post-1409","1":"product","2":"type-product","3":"status-publish","4":"has-post-thumbnail","6":"product_cat-s-1500","8":"first","9":"onbackorder","10":"shipping-taxable","11":"product-type-simple"},"acf":[],"_links":{"self":[{"href":"https:\/\/elicsgroup.com\/en\/wp-json\/wp\/v2\/product\/1409","targetHints":{"allow":["GET"]}}],"collection":[{"href":"https:\/\/elicsgroup.com\/en\/wp-json\/wp\/v2\/product"}],"about":[{"href":"https:\/\/elicsgroup.com\/en\/wp-json\/wp\/v2\/types\/product"}],"replies":[{"embeddable":true,"href":"https:\/\/elicsgroup.com\/en\/wp-json\/wp\/v2\/comments?post=1409"}],"wp:featuredmedia":[{"embeddable":true,"href":"https:\/\/elicsgroup.com\/en\/wp-json\/wp\/v2\/media\/1388"}],"wp:attachment":[{"href":"https:\/\/elicsgroup.com\/en\/wp-json\/wp\/v2\/media?parent=1409"}],"wp:term":[{"taxonomy":"product_brand","embeddable":true,"href":"https:\/\/elicsgroup.com\/en\/wp-json\/wp\/v2\/product_brand?post=1409"},{"taxonomy":"product_cat","embeddable":true,"href":"https:\/\/elicsgroup.com\/en\/wp-json\/wp\/v2\/product_cat?post=1409"},{"taxonomy":"product_tag","embeddable":true,"href":"https:\/\/elicsgroup.com\/en\/wp-json\/wp\/v2\/product_tag?post=1409"}],"curies":[{"name":"wp","href":"https:\/\/api.w.org\/{rel}","templated":true}]}}